{"id":14696,"date":"2026-02-16T10:48:22","date_gmt":"2026-02-16T08:48:22","guid":{"rendered":"https:\/\/geliai.lt\/?post_type=product&#038;p=14696"},"modified":"2026-02-23T18:37:11","modified_gmt":"2026-02-23T16:37:11","slug":"koksnes-kolekcija-2","status":"publish","type":"product","link":"https:\/\/geliai.lt\/lv\/parduotuve\/kolekcijos\/wood-kolekcija\/","title":{"rendered":"WOOD kolekcija"},"content":{"rendered":"","protected":false},"excerpt":{"rendered":"<p data-path-to-node=\"5\"><b data-path-to-node=\"5\" data-index-in-node=\"0\">WOOD kolekcija<\/b><\/p>\n<p data-path-to-node=\"6\">\u0160\u012b s\u0113rija ir iedvesmota no dabas to\u0146iem un dabisk\u0101s est\u0113tikas, un t\u0101 ir rad\u012bta, lai rad\u012btu smalku un stil\u012bgu manik\u012bru. Katram WOOD kolekcijas produktam rakstur\u012bga \u0101rk\u0101rt\u012bgi bag\u0101t\u012bga pigment\u0101cija un vienm\u0113r\u012bgs p\u0101rkl\u0101jums, nodro\u0161inot ilgsto\u0161u un profesion\u0101lu rezult\u0101tu. Ieg\u0101d\u0101joties visu kolekciju kop\u0101, j\u016bs ietaup\u0101t 10% un papildiniet savu darba vietu ar mier\u012bgiem, zemes to\u0146iem, kas saglab\u0101 popularit\u0101ti visos gadalaikos. Monarx kvalit\u0101te garant\u0113 \u0101tru darbu un nevainojamu izskatu.<\/p>","protected":false},"featured_media":14697,"comment_status":"open","ping_status":"closed","template":"","meta":[],"product_brand":[290],"product_cat":[593,580],"product_tag":[],"class_list":{"0":"post-14696","1":"product","2":"type-product","3":"status-publish","4":"has-post-thumbnail","6":"product_brand-monarx-nails","7":"product_cat-kolekcijos","8":"product_cat-nagu-prieziura","10":"first","11":"instock","12":"sale","13":"featured","14":"shipping-taxable","15":"purchasable","16":"product-type-woosb"},"_links":{"self":[{"href":"https:\/\/geliai.lt\/lv\/wp-json\/wp\/v2\/product\/14696","targetHints":{"allow":["GET"]}}],"collection":[{"href":"https:\/\/geliai.lt\/lv\/wp-json\/wp\/v2\/product"}],"about":[{"href":"https:\/\/geliai.lt\/lv\/wp-json\/wp\/v2\/types\/product"}],"replies":[{"embeddable":true,"href":"https:\/\/geliai.lt\/lv\/wp-json\/wp\/v2\/comments?post=14696"}],"version-history":[{"count":1,"href":"https:\/\/geliai.lt\/lv\/wp-json\/wp\/v2\/product\/14696\/revisions"}],"predecessor-version":[{"id":14698,"href":"https:\/\/geliai.lt\/lv\/wp-json\/wp\/v2\/product\/14696\/revisions\/14698"}],"wp:featuredmedia":[{"embeddable":true,"href":"https:\/\/geliai.lt\/lv\/wp-json\/wp\/v2\/media\/14697"}],"wp:attachment":[{"href":"https:\/\/geliai.lt\/lv\/wp-json\/wp\/v2\/media?parent=14696"}],"wp:term":[{"taxonomy":"product_brand","embeddable":true,"href":"https:\/\/geliai.lt\/lv\/wp-json\/wp\/v2\/product_brand?post=14696"},{"taxonomy":"product_cat","embeddable":true,"href":"https:\/\/geliai.lt\/lv\/wp-json\/wp\/v2\/product_cat?post=14696"},{"taxonomy":"product_tag","embeddable":true,"href":"https:\/\/geliai.lt\/lv\/wp-json\/wp\/v2\/product_tag?post=14696"}],"curies":[{"name":"wp","href":"https:\/\/api.w.org\/{rel}","templated":true}]}}