{"id":14682,"date":"2026-02-16T09:56:02","date_gmt":"2026-02-16T07:56:02","guid":{"rendered":"https:\/\/geliai.lt\/?post_type=product&#038;p=14682"},"modified":"2026-02-23T18:38:05","modified_gmt":"2026-02-23T16:38:05","slug":"modes-kolekcija-2","status":"publish","type":"product","link":"https:\/\/geliai.lt\/lv\/parduotuve\/kolekcijos\/vogue-kolekcija\/","title":{"rendered":"VOGUE kolekcija"},"content":{"rendered":"","protected":false},"excerpt":{"rendered":"<p data-path-to-node=\"5\"><b data-path-to-node=\"5\" data-index-in-node=\"0\">VOGUE kolekcija<\/b><\/p>\n<p data-path-to-node=\"6\">\u0160\u012b ir produktu s\u0113rija, kas izstaro grezn\u012bbu un eleganci, rad\u012bta augst\u0101k\u0101s klases manik\u012bra meistariem. Katram VOGUE kolekcijas produktam rakstur\u012bgs \u0101rk\u0101rt\u012bgi viegls p\u0101rkl\u0101jums un nevainojama iztur\u012bba, \u013caujot sasniegt stil\u012bgu un modernu rezult\u0101tu. Ieg\u0101d\u0101joties visu kolekciju uzreiz, j\u016bs ietaup\u0101t 10% un papildiniet savu darba vietu ar vienotu un profesion\u0101lu to\u0146u kl\u0101stu. Monarx kvalit\u0101te nodro\u0161ina, ka katrs darbs tiek paveikts \u0101tri un kvalitat\u012bvi.<\/p>","protected":false},"featured_media":14685,"comment_status":"open","ping_status":"closed","template":"","meta":[],"product_brand":[290],"product_cat":[593,580],"product_tag":[],"class_list":{"0":"post-14682","1":"product","2":"type-product","3":"status-publish","4":"has-post-thumbnail","6":"product_brand-monarx-nails","7":"product_cat-kolekcijos","8":"product_cat-nagu-prieziura","10":"first","11":"instock","12":"sale","13":"featured","14":"shipping-taxable","15":"purchasable","16":"product-type-woosb"},"_links":{"self":[{"href":"https:\/\/geliai.lt\/lv\/wp-json\/wp\/v2\/product\/14682","targetHints":{"allow":["GET"]}}],"collection":[{"href":"https:\/\/geliai.lt\/lv\/wp-json\/wp\/v2\/product"}],"about":[{"href":"https:\/\/geliai.lt\/lv\/wp-json\/wp\/v2\/types\/product"}],"replies":[{"embeddable":true,"href":"https:\/\/geliai.lt\/lv\/wp-json\/wp\/v2\/comments?post=14682"}],"version-history":[{"count":1,"href":"https:\/\/geliai.lt\/lv\/wp-json\/wp\/v2\/product\/14682\/revisions"}],"predecessor-version":[{"id":14684,"href":"https:\/\/geliai.lt\/lv\/wp-json\/wp\/v2\/product\/14682\/revisions\/14684"}],"wp:featuredmedia":[{"embeddable":true,"href":"https:\/\/geliai.lt\/lv\/wp-json\/wp\/v2\/media\/14685"}],"wp:attachment":[{"href":"https:\/\/geliai.lt\/lv\/wp-json\/wp\/v2\/media?parent=14682"}],"wp:term":[{"taxonomy":"product_brand","embeddable":true,"href":"https:\/\/geliai.lt\/lv\/wp-json\/wp\/v2\/product_brand?post=14682"},{"taxonomy":"product_cat","embeddable":true,"href":"https:\/\/geliai.lt\/lv\/wp-json\/wp\/v2\/product_cat?post=14682"},{"taxonomy":"product_tag","embeddable":true,"href":"https:\/\/geliai.lt\/lv\/wp-json\/wp\/v2\/product_tag?post=14682"}],"curies":[{"name":"wp","href":"https:\/\/api.w.org\/{rel}","templated":true}]}}