{"id":14674,"date":"2026-02-15T20:00:29","date_gmt":"2026-02-15T18:00:29","guid":{"rendered":"https:\/\/geliai.lt\/?post_type=product&#038;p=14674"},"modified":"2026-02-23T18:40:37","modified_gmt":"2026-02-23T16:40:37","slug":"atstarojosu-kaku-kolekcija","status":"publish","type":"product","link":"https:\/\/geliai.lt\/lv\/parduotuve\/kolekcijos\/reflective-cat-kolekcija\/","title":{"rendered":"REFLECTIVE CAT kolekcija"},"content":{"rendered":"","protected":false},"excerpt":{"rendered":"<h3 data-path-to-node=\"2\">REFLECTIVE CAT kolekcija<\/h3>\n<p data-path-to-node=\"3\">REFLECTIVE CAT ir profesion\u0101la atstarojo\u0161o laku kolekcija, kas rad\u012bta iespaid\u012bgiem manik\u012bra rezult\u0101tiem. \u0160\u012b g\u0113la laku palete pie\u0161\u0137ir j\u016bsu nagiem intens\u012bvu sp\u012bdumu, kas krasi main\u0101s atkar\u012bb\u0101 no apgaismojuma. Ieg\u0101d\u0101joties visu komplektu tagad, j\u016bs ietaup\u0101t 10% un nodro\u0161in\u0101t visu popul\u0101ro to\u0146u kl\u0101stu savai studijai. Monarx kvalit\u0101te garant\u0113 vienk\u0101r\u0161u uzkl\u0101\u0161anu, bag\u0101t\u012bgu pigment\u0101ciju un ilgsto\u0161u notur\u012bbu profesion\u0101lam darbam.<\/p>","protected":false},"featured_media":14687,"comment_status":"open","ping_status":"closed","template":"","meta":[],"product_brand":[290],"product_cat":[593,580],"product_tag":[],"class_list":{"0":"post-14674","1":"product","2":"type-product","3":"status-publish","4":"has-post-thumbnail","6":"product_brand-monarx-nails","7":"product_cat-kolekcijos","8":"product_cat-nagu-prieziura","10":"first","11":"instock","12":"sale","13":"featured","14":"shipping-taxable","15":"purchasable","16":"product-type-woosb"},"_links":{"self":[{"href":"https:\/\/geliai.lt\/lv\/wp-json\/wp\/v2\/product\/14674","targetHints":{"allow":["GET"]}}],"collection":[{"href":"https:\/\/geliai.lt\/lv\/wp-json\/wp\/v2\/product"}],"about":[{"href":"https:\/\/geliai.lt\/lv\/wp-json\/wp\/v2\/types\/product"}],"replies":[{"embeddable":true,"href":"https:\/\/geliai.lt\/lv\/wp-json\/wp\/v2\/comments?post=14674"}],"version-history":[{"count":1,"href":"https:\/\/geliai.lt\/lv\/wp-json\/wp\/v2\/product\/14674\/revisions"}],"predecessor-version":[{"id":14676,"href":"https:\/\/geliai.lt\/lv\/wp-json\/wp\/v2\/product\/14674\/revisions\/14676"}],"wp:featuredmedia":[{"embeddable":true,"href":"https:\/\/geliai.lt\/lv\/wp-json\/wp\/v2\/media\/14687"}],"wp:attachment":[{"href":"https:\/\/geliai.lt\/lv\/wp-json\/wp\/v2\/media?parent=14674"}],"wp:term":[{"taxonomy":"product_brand","embeddable":true,"href":"https:\/\/geliai.lt\/lv\/wp-json\/wp\/v2\/product_brand?post=14674"},{"taxonomy":"product_cat","embeddable":true,"href":"https:\/\/geliai.lt\/lv\/wp-json\/wp\/v2\/product_cat?post=14674"},{"taxonomy":"product_tag","embeddable":true,"href":"https:\/\/geliai.lt\/lv\/wp-json\/wp\/v2\/product_tag?post=14674"}],"curies":[{"name":"wp","href":"https:\/\/api.w.org\/{rel}","templated":true}]}}