{"id":12990,"date":"2026-01-22T21:30:53","date_gmt":"2026-01-22T19:30:53","guid":{"rendered":"https:\/\/geliai.lt\/?post_type=product&#038;p=12990"},"modified":"2026-02-23T18:42:17","modified_gmt":"2026-02-23T16:42:17","slug":"virskartas-krasa-4","status":"publish","type":"product","link":"https:\/\/geliai.lt\/lv\/parduotuve\/bazes-ir-topai\/virsutinis-sluoksnis-spalva-4\/","title":{"rendered":"Virsk\u0101rta \u2013 KR\u0100SA 4"},"content":{"rendered":"<ul>\n<li>\n<p data-path-to-node=\"1,0,0\"><b data-path-to-node=\"1,0,0\" data-index-in-node=\"0\">Maksim\u0101la dro\u0161\u012bba<\/b> \u2013 dro\u0161\u0101 formula \u201eHema-Free\u201c bez kait\u012bgiem monom\u0113riem samazina aler\u0123isku reakciju iesp\u0113jam\u012bbu un nodro\u0161ina \u0113rtu darbu.<\/p>\n<\/li>\n<li>\n<p data-path-to-node=\"1,1,0\"><b data-path-to-node=\"1,1,0\" data-index-in-node=\"0\">Izcila pigment\u0101cija<\/b> \u2013 virsk\u0101rtai ir pies\u0101tin\u0101ta kr\u0101sa un ide\u0101la elast\u012bbas un iztur\u012bbas kombin\u0101cija, kas pie\u0161\u0137ir j\u016bsu nagiem nevainojamu izskatu.<\/p>\n<\/li>\n<li>\n<p data-path-to-node=\"1,2,0\"><b data-path-to-node=\"1,2,0\" data-index-in-node=\"0\">\u0100trs un efekt\u012bvs darbs<\/b> \u2013 produktam nav dispersijas (lip\u012bga) sl\u0101\u0146a, t\u0101p\u0113c tam nav nepiecie\u0161ama papildu t\u012br\u012b\u0161ana un tas pa\u0101trina manik\u012bra procesu.<\/p>\n<\/li>\n<\/ul>","protected":false},"excerpt":{"rendered":"<h3>Virsk\u0101rta \u2013 KR\u0100SA 4<\/h3>\n<p data-path-to-node=\"2\">Vai jums pat\u012bk kopti un eleganti nagi bez uzkr\u012bto\u0161\u0101m deta\u013c\u0101m vai kr\u0101sainiem akcentiem? Vai izv\u0113laties vienk\u0101r\u0161\u012bbu un lieti\u0161\u0137u t\u0113lu, kas ir piem\u0113rots jebkur\u0101 situ\u0101cij\u0101? Iepaz\u012bstin\u0101m ar kr\u0101saino virsk\u0101rtu kolekciju bez lip\u012bg\u0101 sl\u0101\u0146a, kas rad\u012bta tie\u0161i \u0161\u0101d\u0101m v\u0113lm\u0113m. \u0160\u012bs virsk\u0101rtas ir \u012bpa\u0161i ieteicamas baby boomer, fran\u010du manik\u012bra un k\u0101zu stila dizainiem, kuriem nepiecie\u0161ams smalks un est\u0113tisks nobeigums.<\/p>\n<p data-path-to-node=\"3\">Jaunaj\u0101 kolekcij\u0101 atrad\u012bsiet ton\u0113jo\u0161as virsk\u0101rtas ar aptuveni 20% segumu, kas izce\u013c nagu dabisko skaistumu un pie\u0161\u0137ir manik\u012bram nevainojamu eleganci. Esam p\u0101rliecin\u0101ti, ka vienk\u0101r\u0161\u012bb\u0101 sl\u0113pjas liel\u0101kais sp\u0113ks. Izv\u0113lieties smalku toni, kas lieliski noder\u0113s k\u0101 pamats vienk\u0101r\u0161iem dizaina elementiem vai pal\u012bdz\u0113s m\u012bkstin\u0101t \u013coti ko\u0161as kr\u0101sas. J\u016bs varat izv\u0113l\u0113ties k\u0101du no 8 da\u017e\u0101diem to\u0146iem, kas pie\u0161\u0137irs j\u016bsu manik\u012bram greznu kr\u0113m\u012bgu izskatu.<\/p>","protected":false},"featured_media":14806,"comment_status":"open","ping_status":"closed","template":"","meta":[],"product_brand":[290],"product_cat":[179,580,350],"product_tag":[],"class_list":{"0":"post-12990","1":"product","2":"type-product","3":"status-publish","4":"has-post-thumbnail","6":"product_brand-monarx-nails","7":"product_cat-bazes-ir-topai","8":"product_cat-nagu-prieziura","9":"product_cat-spalvoti-topai","11":"first","12":"instock","13":"shipping-taxable","14":"purchasable","15":"product-type-simple"},"_links":{"self":[{"href":"https:\/\/geliai.lt\/lv\/wp-json\/wp\/v2\/product\/12990","targetHints":{"allow":["GET"]}}],"collection":[{"href":"https:\/\/geliai.lt\/lv\/wp-json\/wp\/v2\/product"}],"about":[{"href":"https:\/\/geliai.lt\/lv\/wp-json\/wp\/v2\/types\/product"}],"replies":[{"embeddable":true,"href":"https:\/\/geliai.lt\/lv\/wp-json\/wp\/v2\/comments?post=12990"}],"version-history":[{"count":3,"href":"https:\/\/geliai.lt\/lv\/wp-json\/wp\/v2\/product\/12990\/revisions"}],"predecessor-version":[{"id":14808,"href":"https:\/\/geliai.lt\/lv\/wp-json\/wp\/v2\/product\/12990\/revisions\/14808"}],"wp:featuredmedia":[{"embeddable":true,"href":"https:\/\/geliai.lt\/lv\/wp-json\/wp\/v2\/media\/14806"}],"wp:attachment":[{"href":"https:\/\/geliai.lt\/lv\/wp-json\/wp\/v2\/media?parent=12990"}],"wp:term":[{"taxonomy":"product_brand","embeddable":true,"href":"https:\/\/geliai.lt\/lv\/wp-json\/wp\/v2\/product_brand?post=12990"},{"taxonomy":"product_cat","embeddable":true,"href":"https:\/\/geliai.lt\/lv\/wp-json\/wp\/v2\/product_cat?post=12990"},{"taxonomy":"product_tag","embeddable":true,"href":"https:\/\/geliai.lt\/lv\/wp-json\/wp\/v2\/product_tag?post=12990"}],"curies":[{"name":"wp","href":"https:\/\/api.w.org\/{rel}","templated":true}]}}