{"id":12949,"date":"2026-01-22T18:35:19","date_gmt":"2026-01-22T16:35:19","guid":{"rendered":"https:\/\/geliai.lt\/?post_type=product&#038;p=12949"},"modified":"2026-02-23T18:43:56","modified_gmt":"2026-02-23T16:43:56","slug":"spiduma-zeleja-5","status":"publish","type":"product","link":"https:\/\/geliai.lt\/lv\/parduotuve\/gelio-sistema\/shine-gel-5\/","title":{"rendered":"Shine Gel 5 \u2013 g\u0113ls nagu pieaudz\u0113\u0161anai"},"content":{"rendered":"<ul>\n<li>\n<p data-path-to-node=\"1,0,0\"><b data-path-to-node=\"1,0,0\" data-index-in-node=\"0\">Maksim\u0101la dro\u0161\u012bba<\/b> \u2013 dro\u0161a formula bez hema un TPO, bez kait\u012bgiem monom\u0113riem, nodro\u0161ina dro\u0161u lieto\u0161anu un samazina aler\u0123isku reakciju iesp\u0113jam\u012bbu.<\/p>\n<\/li>\n<li>\n<p data-path-to-node=\"1,1,0\"><b data-path-to-node=\"1,1,0\" data-index-in-node=\"0\">\u0100trs un grezns efekts<\/b> \u2013 \u0161im mirdzo\u0161ajam nagu \u017eelejam nav nepiecie\u0161ams papildu kr\u0101sas sl\u0101nis, un \u012bpa\u0161as da\u013ci\u0146as acumirkl\u012b rada greznu, dimantam l\u012bdz\u012bgu mirdzumu.<\/p>\n<\/li>\n<li>\n<p data-path-to-node=\"1,2,0\"><b data-path-to-node=\"1,2,0\" data-index-in-node=\"0\">Ide\u0101la kontrole<\/b> \u2013 vid\u0113ji bieza, pa\u0161izl\u012bdzino\u0161a tekst\u016bra nodro\u0161ina perfektu p\u0101rkl\u0101jumu un \u013cauj amatniekam str\u0101d\u0101t ar \u0101rk\u0101rt\u012bgu precizit\u0101ti un efektivit\u0101ti.<\/p>\n<\/li>\n<\/ul>","protected":false},"excerpt":{"rendered":"<h3>Nagu g\u0113la laka ar mirdzumu Shine Gel 5 \u2013 mirdzo\u0161s jaunums j\u016bsu salonam!<\/h3>\n<p>\u0160\u012b nagu g\u0113la laka ar mirdzumu ir \u012bsts atkl\u0101jums meistariem, kuri v\u0113las sasniegt iespaid\u012bgu rezult\u0101tu \u0101tr\u0101k. Darbs ar mirdzo\u0161iem g\u0113liem \u013cauj iev\u0113rojami sa\u012bsin\u0101t proced\u016bras laiku, jo vien\u0101 sol\u012b j\u016bs izveidojat nagu formu un pie\u0161\u0137irat tam elpu aizraujo\u0161u efektu.<\/p>\n<p>Iedom\u0101jieties savu klientu prieku, kad vi\u0146u nagi spo\u017ei mirdz, apsp\u012bd\u0113ti gaism\u0101! Tas ir lielisks veids, k\u0101 pied\u0101v\u0101t unik\u0101lu manik\u012bru, kas acumirkl\u012b piesaista uzman\u012bbu. Shine Gel 5 mirdzo\u0161ajam nagu g\u0113lam ir vid\u0113ja biezuma k\u0101rti\u0146a, t\u0101p\u0113c ar to ir \u0101rk\u0101rt\u012bgi viegli str\u0101d\u0101t.<\/p>","protected":false},"featured_media":14830,"comment_status":"open","ping_status":"closed","template":"","meta":[],"product_brand":[290],"product_cat":[180,580,351],"product_tag":[],"class_list":{"0":"post-12949","1":"product","2":"type-product","3":"status-publish","4":"has-post-thumbnail","6":"product_brand-monarx-nails","7":"product_cat-gelio-sistema","8":"product_cat-nagu-prieziura","9":"product_cat-shine-geliai","11":"first","12":"instock","13":"shipping-taxable","14":"purchasable","15":"product-type-simple"},"_links":{"self":[{"href":"https:\/\/geliai.lt\/lv\/wp-json\/wp\/v2\/product\/12949","targetHints":{"allow":["GET"]}}],"collection":[{"href":"https:\/\/geliai.lt\/lv\/wp-json\/wp\/v2\/product"}],"about":[{"href":"https:\/\/geliai.lt\/lv\/wp-json\/wp\/v2\/types\/product"}],"replies":[{"embeddable":true,"href":"https:\/\/geliai.lt\/lv\/wp-json\/wp\/v2\/comments?post=12949"}],"version-history":[{"count":5,"href":"https:\/\/geliai.lt\/lv\/wp-json\/wp\/v2\/product\/12949\/revisions"}],"predecessor-version":[{"id":14829,"href":"https:\/\/geliai.lt\/lv\/wp-json\/wp\/v2\/product\/12949\/revisions\/14829"}],"wp:featuredmedia":[{"embeddable":true,"href":"https:\/\/geliai.lt\/lv\/wp-json\/wp\/v2\/media\/14830"}],"wp:attachment":[{"href":"https:\/\/geliai.lt\/lv\/wp-json\/wp\/v2\/media?parent=12949"}],"wp:term":[{"taxonomy":"product_brand","embeddable":true,"href":"https:\/\/geliai.lt\/lv\/wp-json\/wp\/v2\/product_brand?post=12949"},{"taxonomy":"product_cat","embeddable":true,"href":"https:\/\/geliai.lt\/lv\/wp-json\/wp\/v2\/product_cat?post=12949"},{"taxonomy":"product_tag","embeddable":true,"href":"https:\/\/geliai.lt\/lv\/wp-json\/wp\/v2\/product_tag?post=12949"}],"curies":[{"name":"wp","href":"https:\/\/api.w.org\/{rel}","templated":true}]}}