{"id":12743,"date":"2025-11-24T16:32:46","date_gmt":"2025-11-24T14:32:46","guid":{"rendered":"https:\/\/geliai.lt\/?post_type=product&#038;p=12743"},"modified":"2026-02-28T15:14:07","modified_gmt":"2026-02-28T13:14:07","slug":"vogue-024-gelinis-nagu-lakas","status":"publish","type":"product","link":"https:\/\/geliai.lt\/lv\/parduotuve\/geliniai-lakai\/vogue-024-gelinis-nagu-lakas\/","title":{"rendered":"VOGUE 024 \u2013 G\u0113la nagu laka"},"content":{"rendered":"<ul>\n<li>\n<p data-path-to-node=\"1,0,0\"><b data-path-to-node=\"1,0,0\" data-index-in-node=\"0\">Maksim\u0101la dro\u0161\u012bba<\/b> \u2013 Formula bez hema un TPO, kas nesatur kait\u012bgus monom\u0113rus, nodro\u0161ina dro\u0161u darbu un samazina aler\u0123isku reakciju iesp\u0113jam\u012bbu.<\/p>\n<\/li>\n<li>\n<p data-path-to-node=\"1,1,0\"><b data-path-to-node=\"1,1,0\" data-index-in-node=\"0\">Augsta pigment\u0101cija<\/b> \u2013 pla\u0161aj\u0101 kr\u0101su gamm\u0101 ir pies\u0101tin\u0101ti to\u0146i, kas vienm\u0113r\u012bgi p\u0101rkl\u0101j nagu un \u013cauj sasniegt profesion\u0101lu rezult\u0101tu tikai vien\u0101 k\u0101rt\u0101.<\/p>\n<\/li>\n<li>\n<p data-path-to-node=\"1,2,0\"><b data-path-to-node=\"1,2,0\" data-index-in-node=\"0\">Ilgtermi\u0146a efekts<\/b> \u2013 inovat\u012bv\u0101 formula nodro\u0161ina nevainojamu manik\u012bra notur\u012bbu, iztur\u012bbu pret atsper\u0113m un \u013cauj ilgsto\u0161i baud\u012bt perfektu stilu.<\/p>\n<\/li>\n<\/ul>","protected":false},"excerpt":{"rendered":"<p data-start=\"108\" data-end=\"304\">M\u012b\u013c\u0101s modes entuzias tes!<br data-start=\"133\" data-end=\"136\" \/>Pied\u0101v\u0101jam jums jaun\u0101ko hibr\u012bdlaku kolekciju, rad\u012btu m\u016bsdien\u012bg\u0101m sieviet\u0113m, kuras vienm\u0113r v\u0113las sekot jaun\u0101kaj\u0101m skaistuma un modes tendenc\u0113m!<\/p>\n<p data-start=\"306\" data-end=\"423\">VOGUE kolekcija \u2013 t\u0101 ir elegances, iztur\u012bbas un intens\u012bvu kr\u0101su kombin\u0101cija, kas izce\u013c j\u016bsu individu\u0101lo stilu.<\/p>","protected":false},"featured_media":14842,"comment_status":"open","ping_status":"closed","template":"","meta":[],"product_brand":[290],"product_cat":[178,580,348],"product_tag":[],"class_list":{"0":"post-12743","1":"product","2":"type-product","3":"status-publish","4":"has-post-thumbnail","6":"product_brand-monarx-nails","7":"product_cat-geliniai-lakai","8":"product_cat-nagu-prieziura","9":"product_cat-vogue-collection","11":"first","12":"instock","13":"shipping-taxable","14":"purchasable","15":"product-type-simple"},"_links":{"self":[{"href":"https:\/\/geliai.lt\/lv\/wp-json\/wp\/v2\/product\/12743","targetHints":{"allow":["GET"]}}],"collection":[{"href":"https:\/\/geliai.lt\/lv\/wp-json\/wp\/v2\/product"}],"about":[{"href":"https:\/\/geliai.lt\/lv\/wp-json\/wp\/v2\/types\/product"}],"replies":[{"embeddable":true,"href":"https:\/\/geliai.lt\/lv\/wp-json\/wp\/v2\/comments?post=12743"}],"version-history":[{"count":3,"href":"https:\/\/geliai.lt\/lv\/wp-json\/wp\/v2\/product\/12743\/revisions"}],"predecessor-version":[{"id":14843,"href":"https:\/\/geliai.lt\/lv\/wp-json\/wp\/v2\/product\/12743\/revisions\/14843"}],"wp:featuredmedia":[{"embeddable":true,"href":"https:\/\/geliai.lt\/lv\/wp-json\/wp\/v2\/media\/14842"}],"wp:attachment":[{"href":"https:\/\/geliai.lt\/lv\/wp-json\/wp\/v2\/media?parent=12743"}],"wp:term":[{"taxonomy":"product_brand","embeddable":true,"href":"https:\/\/geliai.lt\/lv\/wp-json\/wp\/v2\/product_brand?post=12743"},{"taxonomy":"product_cat","embeddable":true,"href":"https:\/\/geliai.lt\/lv\/wp-json\/wp\/v2\/product_cat?post=12743"},{"taxonomy":"product_tag","embeddable":true,"href":"https:\/\/geliai.lt\/lv\/wp-json\/wp\/v2\/product_tag?post=12743"}],"curies":[{"name":"wp","href":"https:\/\/api.w.org\/{rel}","templated":true}]}}