{"id":12715,"date":"2025-11-24T15:35:02","date_gmt":"2025-11-24T13:35:02","guid":{"rendered":"https:\/\/geliai.lt\/?post_type=product&#038;p=12715"},"modified":"2026-02-26T18:08:22","modified_gmt":"2026-02-26T16:08:22","slug":"pantone-017-gela-nagu-laka","status":"publish","type":"product","link":"https:\/\/geliai.lt\/lv\/parduotuve\/geliniai-lakai\/pantone-017-gelinis-nagu-lakas\/","title":{"rendered":"PANTONE 017 \u2013 G\u0113la nagu laka"},"content":{"rendered":"<ul>\n<li>\n<p data-path-to-node=\"1,0,0\"><b data-path-to-node=\"1,0,0\" data-index-in-node=\"0\">Maksim\u0101la dro\u0161\u012bba<\/b> \u2013 dro\u0161a formula bez hema un TPO, bez kait\u012bgiem monom\u0113riem, nodro\u0161ina dro\u0161u darbu un samazina aler\u0123isku reakciju iesp\u0113jam\u012bbu.<\/p>\n<\/li>\n<li>\n<p data-path-to-node=\"1,1,0\"><b data-path-to-node=\"1,1,0\" data-index-in-node=\"0\">Izcila pies\u0101tin\u0101juma<\/b> \u2013 Pantone kolekcijas tonim ir izcils spilgtums un dzi\u013cums, tas vienm\u0113r\u012bgi p\u0101rkl\u0101j nagu un saglab\u0101 s\u0101kotn\u0113jo kr\u0101sas intensit\u0101ti un sp\u012bdumu.<\/p>\n<\/li>\n<li>\n<p data-path-to-node=\"1,2,0\"><b data-path-to-node=\"1,2,0\" data-index-in-node=\"0\">Rado\u0161a daudzpus\u012bba<\/b> \u2013 Monarx formula ir ide\u0101li piem\u0113rota ne tikai piln\u012bgai p\u0101rkl\u0101juma nodro\u0161in\u0101\u0161anai, bet ar\u012b ombre efektiem vai dekor\u0101cij\u0101m, nodro\u0161inot ilgsto\u0161u notur\u012bbu bez matu atsper\u0113\u0161an\u0101s.<\/p>\n<\/li>\n<\/ul>","protected":false},"excerpt":{"rendered":"<p>Hibr\u012bdlaka LYONS BLUE 017 p\u0113c popul\u0101rajiem Pantone 2025\/2026 to\u0146iem \u2013 lieliska izv\u0113le t\u0101m, kuras v\u0113las izcelties ar savu manik\u012bru. \u0160ie kr\u0101su to\u0146i veidoti p\u0113c jaun\u0101kaj\u0101m modes tendenc\u0113m un pie\u0161\u0137ir nagiem \u012bpa\u0161u \u0161armu.<\/p>","protected":false},"featured_media":14860,"comment_status":"open","ping_status":"closed","template":"","meta":[],"product_brand":[290],"product_cat":[178,580,349],"product_tag":[],"class_list":{"0":"post-12715","1":"product","2":"type-product","3":"status-publish","4":"has-post-thumbnail","6":"product_brand-monarx-nails","7":"product_cat-geliniai-lakai","8":"product_cat-nagu-prieziura","9":"product_cat-pantone-collection","11":"first","12":"instock","13":"shipping-taxable","14":"purchasable","15":"product-type-simple"},"_links":{"self":[{"href":"https:\/\/geliai.lt\/lv\/wp-json\/wp\/v2\/product\/12715","targetHints":{"allow":["GET"]}}],"collection":[{"href":"https:\/\/geliai.lt\/lv\/wp-json\/wp\/v2\/product"}],"about":[{"href":"https:\/\/geliai.lt\/lv\/wp-json\/wp\/v2\/types\/product"}],"replies":[{"embeddable":true,"href":"https:\/\/geliai.lt\/lv\/wp-json\/wp\/v2\/comments?post=12715"}],"version-history":[{"count":3,"href":"https:\/\/geliai.lt\/lv\/wp-json\/wp\/v2\/product\/12715\/revisions"}],"predecessor-version":[{"id":14862,"href":"https:\/\/geliai.lt\/lv\/wp-json\/wp\/v2\/product\/12715\/revisions\/14862"}],"wp:featuredmedia":[{"embeddable":true,"href":"https:\/\/geliai.lt\/lv\/wp-json\/wp\/v2\/media\/14860"}],"wp:attachment":[{"href":"https:\/\/geliai.lt\/lv\/wp-json\/wp\/v2\/media?parent=12715"}],"wp:term":[{"taxonomy":"product_brand","embeddable":true,"href":"https:\/\/geliai.lt\/lv\/wp-json\/wp\/v2\/product_brand?post=12715"},{"taxonomy":"product_cat","embeddable":true,"href":"https:\/\/geliai.lt\/lv\/wp-json\/wp\/v2\/product_cat?post=12715"},{"taxonomy":"product_tag","embeddable":true,"href":"https:\/\/geliai.lt\/lv\/wp-json\/wp\/v2\/product_tag?post=12715"}],"curies":[{"name":"wp","href":"https:\/\/api.w.org\/{rel}","templated":true}]}}