{"id":12671,"date":"2025-11-19T18:12:32","date_gmt":"2025-11-19T16:12:32","guid":{"rendered":"https:\/\/geliai.lt\/?post_type=product&#038;p=12671"},"modified":"2026-03-19T12:23:55","modified_gmt":"2026-03-19T10:23:55","slug":"koks-6","status":"publish","type":"product","link":"https:\/\/geliai.lt\/lv\/parduotuve\/geliniai-lakai\/wood-6\/","title":{"rendered":"WOOD 6 \u2013 G\u0113la nagu laka"},"content":{"rendered":"<ul>\n<li>\n<p data-path-to-node=\"1,0,0\"><b data-path-to-node=\"1,0,0\" data-index-in-node=\"0\">Maksim\u0101la dro\u0161\u012bba<\/b> \u2013 dro\u0161a formula bez hema un TPO, bez kait\u012bgiem monom\u0113riem, nodro\u0161ina dro\u0161u darbu un samazina aler\u0123isku reakciju iesp\u0113jam\u012bbu.<\/p>\n<\/li>\n<li>\n<p data-path-to-node=\"1,1,0\"><b data-path-to-node=\"1,1,0\" data-index-in-node=\"0\">Smalka elegance<\/b> \u2013 dabiskie zemes, kafijas un \u0161okol\u0101des to\u0146i pie\u0161\u0137ir manik\u012bram modernas grezn\u012bbas saj\u016btu un ir ide\u0101li piem\u0113roti gan ikdienas izskatam, gan ombre dizainam.<\/p>\n<\/li>\n<li>\n<p data-path-to-node=\"1,2,0\"><b data-path-to-node=\"1,2,0\" data-index-in-node=\"0\">Profesion\u0101la iztur\u012bba<\/b> \u2013 \u012bpa\u0161\u0101 Monarx formula nodro\u0161ina izcilu iztur\u012bbu pret skr\u0101p\u0113jumiem un atsper\u0113m, garant\u0113jot nevainojamu kr\u0101su pies\u0101tin\u0101jumu ilgu laiku.<\/p>\n<\/li>\n<\/ul>","protected":false},"excerpt":{"rendered":"<h3 data-start=\"158\" data-end=\"223\"><strong data-start=\"162\" data-end=\"223\">Wood kolekcija \u2013 elegance un dabiskums vien\u0101<\/strong><\/h3>\n<p data-start=\"225\" data-end=\"453\">Br\u016bnu to\u0146u hibr\u012bdie lakas <em data-start=\"258\" data-end=\"266\">MonarX<\/em> No Wood kolekcijas \u2013 tas ir ide\u0101la izv\u0113le sieviet\u0113m, kuras nov\u0113rt\u0113 smalku skaistumu, siltumu un dabisku izskatu. Zemes to\u0146i rada izsmalcin\u0101tu, mier\u012bgu un vienlaikus izteiksm\u012bgu manik\u012bru.<\/p>","protected":false},"featured_media":14876,"comment_status":"open","ping_status":"closed","template":"","meta":[],"product_brand":[290],"product_cat":[178,580,347],"product_tag":[],"class_list":{"0":"post-12671","1":"product","2":"type-product","3":"status-publish","4":"has-post-thumbnail","6":"product_brand-monarx-nails","7":"product_cat-geliniai-lakai","8":"product_cat-nagu-prieziura","9":"product_cat-wood-collection","11":"first","12":"instock","13":"shipping-taxable","14":"purchasable","15":"product-type-simple"},"_links":{"self":[{"href":"https:\/\/geliai.lt\/lv\/wp-json\/wp\/v2\/product\/12671","targetHints":{"allow":["GET"]}}],"collection":[{"href":"https:\/\/geliai.lt\/lv\/wp-json\/wp\/v2\/product"}],"about":[{"href":"https:\/\/geliai.lt\/lv\/wp-json\/wp\/v2\/types\/product"}],"replies":[{"embeddable":true,"href":"https:\/\/geliai.lt\/lv\/wp-json\/wp\/v2\/comments?post=12671"}],"version-history":[{"count":3,"href":"https:\/\/geliai.lt\/lv\/wp-json\/wp\/v2\/product\/12671\/revisions"}],"predecessor-version":[{"id":14877,"href":"https:\/\/geliai.lt\/lv\/wp-json\/wp\/v2\/product\/12671\/revisions\/14877"}],"wp:featuredmedia":[{"embeddable":true,"href":"https:\/\/geliai.lt\/lv\/wp-json\/wp\/v2\/media\/14876"}],"wp:attachment":[{"href":"https:\/\/geliai.lt\/lv\/wp-json\/wp\/v2\/media?parent=12671"}],"wp:term":[{"taxonomy":"product_brand","embeddable":true,"href":"https:\/\/geliai.lt\/lv\/wp-json\/wp\/v2\/product_brand?post=12671"},{"taxonomy":"product_cat","embeddable":true,"href":"https:\/\/geliai.lt\/lv\/wp-json\/wp\/v2\/product_cat?post=12671"},{"taxonomy":"product_tag","embeddable":true,"href":"https:\/\/geliai.lt\/lv\/wp-json\/wp\/v2\/product_tag?post=12671"}],"curies":[{"name":"wp","href":"https:\/\/api.w.org\/{rel}","templated":true}]}}