{"id":12639,"date":"2025-11-19T14:14:32","date_gmt":"2025-11-19T12:14:32","guid":{"rendered":"https:\/\/geliai.lt\/?post_type=product&#038;p=12639"},"modified":"2026-04-01T10:18:14","modified_gmt":"2026-04-01T07:18:14","slug":"lady-in-red-008","status":"publish","type":"product","link":"https:\/\/geliai.lt\/lv\/parduotuve\/geliniai-lakai\/lady-in-red-008\/","title":{"rendered":"LADY IN RED 008 \u2013 G\u0113la nagu laka"},"content":{"rendered":"<ul>\n<li>\n<p data-path-to-node=\"2,0,0\"><b data-path-to-node=\"2,0,0\" data-index-in-node=\"0\">Maksim\u0101la dro\u0161\u012bba<\/b> \u2013 dro\u0161a formula bez hema un TPO, bez kait\u012bgiem monom\u0113riem, nodro\u0161ina dro\u0161u darbu un samazina aler\u0123isku reakciju iesp\u0113jam\u012bbu.<\/p>\n<\/li>\n<li>\n<p data-path-to-node=\"2,1,0\"><b data-path-to-node=\"2,1,0\" data-index-in-node=\"0\">Klasisk\u0101 est\u0113tika<\/b> \u2013 intens\u012bvi sarkanie to\u0146i ir \u013coti pigment\u0113ti, nodro\u0161inot vienm\u0113r\u012bgu p\u0101rkl\u0101jumu un kr\u0101sas dzi\u013cumu gan sp\u012bd\u012bgaj\u0101, gan mat\u0113taj\u0101 versij\u0101.<\/p>\n<\/li>\n<li>\n<p data-path-to-node=\"2,2,0\"><b data-path-to-node=\"2,2,0\" data-index-in-node=\"0\">Profesion\u0101la pretest\u012bba<\/b> \u2013 \u012bpa\u0161\u0101 Monarx formula garant\u0113 \u0113rtu uzkl\u0101\u0161anu un ilgtermi\u0146a stabilit\u0101ti bez skr\u0101p\u0113jumiem, nobr\u0101zumiem vai kr\u0101sas izmai\u0146\u0101m.<\/p>\n<\/li>\n<\/ul>","protected":false},"excerpt":{"rendered":"<h5>Lady in Red \u2013 elegance no pirm\u0101s uzkl\u0101\u0161anas<\/h5>\n<p>Sarkanais \u2013 t\u0101 ir kr\u0101sa, kas nekad neiziet no modes. Ja v\u0113lies izteiksm\u012bgu t\u0113lu, kas sniedz p\u0101rliec\u012bbu par sevi, sarkanais hibr\u012bdlaka ir vienk\u0101r\u0161i nepiecie\u0161am\u012bba tav\u0101 stila arsen\u0101l\u0101.<\/p>","protected":false},"featured_media":14903,"comment_status":"open","ping_status":"closed","template":"","meta":[],"product_brand":[290],"product_cat":[178,346,580],"product_tag":[],"class_list":{"0":"post-12639","1":"product","2":"type-product","3":"status-publish","4":"has-post-thumbnail","6":"product_brand-monarx-nails","7":"product_cat-geliniai-lakai","8":"product_cat-lady-in-red-collection","9":"product_cat-nagu-prieziura","11":"first","12":"instock","13":"shipping-taxable","14":"purchasable","15":"product-type-simple"},"_links":{"self":[{"href":"https:\/\/geliai.lt\/lv\/wp-json\/wp\/v2\/product\/12639","targetHints":{"allow":["GET"]}}],"collection":[{"href":"https:\/\/geliai.lt\/lv\/wp-json\/wp\/v2\/product"}],"about":[{"href":"https:\/\/geliai.lt\/lv\/wp-json\/wp\/v2\/types\/product"}],"replies":[{"embeddable":true,"href":"https:\/\/geliai.lt\/lv\/wp-json\/wp\/v2\/comments?post=12639"}],"version-history":[{"count":3,"href":"https:\/\/geliai.lt\/lv\/wp-json\/wp\/v2\/product\/12639\/revisions"}],"predecessor-version":[{"id":14905,"href":"https:\/\/geliai.lt\/lv\/wp-json\/wp\/v2\/product\/12639\/revisions\/14905"}],"wp:featuredmedia":[{"embeddable":true,"href":"https:\/\/geliai.lt\/lv\/wp-json\/wp\/v2\/media\/14903"}],"wp:attachment":[{"href":"https:\/\/geliai.lt\/lv\/wp-json\/wp\/v2\/media?parent=12639"}],"wp:term":[{"taxonomy":"product_brand","embeddable":true,"href":"https:\/\/geliai.lt\/lv\/wp-json\/wp\/v2\/product_brand?post=12639"},{"taxonomy":"product_cat","embeddable":true,"href":"https:\/\/geliai.lt\/lv\/wp-json\/wp\/v2\/product_cat?post=12639"},{"taxonomy":"product_tag","embeddable":true,"href":"https:\/\/geliai.lt\/lv\/wp-json\/wp\/v2\/product_tag?post=12639"}],"curies":[{"name":"wp","href":"https:\/\/api.w.org\/{rel}","templated":true}]}}