{"id":12603,"date":"2025-11-19T10:42:54","date_gmt":"2025-11-19T08:42:54","guid":{"rendered":"https:\/\/geliai.lt\/?post_type=product&#038;p=12603"},"modified":"2026-02-26T18:19:15","modified_gmt":"2026-02-26T16:19:15","slug":"zida-kails-kakis-02","status":"publish","type":"product","link":"https:\/\/geliai.lt\/lv\/parduotuve\/cat-eye-collection\/silk-nude-cat-02\/","title":{"rendered":"SILK NUDE CAT 02 \u2013 G\u0113la nagu laka"},"content":{"rendered":"<ul>\n<li>\n<p data-path-to-node=\"1,0,0\"><b data-path-to-node=\"1,0,0\" data-index-in-node=\"0\">Maksim\u0101la dro\u0161\u012bba<\/b> \u2013 Formula bez hema un TPO, kas nesatur kait\u012bgus monom\u0113rus, atbilst jaun\u0101kaj\u0101m ES pras\u012bb\u0101m un nodro\u0161ina dro\u0161u darbu un minim\u0101lu aler\u0123iju risku.<\/p>\n<\/li>\n<li>\n<p data-path-to-node=\"1,1,0\"><b data-path-to-node=\"1,1,0\" data-index-in-node=\"0\">Magn\u0113tiskais dzi\u013cums<\/b> \u2013 ekskluz\u012bvais Silk Nude Cat efekts pie\u0161\u0137ir nagiem greznu sp\u012bdumu un dzi\u013cumu, \u013caujot rad\u012bt gan elegantu klasiku, gan drosm\u012bgus dizaina akcentus.<\/p>\n<\/li>\n<li>\n<p data-path-to-node=\"1,2,0\"><b data-path-to-node=\"1,2,0\" data-index-in-node=\"0\">Ilgtermi\u0146a rezistence<\/b> \u2013 \u012bpa\u0161a formula garant\u0113 manik\u012bra stabilit\u0101ti un iztur\u012bbu pret meh\u0101niskiem boj\u0101jumiem, nodro\u0161inot nevainojamu izskatu jebkur\u0101 situ\u0101cij\u0101.<\/p>\n<\/li>\n<\/ul>","protected":false},"excerpt":{"rendered":"<h3 data-start=\"190\" data-end=\"267\"><strong data-start=\"194\" data-end=\"267\">Z\u012aDAINA KA\u0136ENE\u00a0<\/strong><\/h3>\n<p data-start=\"269\" data-end=\"518\">Atkl\u0101jiet grezn\u012bbu pudel\u012bt\u0113. SILK NUDE CAT \u2013 t\u0101 ir ekskluz\u012bva hibr\u012bda laku l\u012bnija, kur\u0101 kr\u0101sa apvienota ar hipnotiz\u0113jo\u0161u <span data-huuid=\"12027699697467118993\">Ka\u0137a acs<\/span> efektu. Katra nokr\u0101sa rad\u012bta sieviet\u0113m, kuras v\u0113las izcelties ar eleganci un unik\u0101lu stilu.<\/p>\n<p data-start=\"520\" data-end=\"560\">Kolekciju veido 5 apburo\u0161as nokr\u0101sas.<\/p>","protected":false},"featured_media":14933,"comment_status":"open","ping_status":"closed","template":"","meta":[],"product_brand":[290],"product_cat":[342,178,580,345],"product_tag":[],"class_list":{"0":"post-12603","1":"product","2":"type-product","3":"status-publish","4":"has-post-thumbnail","6":"product_brand-monarx-nails","7":"product_cat-cat-eye-collection","8":"product_cat-geliniai-lakai","9":"product_cat-nagu-prieziura","10":"product_cat-silk-nude-cat","12":"first","13":"instock","14":"shipping-taxable","15":"purchasable","16":"product-type-simple"},"_links":{"self":[{"href":"https:\/\/geliai.lt\/lv\/wp-json\/wp\/v2\/product\/12603","targetHints":{"allow":["GET"]}}],"collection":[{"href":"https:\/\/geliai.lt\/lv\/wp-json\/wp\/v2\/product"}],"about":[{"href":"https:\/\/geliai.lt\/lv\/wp-json\/wp\/v2\/types\/product"}],"replies":[{"embeddable":true,"href":"https:\/\/geliai.lt\/lv\/wp-json\/wp\/v2\/comments?post=12603"}],"version-history":[{"count":3,"href":"https:\/\/geliai.lt\/lv\/wp-json\/wp\/v2\/product\/12603\/revisions"}],"predecessor-version":[{"id":14934,"href":"https:\/\/geliai.lt\/lv\/wp-json\/wp\/v2\/product\/12603\/revisions\/14934"}],"wp:featuredmedia":[{"embeddable":true,"href":"https:\/\/geliai.lt\/lv\/wp-json\/wp\/v2\/media\/14933"}],"wp:attachment":[{"href":"https:\/\/geliai.lt\/lv\/wp-json\/wp\/v2\/media?parent=12603"}],"wp:term":[{"taxonomy":"product_brand","embeddable":true,"href":"https:\/\/geliai.lt\/lv\/wp-json\/wp\/v2\/product_brand?post=12603"},{"taxonomy":"product_cat","embeddable":true,"href":"https:\/\/geliai.lt\/lv\/wp-json\/wp\/v2\/product_cat?post=12603"},{"taxonomy":"product_tag","embeddable":true,"href":"https:\/\/geliai.lt\/lv\/wp-json\/wp\/v2\/product_tag?post=12603"}],"curies":[{"name":"wp","href":"https:\/\/api.w.org\/{rel}","templated":true}]}}