{"id":12590,"date":"2025-11-19T09:39:53","date_gmt":"2025-11-19T07:39:53","guid":{"rendered":"https:\/\/geliai.lt\/?post_type=product&#038;p=12590"},"modified":"2026-03-19T12:23:55","modified_gmt":"2026-03-19T10:23:55","slug":"atstarojoss-kakis-04","status":"publish","type":"product","link":"https:\/\/geliai.lt\/lv\/parduotuve\/cat-eye-collection\/reflective-cat-04\/","title":{"rendered":"REFLECTIVE CAT 04 \u2013 G\u0113la nagu laka"},"content":{"rendered":"<ul>\n<li>\n<p data-path-to-node=\"1,0,0\"><b data-path-to-node=\"1,0,0\" data-index-in-node=\"0\">Maksim\u0101la dro\u0161\u012bba<\/b> \u2013 Formula bez hema un TPO, bez kait\u012bgiem monom\u0113riem, nodro\u0161ina dro\u0161u darbu un minim\u0101lu aler\u0123iju risku gan meistaram, gan klientam.<\/p>\n<\/li>\n<li>\n<p data-path-to-node=\"1,1,0\"><b data-path-to-node=\"1,1,0\" data-index-in-node=\"0\">Magn\u0113tiskais atstarojo\u0161ais efekts<\/b> \u2013 sast\u0101v\u0101 eso\u0161\u0101s maz\u0101s met\u0101la da\u013ci\u0146as rea\u0123\u0113 uz magn\u0113tu un rada daudzkr\u0101sainus, rakstainus atsp\u012bdumus, kas pie\u0161\u0137ir j\u016bsu nagiem unik\u0101lu sv\u0113tku akcentu.<\/p>\n<\/li>\n<li>\n<p data-path-to-node=\"1,2,0\"><b data-path-to-node=\"1,2,0\" data-index-in-node=\"0\">Prec\u012bza pielieto\u0161ana<\/b> \u2013 augstas kvalit\u0101tes oti\u0146a un optim\u0101la tekst\u016bra \u013cauj pul\u0113\u0161anas l\u012bdzeklim vienm\u0113r\u012bgi sadal\u012bties, nenotec\u0113jot, nodro\u0161inot notur\u012bgu p\u0101rkl\u0101jumu bez \u0161\u0137emb\u0101m l\u012bdz pat 4 ned\u0113\u013c\u0101m.<\/p>\n<\/li>\n<\/ul>","protected":false},"excerpt":{"rendered":"<h5>ATSTAROJO\u0160S KA\u0136IS 04<\/h5>\n<p>MONARX NAILS iepaz\u012bstina ar jauno, stil\u012bgo krist\u0101lisko hibr\u012bda laku l\u012bniju REFLECTIVE CAT.<br \/>\nIespaid\u012bgie g\u0113la laku to\u0146i atspogu\u013co katras modes cien\u012bt\u0101jas labu noska\u0146ojumu. Magn\u0113tiskie laki p\u0101rv\u0113r\u0161 parasto manik\u012bru kaut ko ma\u0123isku.<\/p>","protected":false},"featured_media":14941,"comment_status":"open","ping_status":"closed","template":"","meta":[],"product_brand":[290],"product_cat":[342,178,580,344],"product_tag":[],"class_list":{"0":"post-12590","1":"product","2":"type-product","3":"status-publish","4":"has-post-thumbnail","6":"product_brand-monarx-nails","7":"product_cat-cat-eye-collection","8":"product_cat-geliniai-lakai","9":"product_cat-nagu-prieziura","10":"product_cat-reflective-cat","12":"first","13":"instock","14":"shipping-taxable","15":"purchasable","16":"product-type-simple"},"_links":{"self":[{"href":"https:\/\/geliai.lt\/lv\/wp-json\/wp\/v2\/product\/12590","targetHints":{"allow":["GET"]}}],"collection":[{"href":"https:\/\/geliai.lt\/lv\/wp-json\/wp\/v2\/product"}],"about":[{"href":"https:\/\/geliai.lt\/lv\/wp-json\/wp\/v2\/types\/product"}],"replies":[{"embeddable":true,"href":"https:\/\/geliai.lt\/lv\/wp-json\/wp\/v2\/comments?post=12590"}],"version-history":[{"count":3,"href":"https:\/\/geliai.lt\/lv\/wp-json\/wp\/v2\/product\/12590\/revisions"}],"predecessor-version":[{"id":14942,"href":"https:\/\/geliai.lt\/lv\/wp-json\/wp\/v2\/product\/12590\/revisions\/14942"}],"wp:featuredmedia":[{"embeddable":true,"href":"https:\/\/geliai.lt\/lv\/wp-json\/wp\/v2\/media\/14941"}],"wp:attachment":[{"href":"https:\/\/geliai.lt\/lv\/wp-json\/wp\/v2\/media?parent=12590"}],"wp:term":[{"taxonomy":"product_brand","embeddable":true,"href":"https:\/\/geliai.lt\/lv\/wp-json\/wp\/v2\/product_brand?post=12590"},{"taxonomy":"product_cat","embeddable":true,"href":"https:\/\/geliai.lt\/lv\/wp-json\/wp\/v2\/product_cat?post=12590"},{"taxonomy":"product_tag","embeddable":true,"href":"https:\/\/geliai.lt\/lv\/wp-json\/wp\/v2\/product_tag?post=12590"}],"curies":[{"name":"wp","href":"https:\/\/api.w.org\/{rel}","templated":true}]}}