{"id":12568,"date":"2025-11-18T21:01:02","date_gmt":"2025-11-18T19:01:02","guid":{"rendered":"https:\/\/geliai.lt\/?post_type=product&#038;p=12568"},"modified":"2026-03-09T20:54:19","modified_gmt":"2026-03-09T18:54:19","slug":"meteoru-kakis-03","status":"publish","type":"product","link":"https:\/\/geliai.lt\/lv\/parduotuve\/cat-eye-collection\/meteor-cat-03\/","title":{"rendered":"METEOR CAT 03 \u2013 G\u0113la nagu laka"},"content":{"rendered":"<ul>\n<li>\n<p data-path-to-node=\"1,0,0\"><b data-path-to-node=\"1,0,0\" data-index-in-node=\"0\">Maksim\u0101la dro\u0161\u012bba<\/b> \u2013 Formula bez hema un TPO, kas nesatur kait\u012bgus monom\u0113rus, nodro\u0161ina dro\u0161u lieto\u0161anu un samazina aler\u0123isku reakciju iesp\u0113jam\u012bbu.<\/p>\n<\/li>\n<li>\n<p data-path-to-node=\"1,1,0\"><b data-path-to-node=\"1,1,0\" data-index-in-node=\"0\">L\u0101zera prec\u012bza pielieto\u0161ana<\/b> \u2013 ar l\u0101zeru griezta oti\u0146a ar elast\u012bgiem sariem un viegli uzkl\u0101jamu konsistenci \u013cauj sasniegt profesion\u0101lu rezult\u0101tu, kas saglab\u0101jas l\u012bdz pat 4 ned\u0113\u013c\u0101m.<\/p>\n<\/li>\n<li>\n<p data-path-to-node=\"1,2,0\"><b data-path-to-node=\"1,2,0\" data-index-in-node=\"0\">\u0100trs un efekt\u012bvs darbs<\/b> \u2013 pul\u0113\u0161anas l\u012bdzeklis saciet\u0113 tikai 30\u201360 sekund\u0113s, un magn\u0113tiskais ka\u0137a acs putekl\u012btis \u013cauj acumirkl\u012b izveidot unik\u0101lus rakstus, kas veidoti ar magn\u0113ta pal\u012bdz\u012bbu.<\/p>\n<\/li>\n<\/ul>","protected":false},"excerpt":{"rendered":"<h3 data-start=\"180\" data-end=\"239\">METEOR KA\u0136IS 03<\/h3>\n<p data-start=\"240\" data-end=\"405\">M\u016bsu magn\u0113tisko hibr\u012bda laku kolekcija <em data-start=\"284\" data-end=\"296\">METEOR CAT<\/em> \u2013 t\u0101s ir 5 izsmalcin\u0101tas nokr\u0101sas, kas da\u017eu sekun\u017eu laik\u0101 rada daudzdimension\u0101lu, hipnotiz\u0113jo\u0161u efektu.<\/p>\n<p data-start=\"407\" data-end=\"578\">Pateicoties magn\u0113tiskaj\u0101m da\u013ci\u0146\u0101m sast\u0101v\u0101, izmantojot magn\u0113tu var izveidot unik\u0101lus rakstus, kas pie\u0161\u0137ir manik\u012bram dzi\u013cumu un neatk\u0101rtojamu raksturu.<\/p>","protected":false},"featured_media":14957,"comment_status":"open","ping_status":"closed","template":"","meta":[],"product_brand":[290],"product_cat":[342,178,343,580],"product_tag":[],"class_list":{"0":"post-12568","1":"product","2":"type-product","3":"status-publish","4":"has-post-thumbnail","6":"product_brand-monarx-nails","7":"product_cat-cat-eye-collection","8":"product_cat-geliniai-lakai","9":"product_cat-meteor-cat","10":"product_cat-nagu-prieziura","12":"first","13":"instock","14":"shipping-taxable","15":"purchasable","16":"product-type-simple"},"_links":{"self":[{"href":"https:\/\/geliai.lt\/lv\/wp-json\/wp\/v2\/product\/12568","targetHints":{"allow":["GET"]}}],"collection":[{"href":"https:\/\/geliai.lt\/lv\/wp-json\/wp\/v2\/product"}],"about":[{"href":"https:\/\/geliai.lt\/lv\/wp-json\/wp\/v2\/types\/product"}],"replies":[{"embeddable":true,"href":"https:\/\/geliai.lt\/lv\/wp-json\/wp\/v2\/comments?post=12568"}],"version-history":[{"count":3,"href":"https:\/\/geliai.lt\/lv\/wp-json\/wp\/v2\/product\/12568\/revisions"}],"predecessor-version":[{"id":14959,"href":"https:\/\/geliai.lt\/lv\/wp-json\/wp\/v2\/product\/12568\/revisions\/14959"}],"wp:featuredmedia":[{"embeddable":true,"href":"https:\/\/geliai.lt\/lv\/wp-json\/wp\/v2\/media\/14957"}],"wp:attachment":[{"href":"https:\/\/geliai.lt\/lv\/wp-json\/wp\/v2\/media?parent=12568"}],"wp:term":[{"taxonomy":"product_brand","embeddable":true,"href":"https:\/\/geliai.lt\/lv\/wp-json\/wp\/v2\/product_brand?post=12568"},{"taxonomy":"product_cat","embeddable":true,"href":"https:\/\/geliai.lt\/lv\/wp-json\/wp\/v2\/product_cat?post=12568"},{"taxonomy":"product_tag","embeddable":true,"href":"https:\/\/geliai.lt\/lv\/wp-json\/wp\/v2\/product_tag?post=12568"}],"curies":[{"name":"wp","href":"https:\/\/api.w.org\/{rel}","templated":true}]}}