{"id":12456,"date":"2025-10-29T11:50:57","date_gmt":"2025-10-29T09:50:57","guid":{"rendered":"https:\/\/geliai.lt\/?post_type=product&#038;p=12456"},"modified":"2026-02-17T10:18:58","modified_gmt":"2026-02-17T08:18:58","slug":"silikoninis-antgalis-kriauses-formos-320-grit-l-18-mm-o-9-mm","status":"publish","type":"product","link":"https:\/\/geliai.lt\/lv\/parduotuve\/antgaliai\/silikoninis-antgalis-kriauses-formos-320-grit-l-18-mm-o-9-mm\/","title":{"rendered":"Silikona uzgalis bumbiera form\u0101, 320 grit, L 18 mm \u00d8 9 mm"},"content":{"rendered":"<p><strong data-start=\"622\" data-end=\"646\">Tehniskie dati:<\/strong><br data-start=\"646\" data-end=\"649\" \/>Forma: bumbiera<br data-start=\"664\" data-end=\"667\" \/>Kr\u0101sa: br\u016bna<br data-start=\"679\" data-end=\"682\" \/>Izm\u0113rs: L 18 mm \u00d8 9 mm<br data-start=\"703\" data-end=\"706\" \/>Graudi: 320<br data-start=\"715\" data-end=\"718\" \/>Tips: pul\u0113\u0161anai \/ sp\u012bduma rad\u012b\u0161anai<br data-start=\"750\" data-end=\"753\" \/>Kods: HSP-172.320.090<br data-start=\"775\" data-end=\"778\" \/>Lieto\u0161ana: vaska manik\u012bram, dab\u012bgo nagu sp\u012bduma rad\u012b\u0161anai, \u0101das pul\u0113\u0161anai<br data-start=\"852\" data-end=\"855\" \/>\u012apa\u0161\u012bbas: nep\u0101rvada siltumu, maigi pul\u0113, aizsarg\u0101 nagus un \u0101di\u0146u<\/p>","protected":false},"excerpt":{"rendered":"<h3 data-start=\"99\" data-end=\"169\"><strong data-start=\"103\" data-end=\"169\">Silikona uzgalis bumbiera form\u0101, 320 grit, L 18 mm \u00d8 9 mm<\/strong><\/h3>\n<p data-start=\"171\" data-end=\"620\">Atkl\u0101jiet profesion\u0101lu manik\u012bra instrumentu \u2013 silikona uzgali bumbiera form\u0101, 320 grit. \u0160is uzgalis lieliski piem\u0113rots vaska manik\u012bram, dab\u012bgo nagu sp\u012bduma rad\u012b\u0161anai un \u0101das pul\u0113\u0161anai manik\u012bra laik\u0101. Bumbiera formas konstrukcija \u013cauj viegli sasniegt da\u017e\u0101das naga un \u0101das vietas, nodro\u0161inot maigu, vienm\u0113r\u012bgu un dro\u0161u darbu. Uzgalis nep\u0101rvada siltumu, maigi sl\u012bp\u0113 un pie\u0161\u0137ir dab\u012bgu nagu sp\u012bdumu, aizsarg\u0101jot nagus un \u0101du no boj\u0101jumiem.<\/p>","protected":false},"featured_media":14985,"comment_status":"open","ping_status":"closed","template":"","meta":[],"product_brand":[294],"product_cat":[258,288,317],"product_tag":[],"class_list":{"0":"post-12456","1":"product","2":"type-product","3":"status-publish","4":"has-post-thumbnail","6":"product_brand-head-the-beauty-tools","7":"product_cat-antgaliai","8":"product_cat-instrumentai","9":"product_cat-silikoniniai-antgaliai","11":"first","12":"instock","13":"shipping-taxable","14":"purchasable","15":"product-type-simple"},"_links":{"self":[{"href":"https:\/\/geliai.lt\/lv\/wp-json\/wp\/v2\/product\/12456","targetHints":{"allow":["GET"]}}],"collection":[{"href":"https:\/\/geliai.lt\/lv\/wp-json\/wp\/v2\/product"}],"about":[{"href":"https:\/\/geliai.lt\/lv\/wp-json\/wp\/v2\/types\/product"}],"replies":[{"embeddable":true,"href":"https:\/\/geliai.lt\/lv\/wp-json\/wp\/v2\/comments?post=12456"}],"version-history":[{"count":4,"href":"https:\/\/geliai.lt\/lv\/wp-json\/wp\/v2\/product\/12456\/revisions"}],"predecessor-version":[{"id":14986,"href":"https:\/\/geliai.lt\/lv\/wp-json\/wp\/v2\/product\/12456\/revisions\/14986"}],"wp:featuredmedia":[{"embeddable":true,"href":"https:\/\/geliai.lt\/lv\/wp-json\/wp\/v2\/media\/14985"}],"wp:attachment":[{"href":"https:\/\/geliai.lt\/lv\/wp-json\/wp\/v2\/media?parent=12456"}],"wp:term":[{"taxonomy":"product_brand","embeddable":true,"href":"https:\/\/geliai.lt\/lv\/wp-json\/wp\/v2\/product_brand?post=12456"},{"taxonomy":"product_cat","embeddable":true,"href":"https:\/\/geliai.lt\/lv\/wp-json\/wp\/v2\/product_cat?post=12456"},{"taxonomy":"product_tag","embeddable":true,"href":"https:\/\/geliai.lt\/lv\/wp-json\/wp\/v2\/product_tag?post=12456"}],"curies":[{"name":"wp","href":"https:\/\/api.w.org\/{rel}","templated":true}]}}