{"id":12438,"date":"2025-10-29T11:15:08","date_gmt":"2025-10-29T09:15:08","guid":{"rendered":"https:\/\/geliai.lt\/?post_type=product&#038;p=12438"},"modified":"2026-02-17T10:33:40","modified_gmt":"2026-02-17T08:33:40","slug":"180-graudu-formas-garums-16-mm-vai-6-mm","status":"publish","type":"product","link":"https:\/\/geliai.lt\/lv\/parduotuve\/antgaliai\/formos-180-grit-l-16-mm-o-6-mm\/","title":{"rendered":"Silikona uzgalis as\u0101 cilindra form\u0101, 180 grit, L 16 mm \u00d8 6 mm"},"content":{"rendered":"<p><strong data-start=\"774\" data-end=\"798\">Tehniskie dati:<\/strong><br data-start=\"798\" data-end=\"801\" \/>Forma: ass cilindrs<br data-start=\"824\" data-end=\"827\" \/>Kr\u0101sa: pel\u0113ka<br data-start=\"840\" data-end=\"843\" \/>Izm\u0113rs: L 16 mm \u00d8 6 mm<br data-start=\"864\" data-end=\"867\" \/>Graudi: 180<br data-start=\"876\" data-end=\"879\" \/>Tips: pul\u0113\u0161anai \/ sp\u012bduma rad\u012b\u0161anai<br data-start=\"911\" data-end=\"914\" data-is-only-node=\"\" \/>Kods: HSP-146.180.060 <br data-start=\"936\" data-end=\"939\" \/>Lieto\u0161ana: vaska manik\u012bram, dab\u012bgo nagu sp\u012bduma rad\u012b\u0161anai, \u0101das pul\u0113\u0161anai<br data-start=\"1013\" data-end=\"1016\" \/>\u012apa\u0161\u012bbas: nep\u0101rvada siltumu, maigi pul\u0113 \u0101du, aizsarg\u0101 nagus un \u0101di\u0146u<\/p>","protected":false},"excerpt":{"rendered":"<h3 data-start=\"284\" data-end=\"362\"><strong data-start=\"288\" data-end=\"362\">Silikona uzgalis as\u0101 cilindra form\u0101, 180 grit, L 16 mm \u00d8 6 mm<\/strong><\/h3>\n<p data-start=\"364\" data-end=\"772\">Atkl\u0101jiet profesion\u0101lu manik\u012bra instrumentu \u2013 silikona uzgali as\u0101 cilindra form\u0101, 180 grit. \u0160is uzgalis ide\u0101li piem\u0113rots vaska manik\u012bram, dab\u012bgo nagu sp\u012bduma rad\u012b\u0161anai un \u0101das pul\u0113\u0161anai manik\u012bra laik\u0101. Pateicoties as\u0101 cilindra formai, tiek nodro\u0161in\u0101ts prec\u012bzs darbs pat gr\u016bti pieejam\u0101s viet\u0101s. Uzgalis maigi sl\u012bp\u0113 un pul\u0113 virsmu, nep\u0101rvada siltumu un aizsarg\u0101 nagus un \u0101du no boj\u0101jumiem.<\/p>","protected":false},"featured_media":15000,"comment_status":"open","ping_status":"closed","template":"","meta":[],"product_brand":[294],"product_cat":[258,288,317],"product_tag":[],"class_list":{"0":"post-12438","1":"product","2":"type-product","3":"status-publish","4":"has-post-thumbnail","6":"product_brand-head-the-beauty-tools","7":"product_cat-antgaliai","8":"product_cat-instrumentai","9":"product_cat-silikoniniai-antgaliai","11":"first","12":"instock","13":"shipping-taxable","14":"purchasable","15":"product-type-simple"},"_links":{"self":[{"href":"https:\/\/geliai.lt\/lv\/wp-json\/wp\/v2\/product\/12438","targetHints":{"allow":["GET"]}}],"collection":[{"href":"https:\/\/geliai.lt\/lv\/wp-json\/wp\/v2\/product"}],"about":[{"href":"https:\/\/geliai.lt\/lv\/wp-json\/wp\/v2\/types\/product"}],"replies":[{"embeddable":true,"href":"https:\/\/geliai.lt\/lv\/wp-json\/wp\/v2\/comments?post=12438"}],"version-history":[{"count":3,"href":"https:\/\/geliai.lt\/lv\/wp-json\/wp\/v2\/product\/12438\/revisions"}],"predecessor-version":[{"id":15001,"href":"https:\/\/geliai.lt\/lv\/wp-json\/wp\/v2\/product\/12438\/revisions\/15001"}],"wp:featuredmedia":[{"embeddable":true,"href":"https:\/\/geliai.lt\/lv\/wp-json\/wp\/v2\/media\/15000"}],"wp:attachment":[{"href":"https:\/\/geliai.lt\/lv\/wp-json\/wp\/v2\/media?parent=12438"}],"wp:term":[{"taxonomy":"product_brand","embeddable":true,"href":"https:\/\/geliai.lt\/lv\/wp-json\/wp\/v2\/product_brand?post=12438"},{"taxonomy":"product_cat","embeddable":true,"href":"https:\/\/geliai.lt\/lv\/wp-json\/wp\/v2\/product_cat?post=12438"},{"taxonomy":"product_tag","embeddable":true,"href":"https:\/\/geliai.lt\/lv\/wp-json\/wp\/v2\/product_tag?post=12438"}],"curies":[{"name":"wp","href":"https:\/\/api.w.org\/{rel}","templated":true}]}}