{"id":12406,"date":"2025-10-28T15:37:23","date_gmt":"2025-10-28T13:37:23","guid":{"rendered":"https:\/\/geliai.lt\/?post_type=product&#038;p=12406"},"modified":"2026-02-17T10:51:29","modified_gmt":"2026-02-17T08:51:29","slug":"volframa-karbida-urbsanas-lodite-m","status":"publish","type":"product","link":"https:\/\/geliai.lt\/lv\/parduotuve\/antgaliai\/volframo-karbido-bur-rutulys-m\/","title":{"rendered":"Karb\u012bda uzgalis \u201cbumba\u201d, zils"},"content":{"rendered":"<p>Kr\u0101sa: zila<\/p>\n<p>Materi\u0101ls: volframa karb\u012bds<\/p>\n<p>Forma: Bumba<\/p>\n<p>Kods: HBC-001BL.018 \/ HBC-001BL.023<\/p>\n<p>&nbsp;<\/p>","protected":false},"excerpt":{"rendered":"<h6>Karb\u012bda uzgalis \u201cbumba\u201d, zils<\/h6>\n<p>Paredz\u0113ts uzman\u012bgai boj\u0101tu naga vietu sl\u012bp\u0113\u0161anai. Ir standarta vid\u0113ji rupj\u0161 krustenis griezums. Piem\u0113rots plaisu apstr\u0101dei.<\/p>","protected":false},"featured_media":15012,"comment_status":"open","ping_status":"closed","template":"","meta":[],"product_brand":[294],"product_cat":[258,288,316],"product_tag":[],"class_list":{"0":"post-12406","1":"product","2":"type-product","3":"status-publish","4":"has-post-thumbnail","6":"product_brand-head-the-beauty-tools","7":"product_cat-antgaliai","8":"product_cat-instrumentai","9":"product_cat-karbidiniai-antgaliai","11":"first","12":"instock","13":"shipping-taxable","14":"purchasable","15":"product-type-variable"},"_links":{"self":[{"href":"https:\/\/geliai.lt\/lv\/wp-json\/wp\/v2\/product\/12406","targetHints":{"allow":["GET"]}}],"collection":[{"href":"https:\/\/geliai.lt\/lv\/wp-json\/wp\/v2\/product"}],"about":[{"href":"https:\/\/geliai.lt\/lv\/wp-json\/wp\/v2\/types\/product"}],"replies":[{"embeddable":true,"href":"https:\/\/geliai.lt\/lv\/wp-json\/wp\/v2\/comments?post=12406"}],"version-history":[{"count":4,"href":"https:\/\/geliai.lt\/lv\/wp-json\/wp\/v2\/product\/12406\/revisions"}],"predecessor-version":[{"id":15013,"href":"https:\/\/geliai.lt\/lv\/wp-json\/wp\/v2\/product\/12406\/revisions\/15013"}],"wp:featuredmedia":[{"embeddable":true,"href":"https:\/\/geliai.lt\/lv\/wp-json\/wp\/v2\/media\/15012"}],"wp:attachment":[{"href":"https:\/\/geliai.lt\/lv\/wp-json\/wp\/v2\/media?parent=12406"}],"wp:term":[{"taxonomy":"product_brand","embeddable":true,"href":"https:\/\/geliai.lt\/lv\/wp-json\/wp\/v2\/product_brand?post=12406"},{"taxonomy":"product_cat","embeddable":true,"href":"https:\/\/geliai.lt\/lv\/wp-json\/wp\/v2\/product_cat?post=12406"},{"taxonomy":"product_tag","embeddable":true,"href":"https:\/\/geliai.lt\/lv\/wp-json\/wp\/v2\/product_tag?post=12406"}],"curies":[{"name":"wp","href":"https:\/\/api.w.org\/{rel}","templated":true}]}}