{"id":12311,"date":"2025-10-20T14:34:51","date_gmt":"2025-10-20T11:34:51","guid":{"rendered":"https:\/\/geliai.lt\/?post_type=product&#038;p=12311"},"modified":"2026-04-29T13:14:16","modified_gmt":"2026-04-29T10:14:16","slug":"heimish-dailism-smudge-stop","status":"publish","type":"product","link":"https:\/\/geliai.lt\/lv\/parduotuve\/akys\/heimish-dailism-smudge-stop\/","title":{"rendered":"Heimish Dailism Smudge Stop Mascara skropstu tu\u0161as"},"content":{"rendered":"","protected":false},"excerpt":{"rendered":"<h6>Heimish Dailism Smudge Stop skropstu tu\u0161a<\/h6>\n<p>Tas ir \u016bdensiztur\u012bgs skropstu tu\u0161as, kas pie\u0161\u0137ir lielu apjomu un izteiksm\u012bgu skatienu. Suka ir izgatavota no augstas kvalit\u0101tes sariem, lai atdal\u012btu, p\u0101rkl\u0101tu un uzloc\u012btu katru skropstu. Pietiek tikai ar vienu k\u0101rtu, lai j\u016bsu skropstas izceltos. \u0160o tu\u0161u viegli no\u0146emt ar remdenu \u016bdeni, un tas nekairina jut\u012bg\u0101s \u0101das ap ac\u012bm. Tilpums: 9 g<\/p>","protected":false},"featured_media":15039,"comment_status":"open","ping_status":"closed","template":"","meta":[],"product_brand":[338],"product_cat":[329,330,328],"product_tag":[],"class_list":{"0":"post-12311","1":"product","2":"type-product","3":"status-publish","4":"has-post-thumbnail","6":"product_brand-heimish","7":"product_cat-akys","8":"product_cat-blakstienu-tusai","9":"product_cat-makiazas","11":"first","12":"outofstock","13":"sale","14":"shipping-taxable","15":"purchasable","16":"product-type-simple"},"_links":{"self":[{"href":"https:\/\/geliai.lt\/lv\/wp-json\/wp\/v2\/product\/12311","targetHints":{"allow":["GET"]}}],"collection":[{"href":"https:\/\/geliai.lt\/lv\/wp-json\/wp\/v2\/product"}],"about":[{"href":"https:\/\/geliai.lt\/lv\/wp-json\/wp\/v2\/types\/product"}],"replies":[{"embeddable":true,"href":"https:\/\/geliai.lt\/lv\/wp-json\/wp\/v2\/comments?post=12311"}],"version-history":[{"count":3,"href":"https:\/\/geliai.lt\/lv\/wp-json\/wp\/v2\/product\/12311\/revisions"}],"predecessor-version":[{"id":15040,"href":"https:\/\/geliai.lt\/lv\/wp-json\/wp\/v2\/product\/12311\/revisions\/15040"}],"wp:featuredmedia":[{"embeddable":true,"href":"https:\/\/geliai.lt\/lv\/wp-json\/wp\/v2\/media\/15039"}],"wp:attachment":[{"href":"https:\/\/geliai.lt\/lv\/wp-json\/wp\/v2\/media?parent=12311"}],"wp:term":[{"taxonomy":"product_brand","embeddable":true,"href":"https:\/\/geliai.lt\/lv\/wp-json\/wp\/v2\/product_brand?post=12311"},{"taxonomy":"product_cat","embeddable":true,"href":"https:\/\/geliai.lt\/lv\/wp-json\/wp\/v2\/product_cat?post=12311"},{"taxonomy":"product_tag","embeddable":true,"href":"https:\/\/geliai.lt\/lv\/wp-json\/wp\/v2\/product_tag?post=12311"}],"curies":[{"name":"wp","href":"https:\/\/api.w.org\/{rel}","templated":true}]}}