{"id":12303,"date":"2025-10-20T14:17:34","date_gmt":"2025-10-20T11:17:34","guid":{"rendered":"https:\/\/geliai.lt\/?post_type=product&#038;p=12303"},"modified":"2026-02-26T17:53:29","modified_gmt":"2026-02-26T15:53:29","slug":"iunik-klingerisu-pilniga-tirisana","status":"publish","type":"product","link":"https:\/\/geliai.lt\/lv\/parduotuve\/veido-aliejai\/iunik-calendula-complete-clean\/","title":{"rendered":"iUNIK Calendula Complete Cleansing Oil att\u012bro\u0161s sejas e\u013c\u013cas l\u012bdzeklis"},"content":{"rendered":"","protected":false},"excerpt":{"rendered":"<h6>iUNIK Calendula Complete Cleansing Oil<\/h6>\n<p>Maigs att\u012bro\u0161s e\u013c\u013cas l\u012bdzeklis, kas no\u0146em grimu, saules aizsargkr\u0113ma atlikumus un citus net\u012brumus. T\u0101 formula sast\u0101v no dab\u012bg\u0101m augu e\u013c\u013c\u0101m, kas ir \u012bpa\u0161i labv\u0113l\u012bgas \u0101dai. \u0160\u012bs e\u013c\u013cas kop\u0101 mitrina \u0101du un l\u012bdzsvaro \u0101das mitruma un tauku l\u012bmeni. Lieliski piem\u0113rots dubult\u0101s att\u012br\u012b\u0161anas metodei k\u0101 pirmais solis. Piem\u0113rots visiem \u0101das tipiem, ta\u010du nav ieteicams jut\u012bgai \u0101dai. Tilpums: 200 ml<\/p>","protected":false},"featured_media":15042,"comment_status":"open","ping_status":"closed","template":"","meta":[],"product_brand":[337],"product_cat":[323,570],"product_tag":[],"class_list":{"0":"post-12303","1":"product","2":"type-product","3":"status-publish","4":"has-post-thumbnail","6":"product_brand-iunik","7":"product_cat-veido-aliejai","8":"product_cat-veido-prieziura","10":"first","11":"instock","12":"shipping-taxable","13":"purchasable","14":"product-type-simple"},"_links":{"self":[{"href":"https:\/\/geliai.lt\/lv\/wp-json\/wp\/v2\/product\/12303","targetHints":{"allow":["GET"]}}],"collection":[{"href":"https:\/\/geliai.lt\/lv\/wp-json\/wp\/v2\/product"}],"about":[{"href":"https:\/\/geliai.lt\/lv\/wp-json\/wp\/v2\/types\/product"}],"replies":[{"embeddable":true,"href":"https:\/\/geliai.lt\/lv\/wp-json\/wp\/v2\/comments?post=12303"}],"version-history":[{"count":3,"href":"https:\/\/geliai.lt\/lv\/wp-json\/wp\/v2\/product\/12303\/revisions"}],"predecessor-version":[{"id":15043,"href":"https:\/\/geliai.lt\/lv\/wp-json\/wp\/v2\/product\/12303\/revisions\/15043"}],"wp:featuredmedia":[{"embeddable":true,"href":"https:\/\/geliai.lt\/lv\/wp-json\/wp\/v2\/media\/15042"}],"wp:attachment":[{"href":"https:\/\/geliai.lt\/lv\/wp-json\/wp\/v2\/media?parent=12303"}],"wp:term":[{"taxonomy":"product_brand","embeddable":true,"href":"https:\/\/geliai.lt\/lv\/wp-json\/wp\/v2\/product_brand?post=12303"},{"taxonomy":"product_cat","embeddable":true,"href":"https:\/\/geliai.lt\/lv\/wp-json\/wp\/v2\/product_cat?post=12303"},{"taxonomy":"product_tag","embeddable":true,"href":"https:\/\/geliai.lt\/lv\/wp-json\/wp\/v2\/product_tag?post=12303"}],"curies":[{"name":"wp","href":"https:\/\/api.w.org\/{rel}","templated":true}]}}