{"id":12218,"date":"2025-10-20T10:33:18","date_gmt":"2025-10-20T07:33:18","guid":{"rendered":"https:\/\/geliai.lt\/?post_type=product&#038;p=12218"},"modified":"2026-02-26T17:51:42","modified_gmt":"2026-02-26T15:51:42","slug":"joseon-centella-skaistums","status":"publish","type":"product","link":"https:\/\/geliai.lt\/lv\/parduotuve\/veido-kaukes\/beauty-of-joseon-centella\/","title":{"rendered":"Beauty Of Joseon Centella Asiatica Nomierino\u0161\u0101 Sejas Maska"},"content":{"rendered":"","protected":false},"excerpt":{"rendered":"<h5>BEAUTY OF JOSEON Centella Asiatica nomierino\u0161\u0101 maska<\/h5>\n<p>Nomierino\u0161\u0101 sejas maska, kas satur 15 % Centella asiatica ekstrakta un 3 veidu hialuronsk\u0101bi. Centella asiatica nodro\u0161ina \u0101dai daudz mitruma un nomierina kairin\u0101tas un aps\u0101rtu\u0161as \u0101das vietas. \u0160\u012b pl\u0113ves sejas maska lieliski piem\u0113rota jut\u012bgai un boj\u0101tai \u0101dai.<\/p>","protected":false},"featured_media":15099,"comment_status":"open","ping_status":"closed","template":"","meta":[],"product_brand":[327],"product_cat":[320,570],"product_tag":[],"class_list":{"0":"post-12218","1":"product","2":"type-product","3":"status-publish","4":"has-post-thumbnail","6":"product_brand-beauty-of-johnson","7":"product_cat-veido-kaukes","8":"product_cat-veido-prieziura","10":"first","11":"instock","12":"shipping-taxable","13":"purchasable","14":"product-type-simple"},"_links":{"self":[{"href":"https:\/\/geliai.lt\/lv\/wp-json\/wp\/v2\/product\/12218","targetHints":{"allow":["GET"]}}],"collection":[{"href":"https:\/\/geliai.lt\/lv\/wp-json\/wp\/v2\/product"}],"about":[{"href":"https:\/\/geliai.lt\/lv\/wp-json\/wp\/v2\/types\/product"}],"replies":[{"embeddable":true,"href":"https:\/\/geliai.lt\/lv\/wp-json\/wp\/v2\/comments?post=12218"}],"version-history":[{"count":3,"href":"https:\/\/geliai.lt\/lv\/wp-json\/wp\/v2\/product\/12218\/revisions"}],"predecessor-version":[{"id":15100,"href":"https:\/\/geliai.lt\/lv\/wp-json\/wp\/v2\/product\/12218\/revisions\/15100"}],"wp:featuredmedia":[{"embeddable":true,"href":"https:\/\/geliai.lt\/lv\/wp-json\/wp\/v2\/media\/15099"}],"wp:attachment":[{"href":"https:\/\/geliai.lt\/lv\/wp-json\/wp\/v2\/media?parent=12218"}],"wp:term":[{"taxonomy":"product_brand","embeddable":true,"href":"https:\/\/geliai.lt\/lv\/wp-json\/wp\/v2\/product_brand?post=12218"},{"taxonomy":"product_cat","embeddable":true,"href":"https:\/\/geliai.lt\/lv\/wp-json\/wp\/v2\/product_cat?post=12218"},{"taxonomy":"product_tag","embeddable":true,"href":"https:\/\/geliai.lt\/lv\/wp-json\/wp\/v2\/product_tag?post=12218"}],"curies":[{"name":"wp","href":"https:\/\/api.w.org\/{rel}","templated":true}]}}