{"id":12201,"date":"2025-10-20T10:11:07","date_gmt":"2025-10-20T07:11:07","guid":{"rendered":"https:\/\/geliai.lt\/?post_type=product&#038;p=12201"},"modified":"2026-02-26T17:49:36","modified_gmt":"2026-02-26T15:49:36","slug":"beauty-of-joseon-dynasty-cream","status":"publish","type":"product","link":"https:\/\/geliai.lt\/lv\/parduotuve\/veido-kremai\/beauty-of-joseon-dynasty-cream\/","title":{"rendered":"Beauty of Joseon Dynasty Sejas Kr\u0113ms"},"content":{"rendered":"","protected":false},"excerpt":{"rendered":"<h6>Beauty of Joseon Dynasty Sejas Kr\u0113ms<\/h6>\n<p>Sejas kr\u0113ms, bag\u0101tin\u0101ts ar barojo\u0161\u0101m Hanbang (korejie\u0161u tradicion\u0101l\u0101s augu medic\u012bnas) sast\u0101vda\u013c\u0101m. R\u012bsu kliju \u016bdens (29 %) \u2013 pal\u012bdz uztur\u0113t \u0101das mitrumu un vesel\u012bgu izskatu. \u017de\u0146\u0161e\u0146a saknes \u016bdens (5 %) \u2013 piem\u012bt pretiekaisuma \u012bpa\u0161\u012bbas. Sast\u0101vs ar\u012b bag\u0101tin\u0101ts ar 2 % niacinam\u012bdu un 2 % skval\u0101nu, kas l\u012bdzsvaro tauku un mitruma l\u012bmeni un aizsarg\u0101 \u0101du no \u0101r\u0113jiem kairin\u0101t\u0101jiem. Pateicoties keram\u012bdiem, kr\u0113ms pal\u012bdz stiprin\u0101t \u0101das barjeru, lai \u0101da ilg\u0101k saglab\u0101tu mitrumu. Kr\u0113ma m\u012bkst\u0101 un bag\u0101t\u012bg\u0101 tekst\u016bra diezgan \u0101tri ies\u016bcas un atst\u0101j \u0101du m\u012bkstu un mirdzo\u0161u. Tilpums: 50 ml<\/p>","protected":false},"featured_media":15105,"comment_status":"open","ping_status":"closed","template":"","meta":[],"product_brand":[327],"product_cat":[182,570],"product_tag":[],"class_list":{"0":"post-12201","1":"product","2":"type-product","3":"status-publish","4":"has-post-thumbnail","6":"product_brand-beauty-of-johnson","7":"product_cat-veido-kremai","8":"product_cat-veido-prieziura","10":"first","11":"instock","12":"shipping-taxable","13":"purchasable","14":"product-type-variable"},"_links":{"self":[{"href":"https:\/\/geliai.lt\/lv\/wp-json\/wp\/v2\/product\/12201","targetHints":{"allow":["GET"]}}],"collection":[{"href":"https:\/\/geliai.lt\/lv\/wp-json\/wp\/v2\/product"}],"about":[{"href":"https:\/\/geliai.lt\/lv\/wp-json\/wp\/v2\/types\/product"}],"replies":[{"embeddable":true,"href":"https:\/\/geliai.lt\/lv\/wp-json\/wp\/v2\/comments?post=12201"}],"version-history":[{"count":3,"href":"https:\/\/geliai.lt\/lv\/wp-json\/wp\/v2\/product\/12201\/revisions"}],"predecessor-version":[{"id":15106,"href":"https:\/\/geliai.lt\/lv\/wp-json\/wp\/v2\/product\/12201\/revisions\/15106"}],"wp:featuredmedia":[{"embeddable":true,"href":"https:\/\/geliai.lt\/lv\/wp-json\/wp\/v2\/media\/15105"}],"wp:attachment":[{"href":"https:\/\/geliai.lt\/lv\/wp-json\/wp\/v2\/media?parent=12201"}],"wp:term":[{"taxonomy":"product_brand","embeddable":true,"href":"https:\/\/geliai.lt\/lv\/wp-json\/wp\/v2\/product_brand?post=12201"},{"taxonomy":"product_cat","embeddable":true,"href":"https:\/\/geliai.lt\/lv\/wp-json\/wp\/v2\/product_cat?post=12201"},{"taxonomy":"product_tag","embeddable":true,"href":"https:\/\/geliai.lt\/lv\/wp-json\/wp\/v2\/product_tag?post=12201"}],"curies":[{"name":"wp","href":"https:\/\/api.w.org\/{rel}","templated":true}]}}