{"id":12069,"date":"2025-09-25T16:39:28","date_gmt":"2025-09-25T13:39:28","guid":{"rendered":"https:\/\/geliai.lt\/?post_type=product&#038;p=12069"},"modified":"2026-02-17T14:02:20","modified_gmt":"2026-02-17T12:02:20","slug":"galvas-puteklu-savacejs","status":"publish","type":"product","link":"https:\/\/geliai.lt\/lv\/parduotuve\/dulkiu-surinkejas\/head-dulkiu-surinkejas\/","title":{"rendered":"HEAD putek\u013cu sav\u0101c\u0113js \u2013 profesion\u0101lai lieto\u0161anai"},"content":{"rendered":"<h3>Lieto\u0161ana un apkope:<\/h3>\n<ul>\n<li>Iesl\u0113gt tikai ar ievietotu filtru un aizv\u0113rtu aug\u0161\u0113jo v\u0101ku.<\/li>\n<li>Filtru t\u012br\u012bt katru dienu darba dienas beig\u0101s.<\/li>\n<li>HEPA filtru j\u0101maina ik p\u0113c 3\u20136 m\u0113ne\u0161iem vai bie\u017e\u0101k intens\u012bvas lieto\u0161anas gad\u012bjum\u0101.<\/li>\n<li>Var izmantot papildu F-11GR filtru ar aktiv\u0113tu ogli, paredz\u0113tu toksisko smaku absorbcijai.<\/li>\n<li>Neatveriet un nera\u017eojiet ier\u012bci pa\u0161i. Radoties probl\u0113m\u0101m, sazinieties ar ofici\u0101lo izplat\u012bt\u0101ju.<\/li>\n<li>Izstr\u0101d\u0101jumam ir lietuvie\u0161u lieto\u0161anas instrukcija.<\/li>\n<\/ul>\n<p>Kods: HD-01<\/p>\n<p><strong>Garantija:<\/strong> 3 gadu ra\u017eot\u0101ja garantija.<\/p>","protected":false},"excerpt":{"rendered":"<h6>HEAD putek\u013cu sav\u0101c\u0113js<\/h6>\n<p>HEAD putek\u013cu sav\u0101c\u0113js paredz\u0113ts efekt\u012bvai smalku putek\u013cu sav\u0101k\u0161anai darba viet\u0101. Ier\u012bce ir uzticama, stabila, ra\u017eota ES, un tai tiek nodro\u0161in\u0101ta 3 gadu ra\u017eot\u0101ja garantija.<\/p>\n<ul>\n<li>\u0112rta le\u0146\u0137a baro\u0161anas piesl\u0113gvieta<\/li>\n<li>Ilgs 2 m kabelis<\/li>\n<li>Ekonomisks ener\u0123ijas pat\u0113ri\u0146\u0161<\/li>\n<li>Silikona k\u0101ji\u0146as stabilit\u0101tei<\/li>\n<\/ul>","protected":false},"featured_media":15107,"comment_status":"open","ping_status":"closed","template":"","meta":[],"product_brand":[294],"product_cat":[313,312],"product_tag":[],"class_list":{"0":"post-12069","1":"product","2":"type-product","3":"status-publish","4":"has-post-thumbnail","6":"product_brand-head-the-beauty-tools","7":"product_cat-dulkiu-surinkejas","8":"product_cat-frezos-dulkiu-surinkejas","10":"first","11":"instock","12":"shipping-taxable","13":"purchasable","14":"product-type-simple"},"_links":{"self":[{"href":"https:\/\/geliai.lt\/lv\/wp-json\/wp\/v2\/product\/12069","targetHints":{"allow":["GET"]}}],"collection":[{"href":"https:\/\/geliai.lt\/lv\/wp-json\/wp\/v2\/product"}],"about":[{"href":"https:\/\/geliai.lt\/lv\/wp-json\/wp\/v2\/types\/product"}],"replies":[{"embeddable":true,"href":"https:\/\/geliai.lt\/lv\/wp-json\/wp\/v2\/comments?post=12069"}],"version-history":[{"count":8,"href":"https:\/\/geliai.lt\/lv\/wp-json\/wp\/v2\/product\/12069\/revisions"}],"predecessor-version":[{"id":15108,"href":"https:\/\/geliai.lt\/lv\/wp-json\/wp\/v2\/product\/12069\/revisions\/15108"}],"wp:featuredmedia":[{"embeddable":true,"href":"https:\/\/geliai.lt\/lv\/wp-json\/wp\/v2\/media\/15107"}],"wp:attachment":[{"href":"https:\/\/geliai.lt\/lv\/wp-json\/wp\/v2\/media?parent=12069"}],"wp:term":[{"taxonomy":"product_brand","embeddable":true,"href":"https:\/\/geliai.lt\/lv\/wp-json\/wp\/v2\/product_brand?post=12069"},{"taxonomy":"product_cat","embeddable":true,"href":"https:\/\/geliai.lt\/lv\/wp-json\/wp\/v2\/product_cat?post=12069"},{"taxonomy":"product_tag","embeddable":true,"href":"https:\/\/geliai.lt\/lv\/wp-json\/wp\/v2\/product_tag?post=12069"}],"curies":[{"name":"wp","href":"https:\/\/api.w.org\/{rel}","templated":true}]}}