{"id":12066,"date":"2025-09-25T16:09:55","date_gmt":"2025-09-25T13:09:55","guid":{"rendered":"https:\/\/geliai.lt\/?post_type=product&#038;p=12066"},"modified":"2026-02-17T14:04:42","modified_gmt":"2026-02-17T12:04:42","slug":"karbidinis-antgalis-kukuruzo","status":"publish","type":"product","link":"https:\/\/geliai.lt\/lv\/parduotuve\/antgaliai\/karbidinis-antgalis-kukuruzo\/","title":{"rendered":"Karb\u012bda uzgalis \u201eKukur\u016bzas forma\u201c, L-14 mm, \u00d86 mm"},"content":{"rendered":"<p data-start=\"841\" data-end=\"1137\"><strong data-start=\"841\" data-end=\"863\">Tehnisk\u0101s \u012bpa\u0161\u012bbas:<\/strong><br data-start=\"863\" data-end=\"866\" \/>Garums: 14 mm<br data-start=\"878\" data-end=\"881\" \/>Diametrs: 6 mm<br data-start=\"895\" data-end=\"898\" \/>Forma: kukur\u016bzas forma<br data-start=\"919\" data-end=\"922\" \/>Rievojuma veids: vienk\u0101r\u0161s ar papildus \u0161\u0137\u0113rsriev\u0101m<br data-start=\"971\" data-end=\"974\" \/>Materi\u0101ls: volframa karb\u012bds<br data-start=\"1001\" data-end=\"1004\" \/>P\u0101rkl\u0101jums: cirkonija neti-heat p\u0101rkl\u0101jums<br data-start=\"1030\" data-end=\"1033\" \/>Lieto\u0161ana: g\u0113la un g\u0113la laka k\u0101rti\u0146u no\u0146em\u0161anai un m\u0101ksl\u012bgo nagu korekcijai<br data-start=\"1107\" data-end=\"1110\" \/>Kods: HBZN-274C.060<\/p>","protected":false},"excerpt":{"rendered":"<h6>Karb\u012bda uzgalis \u201eKukur\u016bzas forma\u201c<\/h6>\n<p>\u0160is karb\u012bda uzgalis \u201eKukur\u016bzas forma\u201c paredz\u0113ts g\u0113la un g\u0113la laka k\u0101rti\u0146u no\u0146em\u0161anai un m\u0101ksl\u012bgo nagu korekcijai. Vienk\u0101r\u0161\u0101 rievot\u0101 strukt\u016bra ar papildu \u0161\u0137\u0113rsriev\u0101m nodro\u0161ina efekt\u012bvu un dro\u0161u darbu. Cirkonija neti-heat p\u0101rkl\u0101jums garant\u0113 ilg\u0101ku kalpo\u0161anas laiku un profesion\u0101lu lieto\u0161anu.<\/p>","protected":false},"featured_media":15110,"comment_status":"open","ping_status":"closed","template":"","meta":[],"product_brand":[294],"product_cat":[258,288,316],"product_tag":[],"class_list":{"0":"post-12066","1":"product","2":"type-product","3":"status-publish","4":"has-post-thumbnail","6":"product_brand-head-the-beauty-tools","7":"product_cat-antgaliai","8":"product_cat-instrumentai","9":"product_cat-karbidiniai-antgaliai","11":"first","12":"instock","13":"shipping-taxable","14":"purchasable","15":"product-type-simple"},"_links":{"self":[{"href":"https:\/\/geliai.lt\/lv\/wp-json\/wp\/v2\/product\/12066","targetHints":{"allow":["GET"]}}],"collection":[{"href":"https:\/\/geliai.lt\/lv\/wp-json\/wp\/v2\/product"}],"about":[{"href":"https:\/\/geliai.lt\/lv\/wp-json\/wp\/v2\/types\/product"}],"replies":[{"embeddable":true,"href":"https:\/\/geliai.lt\/lv\/wp-json\/wp\/v2\/comments?post=12066"}],"version-history":[{"count":3,"href":"https:\/\/geliai.lt\/lv\/wp-json\/wp\/v2\/product\/12066\/revisions"}],"predecessor-version":[{"id":15111,"href":"https:\/\/geliai.lt\/lv\/wp-json\/wp\/v2\/product\/12066\/revisions\/15111"}],"wp:featuredmedia":[{"embeddable":true,"href":"https:\/\/geliai.lt\/lv\/wp-json\/wp\/v2\/media\/15110"}],"wp:attachment":[{"href":"https:\/\/geliai.lt\/lv\/wp-json\/wp\/v2\/media?parent=12066"}],"wp:term":[{"taxonomy":"product_brand","embeddable":true,"href":"https:\/\/geliai.lt\/lv\/wp-json\/wp\/v2\/product_brand?post=12066"},{"taxonomy":"product_cat","embeddable":true,"href":"https:\/\/geliai.lt\/lv\/wp-json\/wp\/v2\/product_cat?post=12066"},{"taxonomy":"product_tag","embeddable":true,"href":"https:\/\/geliai.lt\/lv\/wp-json\/wp\/v2\/product_tag?post=12066"}],"curies":[{"name":"wp","href":"https:\/\/api.w.org\/{rel}","templated":true}]}}