{"id":12055,"date":"2025-09-25T14:32:20","date_gmt":"2025-09-25T11:32:20","guid":{"rendered":"https:\/\/geliai.lt\/?post_type=product&#038;p=12055"},"modified":"2026-02-17T14:11:40","modified_gmt":"2026-02-17T12:11:40","slug":"uzgalis-ar-lapstinam-l-65-23","status":"publish","type":"product","link":"https:\/\/geliai.lt\/lv\/parduotuve\/antgaliai\/antgalis-su-geleztemis-l-65-23\/","title":{"rendered":"Ner\u016bs\u0113jo\u0161\u0101 t\u0113rauda uzgalis ar asme\u0146iem L-6,5 mm, \u00d82,3 mm"},"content":{"rendered":"<p><strong data-start=\"919\" data-end=\"941\">Tehnisk\u0101s \u012bpa\u0161\u012bbas:<\/strong><br data-start=\"941\" data-end=\"944\" \/>Tips Uzgalis ar asme\u0146iem<br data-start=\"972\" data-end=\"975\" \/>Forma Ar asme\u0146iem<br data-start=\"994\" data-end=\"997\" \/>Materi\u0101ls Ner\u016bs\u0113jo\u0161ais t\u0113rauds<br data-start=\"1026\" data-end=\"1029\" \/>Garums 6,5 mm<br data-start=\"1041\" data-end=\"1044\" \/>Diametrs 2,3 mm<br data-start=\"1059\" data-end=\"1062\" \/>Pielietojums \u0100das sabiez\u0113jumu un tulznu no\u0146em\u0161anai<br data-start=\"1113\" data-end=\"1116\" \/>Dzi\u013cai p\u0113du t\u012br\u012b\u0161anai<br data-start=\"1139\" data-end=\"1142\" \/>Kods: HBST-224RF.023<\/p>","protected":false},"excerpt":{"rendered":"<h6>Ner\u016bs\u0113jo\u0161\u0101 t\u0113rauda uzgalis ar asme\u0146iem<\/h6>\n<p>Ner\u016bs\u0113jo\u0161\u0101 t\u0113rauda uzgalis ar asme\u0146iem (L-6,5 mm, \u00d82,3 mm) paredz\u0113ts efekt\u012bvai \u0101das sabiez\u0113jumu un tulznu no\u0146em\u0161anai, k\u0101 ar\u012b dzi\u013cai p\u0113du t\u012br\u012b\u0161anai. Uzgalis lieliski piem\u0113rots gan profesion\u0101lai, gan m\u0101jas pedik\u012bra lieto\u0161anai, nodro\u0161inot dro\u0161u un prec\u012bzu darbu.<\/p>","protected":false},"featured_media":15118,"comment_status":"open","ping_status":"closed","template":"","meta":[],"product_brand":[294],"product_cat":[258,288,318],"product_tag":[],"class_list":{"0":"post-12055","1":"product","2":"type-product","3":"status-publish","4":"has-post-thumbnail","6":"product_brand-head-the-beauty-tools","7":"product_cat-antgaliai","8":"product_cat-instrumentai","9":"product_cat-nerudijancio-plieno-antgaliai","11":"first","12":"instock","13":"shipping-taxable","14":"purchasable","15":"product-type-simple"},"_links":{"self":[{"href":"https:\/\/geliai.lt\/lv\/wp-json\/wp\/v2\/product\/12055","targetHints":{"allow":["GET"]}}],"collection":[{"href":"https:\/\/geliai.lt\/lv\/wp-json\/wp\/v2\/product"}],"about":[{"href":"https:\/\/geliai.lt\/lv\/wp-json\/wp\/v2\/types\/product"}],"replies":[{"embeddable":true,"href":"https:\/\/geliai.lt\/lv\/wp-json\/wp\/v2\/comments?post=12055"}],"version-history":[{"count":3,"href":"https:\/\/geliai.lt\/lv\/wp-json\/wp\/v2\/product\/12055\/revisions"}],"predecessor-version":[{"id":15119,"href":"https:\/\/geliai.lt\/lv\/wp-json\/wp\/v2\/product\/12055\/revisions\/15119"}],"wp:featuredmedia":[{"embeddable":true,"href":"https:\/\/geliai.lt\/lv\/wp-json\/wp\/v2\/media\/15118"}],"wp:attachment":[{"href":"https:\/\/geliai.lt\/lv\/wp-json\/wp\/v2\/media?parent=12055"}],"wp:term":[{"taxonomy":"product_brand","embeddable":true,"href":"https:\/\/geliai.lt\/lv\/wp-json\/wp\/v2\/product_brand?post=12055"},{"taxonomy":"product_cat","embeddable":true,"href":"https:\/\/geliai.lt\/lv\/wp-json\/wp\/v2\/product_cat?post=12055"},{"taxonomy":"product_tag","embeddable":true,"href":"https:\/\/geliai.lt\/lv\/wp-json\/wp\/v2\/product_tag?post=12055"}],"curies":[{"name":"wp","href":"https:\/\/api.w.org\/{rel}","templated":true}]}}