{"id":12051,"date":"2025-09-25T14:16:07","date_gmt":"2025-09-25T11:16:07","guid":{"rendered":"https:\/\/geliai.lt\/?post_type=product&#038;p=12051"},"modified":"2026-02-17T14:13:45","modified_gmt":"2026-02-17T12:13:45","slug":"sprauslas-liesma-l-59mm-12mm","status":"publish","type":"product","link":"https:\/\/geliai.lt\/lv\/parduotuve\/antgaliai\/antgalis-liepsna-l-59mm-12mm\/","title":{"rendered":"Ner\u016bs\u0113jo\u0161\u0101 t\u0113rauda uzgalis \u201eUgunsliesma\u201c L-5,9 mm, \u00d81,2 mm \u2013 neabraz\u012bvs"},"content":{"rendered":"<p><strong data-start=\"948\" data-end=\"970\">Tehnisk\u0101s \u012bpa\u0161\u012bbas:<\/strong><br data-start=\"970\" data-end=\"973\" \/>Tips Neabraz\u012bvs uzgalis<br data-start=\"1001\" data-end=\"1004\" \/>Forma Ugunsliesma<br data-start=\"1017\" data-end=\"1020\" \/>Materi\u0101ls Ner\u016bs\u0113jo\u0161ais t\u0113rauds<br data-start=\"1049\" data-end=\"1052\" \/>Garums 5,9 mm<br data-start=\"1064\" data-end=\"1067\" \/>Diametrs 1,2 mm<br data-start=\"1082\" data-end=\"1085\" \/>Pielietojums Maigai keratiniz\u0113tas \u0101das no\u0146em\u0161anai<br data-start=\"1135\" data-end=\"1138\" \/>Kutikulu pacel\u0161anai<br data-start=\"1154\" data-end=\"1157\" \/>S\u0101nu rull\u012b\u0161u pul\u0113\u0161anai<br data-start=\"1184\" data-end=\"1187\" \/>Kods: HBST-190NC.012<\/p>","protected":false},"excerpt":{"rendered":"<h6>Ner\u016bs\u0113jo\u0161\u0101 t\u0113rauda uzgalis Ugunsliesma<\/h6>\n<p>Ner\u016bs\u0113jo\u0161\u0101 t\u0113rauda uzgalis Ugunsliesma (L-5,9 mm, \u00d81,2 mm) \u2013 profesion\u0101ls r\u012bks nagu kop\u0161anai. \u0160is neabraz\u012bvais uzgalis paredz\u0113ts maigiem keratiniz\u0113tas \u0101das no\u0146em\u0161anai, kutikulu pacel\u0161anai, s\u0101nu rull\u012b\u0161u pul\u0113\u0161anai un m\u0101ksl\u012bgo nagu t\u012br\u012b\u0161anai. Piem\u0113rots gan profesion\u0101lai, gan m\u0101jas nagu kop\u0161anai, nodro\u0161inot prec\u012bzu, dro\u0161u un efekt\u012bvu darbu.<\/p>","protected":false},"featured_media":15121,"comment_status":"open","ping_status":"closed","template":"","meta":[],"product_brand":[294],"product_cat":[258,288,318],"product_tag":[],"class_list":{"0":"post-12051","1":"product","2":"type-product","3":"status-publish","4":"has-post-thumbnail","6":"product_brand-head-the-beauty-tools","7":"product_cat-antgaliai","8":"product_cat-instrumentai","9":"product_cat-nerudijancio-plieno-antgaliai","11":"first","12":"instock","13":"shipping-taxable","14":"purchasable","15":"product-type-simple"},"_links":{"self":[{"href":"https:\/\/geliai.lt\/lv\/wp-json\/wp\/v2\/product\/12051","targetHints":{"allow":["GET"]}}],"collection":[{"href":"https:\/\/geliai.lt\/lv\/wp-json\/wp\/v2\/product"}],"about":[{"href":"https:\/\/geliai.lt\/lv\/wp-json\/wp\/v2\/types\/product"}],"replies":[{"embeddable":true,"href":"https:\/\/geliai.lt\/lv\/wp-json\/wp\/v2\/comments?post=12051"}],"version-history":[{"count":3,"href":"https:\/\/geliai.lt\/lv\/wp-json\/wp\/v2\/product\/12051\/revisions"}],"predecessor-version":[{"id":15122,"href":"https:\/\/geliai.lt\/lv\/wp-json\/wp\/v2\/product\/12051\/revisions\/15122"}],"wp:featuredmedia":[{"embeddable":true,"href":"https:\/\/geliai.lt\/lv\/wp-json\/wp\/v2\/media\/15121"}],"wp:attachment":[{"href":"https:\/\/geliai.lt\/lv\/wp-json\/wp\/v2\/media?parent=12051"}],"wp:term":[{"taxonomy":"product_brand","embeddable":true,"href":"https:\/\/geliai.lt\/lv\/wp-json\/wp\/v2\/product_brand?post=12051"},{"taxonomy":"product_cat","embeddable":true,"href":"https:\/\/geliai.lt\/lv\/wp-json\/wp\/v2\/product_cat?post=12051"},{"taxonomy":"product_tag","embeddable":true,"href":"https:\/\/geliai.lt\/lv\/wp-json\/wp\/v2\/product_tag?post=12051"}],"curies":[{"name":"wp","href":"https:\/\/api.w.org\/{rel}","templated":true}]}}