{"id":12048,"date":"2025-09-25T14:02:15","date_gmt":"2025-09-25T11:02:15","guid":{"rendered":"https:\/\/geliai.lt\/?post_type=product&#038;p=12048"},"modified":"2026-02-17T14:15:41","modified_gmt":"2026-02-17T12:15:41","slug":"lazera-uzgalis-l-25mm-12mm","status":"publish","type":"product","link":"https:\/\/geliai.lt\/lv\/parduotuve\/antgaliai\/antgalis-laselis-l-25mm-12mm\/","title":{"rendered":"Ner\u016bs\u0113jo\u0161\u0101 t\u0113rauda uzgalis \u201ePil\u012bte\u201c L-2,5 mm, \u00d81,2 mm \u2013 neabraz\u012bvs"},"content":{"rendered":"<p><strong data-start=\"152\" data-end=\"174\">Tehnisk\u0101s \u012bpa\u0161\u012bbas:<\/strong><br data-start=\"174\" data-end=\"177\" \/>Tips Neabraz\u012bvs uzgalis<br data-start=\"205\" data-end=\"208\" \/>Forma Pil\u012bte<br data-start=\"221\" data-end=\"224\" \/>Materi\u0101ls Ner\u016bs\u0113jo\u0161ais t\u0113rauds<br data-start=\"253\" data-end=\"256\" \/>Garums 2,5 mm<br data-start=\"268\" data-end=\"271\" \/>Diametrs 1,2 mm<br data-start=\"286\" data-end=\"289\" \/>Pielietojums Maigai keratiniz\u0113tas \u0101das no\u0146em\u0161anai<br data-start=\"339\" data-end=\"342\" \/>Kutikulu pacel\u0161anai<br data-start=\"358\" data-end=\"361\" \/>S\u0101nu rull\u012b\u0161u pul\u0113\u0161anai<br data-start=\"388\" data-end=\"391\" \/>Kods: HBST-189NC.012<\/p>","protected":false},"excerpt":{"rendered":"<h6>Ner\u016bs\u0113jo\u0161\u0101 t\u0113rauda uzgalis Pil\u012bte<\/h6>\n<p data-start=\"550\" data-end=\"934\">\u201eNer\u016bs\u0113jo\u0161\u0101 t\u0113rauda uzgalis Pil\u012bte (L-2,5 mm, \u00d81,2 mm) \u2013 profesion\u0101ls un dro\u0161s r\u012bks nagu kop\u0161anai. \u0160is neabraz\u012bvais uzgalis paredz\u0113ts maigiem keratiniz\u0113tas \u0101das no\u0146em\u0161anai, kutikulu pacel\u0161anai, s\u0101nu rull\u012b\u0161u pul\u0113\u0161anai un m\u0101ksl\u012bgo nagu t\u012br\u012b\u0161anai. Ide\u0101li piem\u0113rots gan salonos, gan m\u0101jas lieto\u0161anai, nodro\u0161inot prec\u012bzu, dro\u0161u un efekt\u012bvu darbu.<\/p>","protected":false},"featured_media":15124,"comment_status":"closed","ping_status":"closed","template":"","meta":[],"product_brand":[294],"product_cat":[258,288,318],"product_tag":[],"class_list":{"0":"post-12048","1":"product","2":"type-product","3":"status-publish","4":"has-post-thumbnail","6":"product_brand-head-the-beauty-tools","7":"product_cat-antgaliai","8":"product_cat-instrumentai","9":"product_cat-nerudijancio-plieno-antgaliai","11":"first","12":"instock","13":"shipping-taxable","14":"purchasable","15":"product-type-simple"},"_links":{"self":[{"href":"https:\/\/geliai.lt\/lv\/wp-json\/wp\/v2\/product\/12048","targetHints":{"allow":["GET"]}}],"collection":[{"href":"https:\/\/geliai.lt\/lv\/wp-json\/wp\/v2\/product"}],"about":[{"href":"https:\/\/geliai.lt\/lv\/wp-json\/wp\/v2\/types\/product"}],"replies":[{"embeddable":true,"href":"https:\/\/geliai.lt\/lv\/wp-json\/wp\/v2\/comments?post=12048"}],"version-history":[{"count":4,"href":"https:\/\/geliai.lt\/lv\/wp-json\/wp\/v2\/product\/12048\/revisions"}],"predecessor-version":[{"id":15125,"href":"https:\/\/geliai.lt\/lv\/wp-json\/wp\/v2\/product\/12048\/revisions\/15125"}],"wp:featuredmedia":[{"embeddable":true,"href":"https:\/\/geliai.lt\/lv\/wp-json\/wp\/v2\/media\/15124"}],"wp:attachment":[{"href":"https:\/\/geliai.lt\/lv\/wp-json\/wp\/v2\/media?parent=12048"}],"wp:term":[{"taxonomy":"product_brand","embeddable":true,"href":"https:\/\/geliai.lt\/lv\/wp-json\/wp\/v2\/product_brand?post=12048"},{"taxonomy":"product_cat","embeddable":true,"href":"https:\/\/geliai.lt\/lv\/wp-json\/wp\/v2\/product_cat?post=12048"},{"taxonomy":"product_tag","embeddable":true,"href":"https:\/\/geliai.lt\/lv\/wp-json\/wp\/v2\/product_tag?post=12048"}],"curies":[{"name":"wp","href":"https:\/\/api.w.org\/{rel}","templated":true}]}}