{"id":12039,"date":"2025-09-25T12:40:03","date_gmt":"2025-09-25T09:40:03","guid":{"rendered":"https:\/\/geliai.lt\/?post_type=product&#038;p=12039"},"modified":"2026-02-17T14:48:47","modified_gmt":"2026-02-17T12:48:47","slug":"rounded-cone-xl-24x10-320grit","status":"publish","type":"product","link":"https:\/\/geliai.lt\/lv\/parduotuve\/antgaliai\/rounded-cone-xl-24x10-320grit\/","title":{"rendered":"Silikona uzgalis apa\u013c\u0101 konusa form\u0101 XL, 320 graudi, L 24 mm \u00d8 10 mm"},"content":{"rendered":"<p><strong data-start=\"975\" data-end=\"998\">Tehniskie dati<\/strong><br data-start=\"998\" data-end=\"1001\" \/>Forma: apa\u013c\u0161 konuss<br data-start=\"1021\" data-end=\"1024\" \/>Kr\u0101sa: br\u016bna<br data-start=\"1036\" data-end=\"1039\" \/>Izm\u0113rs: L 24 mm \u00d8 10 mm<br data-start=\"1061\" data-end=\"1064\" \/>Graudi: 320<br data-start=\"1073\" data-end=\"1076\" \/>Tips: pul\u0113\u0161anai<br data-start=\"1094\" data-end=\"1097\" \/>Kods: HSP-171.320.100<br data-start=\"1119\" data-end=\"1122\" \/>Lieto\u0161ana: nagu pul\u0113\u0161anai, dab\u012bgo nagu sp\u012bduma atjauno\u0161anai, \u0101das sl\u012bp\u0113\u0161anai<br data-start=\"1195\" data-end=\"1198\" \/>\u012apa\u0161\u012bbas: neizstaro siltumu, maigi no\u0146em kutikulas, aizsarg\u0101 nagus un \u0101du<\/p>","protected":false},"excerpt":{"rendered":"<h5>Silikona uzgalis apa\u013c\u0101 konusa form\u0101 XL<\/h5>\n<p>Atkl\u0101jiet profesion\u0101lu manik\u012bra r\u012bku \u2013 silikona uzgali apa\u013c\u0101 konusa form\u0101 XL, 320 graudi. \u0160is uzgalis ide\u0101li piem\u0113rots nagu pul\u0113\u0161anai, dab\u012bgo nagu sp\u012bduma atjauno\u0161anai un \u0101das sl\u012bp\u0113\u0161anai manik\u012bra laik\u0101. Konusa forma nodro\u0161ina \u0113rtu satv\u0113rienu un vienm\u0113r\u012bgu spiedienu. Uzgalis neizstaro siltumu, maigi no\u0146em kutikulas un aizsarg\u0101 nagus un \u0101du, padarot darbu \u0101tr\u0101ku, dro\u0161\u0101ku un pat\u012bkam\u0101ku.<\/p>","protected":false},"featured_media":15133,"comment_status":"open","ping_status":"closed","template":"","meta":[],"product_brand":[294],"product_cat":[258,288,317],"product_tag":[],"class_list":{"0":"post-12039","1":"product","2":"type-product","3":"status-publish","4":"has-post-thumbnail","6":"product_brand-head-the-beauty-tools","7":"product_cat-antgaliai","8":"product_cat-instrumentai","9":"product_cat-silikoniniai-antgaliai","11":"first","12":"instock","13":"shipping-taxable","14":"purchasable","15":"product-type-simple"},"_links":{"self":[{"href":"https:\/\/geliai.lt\/lv\/wp-json\/wp\/v2\/product\/12039","targetHints":{"allow":["GET"]}}],"collection":[{"href":"https:\/\/geliai.lt\/lv\/wp-json\/wp\/v2\/product"}],"about":[{"href":"https:\/\/geliai.lt\/lv\/wp-json\/wp\/v2\/types\/product"}],"replies":[{"embeddable":true,"href":"https:\/\/geliai.lt\/lv\/wp-json\/wp\/v2\/comments?post=12039"}],"version-history":[{"count":3,"href":"https:\/\/geliai.lt\/lv\/wp-json\/wp\/v2\/product\/12039\/revisions"}],"predecessor-version":[{"id":15134,"href":"https:\/\/geliai.lt\/lv\/wp-json\/wp\/v2\/product\/12039\/revisions\/15134"}],"wp:featuredmedia":[{"embeddable":true,"href":"https:\/\/geliai.lt\/lv\/wp-json\/wp\/v2\/media\/15133"}],"wp:attachment":[{"href":"https:\/\/geliai.lt\/lv\/wp-json\/wp\/v2\/media?parent=12039"}],"wp:term":[{"taxonomy":"product_brand","embeddable":true,"href":"https:\/\/geliai.lt\/lv\/wp-json\/wp\/v2\/product_brand?post=12039"},{"taxonomy":"product_cat","embeddable":true,"href":"https:\/\/geliai.lt\/lv\/wp-json\/wp\/v2\/product_cat?post=12039"},{"taxonomy":"product_tag","embeddable":true,"href":"https:\/\/geliai.lt\/lv\/wp-json\/wp\/v2\/product_tag?post=12039"}],"curies":[{"name":"wp","href":"https:\/\/api.w.org\/{rel}","templated":true}]}}