{"id":12007,"date":"2025-09-25T11:31:39","date_gmt":"2025-09-25T08:31:39","guid":{"rendered":"https:\/\/geliai.lt\/?post_type=product&#038;p=12007"},"modified":"2026-02-17T15:02:32","modified_gmt":"2026-02-17T13:02:32","slug":"silikoninis-xl-20x10-180grit","status":"publish","type":"product","link":"https:\/\/geliai.lt\/lv\/parduotuve\/antgaliai\/silikoninis-xl-20x10-180grit\/","title":{"rendered":"Silikona uzgalis cilindra form\u0101 XL, 180 graudi, L 20 mm \u00d8 10 mm"},"content":{"rendered":"<p><strong data-start=\"931\" data-end=\"954\">Tehniskie dati<\/strong><br data-start=\"954\" data-end=\"957\" \/>Forma: cilindrs<br data-start=\"973\" data-end=\"976\" \/>Kr\u0101sa: pel\u0113ka<br data-start=\"988\" data-end=\"991\" \/>Izm\u0113rs: L 20 mm \u00d8 10 mm<br data-start=\"1013\" data-end=\"1016\" \/>Graudi: 180<br data-start=\"1025\" data-end=\"1028\" \/>Tips: pul\u0113\u0161anai<br data-start=\"1046\" data-end=\"1049\" \/>Kods: HSP-510.180.100<br data-start=\"1069\" data-end=\"1072\" \/>Lieto\u0161ana: nagu pul\u0113\u0161anai, dab\u012bgo nagu sp\u012bduma atjauno\u0161anai, \u0101das sl\u012bp\u0113\u0161anai<br data-start=\"1145\" data-end=\"1148\" \/>\u012apa\u0161\u012bbas: neizstaro siltumu, maigi no\u0146em kutikulas, aizsarg\u0101 nagus un \u0101du<\/p>","protected":false},"excerpt":{"rendered":"<h6>Silikona uzgalis cilindra form\u0101<\/h6>\n<p>Atkl\u0101jiet profesion\u0101lu manik\u012bra r\u012bku \u2013 silikona uzgali cilindra form\u0101 XL, 180 graudi. \u0160is uzgalis ide\u0101li piem\u0113rots nagu pul\u0113\u0161anai, dab\u012bgo nagu sp\u012bduma atjauno\u0161anai un \u0101das sl\u012bp\u0113\u0161anai manik\u012bra laik\u0101. Cilindra forma nodro\u0161ina \u0113rtu satv\u0113rienu un vienm\u0113r\u012bgu spiedienu. Uzgalis neizstaro siltumu, maigi no\u0146em kutikulas un aizsarg\u0101 nagus un \u0101du, padarot darbu \u0101tr\u0101ku, dro\u0161\u0101ku un pat\u012bkam\u0101ku.<\/p>","protected":false},"featured_media":15145,"comment_status":"open","ping_status":"closed","template":"","meta":[],"product_brand":[294],"product_cat":[258,288,317],"product_tag":[],"class_list":{"0":"post-12007","1":"product","2":"type-product","3":"status-publish","4":"has-post-thumbnail","6":"product_brand-head-the-beauty-tools","7":"product_cat-antgaliai","8":"product_cat-instrumentai","9":"product_cat-silikoniniai-antgaliai","11":"first","12":"instock","13":"shipping-taxable","14":"purchasable","15":"product-type-simple"},"_links":{"self":[{"href":"https:\/\/geliai.lt\/lv\/wp-json\/wp\/v2\/product\/12007","targetHints":{"allow":["GET"]}}],"collection":[{"href":"https:\/\/geliai.lt\/lv\/wp-json\/wp\/v2\/product"}],"about":[{"href":"https:\/\/geliai.lt\/lv\/wp-json\/wp\/v2\/types\/product"}],"replies":[{"embeddable":true,"href":"https:\/\/geliai.lt\/lv\/wp-json\/wp\/v2\/comments?post=12007"}],"version-history":[{"count":5,"href":"https:\/\/geliai.lt\/lv\/wp-json\/wp\/v2\/product\/12007\/revisions"}],"predecessor-version":[{"id":15146,"href":"https:\/\/geliai.lt\/lv\/wp-json\/wp\/v2\/product\/12007\/revisions\/15146"}],"wp:featuredmedia":[{"embeddable":true,"href":"https:\/\/geliai.lt\/lv\/wp-json\/wp\/v2\/media\/15145"}],"wp:attachment":[{"href":"https:\/\/geliai.lt\/lv\/wp-json\/wp\/v2\/media?parent=12007"}],"wp:term":[{"taxonomy":"product_brand","embeddable":true,"href":"https:\/\/geliai.lt\/lv\/wp-json\/wp\/v2\/product_brand?post=12007"},{"taxonomy":"product_cat","embeddable":true,"href":"https:\/\/geliai.lt\/lv\/wp-json\/wp\/v2\/product_cat?post=12007"},{"taxonomy":"product_tag","embeddable":true,"href":"https:\/\/geliai.lt\/lv\/wp-json\/wp\/v2\/product_tag?post=12007"}],"curies":[{"name":"wp","href":"https:\/\/api.w.org\/{rel}","templated":true}]}}