{"id":11762,"date":"2025-09-03T18:23:22","date_gmt":"2025-09-03T15:23:22","guid":{"rendered":"https:\/\/geliai.lt\/?post_type=product&#038;p=11762"},"modified":"2026-04-06T21:25:48","modified_gmt":"2026-04-06T18:25:48","slug":"gumijas-pamatne-ton-9-bez-hema-tpo","status":"publish","type":"product","link":"https:\/\/geliai.lt\/lv\/parduotuve\/bazes-ir-topai\/rubber-base-ton-9-no-hema-tpo\/","title":{"rendered":"Gumijas pamatne TON 9 (bez hema\/tpo)"},"content":{"rendered":"","protected":false},"excerpt":{"rendered":"<h5>Rubber Base TON 9 \u2013 stipra, pati izl\u012bdzin\u0101jo\u0161\u0101 b\u0101ze, piem\u0113rota k\u0101 pamats g\u0113llakai vai dab\u012bgo nagu nostiprin\u0101\u0161anai.<\/h5>\n<h6>(bez HEMA, bez TPO)<\/h6>\n<p>\u2022 Vid\u0113jas biezuma konsistence \u013cauj \u0113rti uzkl\u0101t Rubber Base un vienm\u0113r\u012bgi to izklied\u0113t uz naga.<br \/>\n\u2022 Veido sp\u0113c\u012bgu, ilgnotur\u012bgu b\u0101zes k\u0101rtu, kas nelob\u0101s, neatl\u016bzt un nemaina kr\u0101su.<br \/>\n\u2022 Elast\u012bg\u0101 formula piel\u0101gojas dab\u012bgajam nagam, t\u0101 samazinot plais\u0101\u0161anas risku.<br \/>\n\u2022 Piem\u0113rota lieto\u0161anai gan k\u0101 pamats zem g\u0113llakas, gan k\u0101 sl\u0113pojo\u0161ais sl\u0101nis dab\u012bg\u0101kam izskatam.<br \/>\n\u2022 Lietojot kop\u0101 ar g\u0113llak\u0101m \u2013 nodro\u0161ina notur\u012bbu l\u012bdz 4 ned\u0113\u013c\u0101m.<\/p>","protected":false},"featured_media":11763,"comment_status":"open","ping_status":"closed","template":"","meta":[],"product_brand":[290],"product_cat":[179,211,580],"product_tag":[],"class_list":{"0":"post-11762","1":"product","2":"type-product","3":"status-publish","4":"has-post-thumbnail","6":"product_brand-monarx-nails","7":"product_cat-bazes-ir-topai","8":"product_cat-komufliazo-bazes","9":"product_cat-nagu-prieziura","11":"first","12":"instock","13":"shipping-taxable","14":"purchasable","15":"product-type-variable"},"_links":{"self":[{"href":"https:\/\/geliai.lt\/lv\/wp-json\/wp\/v2\/product\/11762","targetHints":{"allow":["GET"]}}],"collection":[{"href":"https:\/\/geliai.lt\/lv\/wp-json\/wp\/v2\/product"}],"about":[{"href":"https:\/\/geliai.lt\/lv\/wp-json\/wp\/v2\/types\/product"}],"replies":[{"embeddable":true,"href":"https:\/\/geliai.lt\/lv\/wp-json\/wp\/v2\/comments?post=11762"}],"version-history":[{"count":3,"href":"https:\/\/geliai.lt\/lv\/wp-json\/wp\/v2\/product\/11762\/revisions"}],"predecessor-version":[{"id":15184,"href":"https:\/\/geliai.lt\/lv\/wp-json\/wp\/v2\/product\/11762\/revisions\/15184"}],"wp:featuredmedia":[{"embeddable":true,"href":"https:\/\/geliai.lt\/lv\/wp-json\/wp\/v2\/media\/11763"}],"wp:attachment":[{"href":"https:\/\/geliai.lt\/lv\/wp-json\/wp\/v2\/media?parent=11762"}],"wp:term":[{"taxonomy":"product_brand","embeddable":true,"href":"https:\/\/geliai.lt\/lv\/wp-json\/wp\/v2\/product_brand?post=11762"},{"taxonomy":"product_cat","embeddable":true,"href":"https:\/\/geliai.lt\/lv\/wp-json\/wp\/v2\/product_cat?post=11762"},{"taxonomy":"product_tag","embeddable":true,"href":"https:\/\/geliai.lt\/lv\/wp-json\/wp\/v2\/product_tag?post=11762"}],"curies":[{"name":"wp","href":"https:\/\/api.w.org\/{rel}","templated":true}]}}