{"id":11702,"date":"2025-09-03T13:11:47","date_gmt":"2025-09-03T10:11:47","guid":{"rendered":"https:\/\/geliai.lt\/?post_type=product&#038;p=11702"},"modified":"2026-04-01T10:18:27","modified_gmt":"2026-04-01T07:18:27","slug":"softglow-gel-6-bez-hema-tpo","status":"publish","type":"product","link":"https:\/\/geliai.lt\/lv\/parduotuve\/gelio-sistema\/softglow-gel-6-no-hema-tpo\/","title":{"rendered":"SoftGlow GEL 6 (bez hema\/tpo)"},"content":{"rendered":"","protected":false},"excerpt":{"rendered":"<h5>SoftGlow GEL 6 \u2013 dabiskam un nevainojamam manik\u012bram<\/h5>\n<h6>(bez HEMA, bez TPO)<\/h6>\n<p>Monarx SoftGlow gels \u2013 maigas, bezsk\u0101bes formulas nagu model\u0113\u0161anas gels, kas \u013cauj izveidot nevainojamu manik\u012bru un dabisku nagu izskatu.<br \/>\n\u2022 Vid\u0113ja bl\u012bvuma SoftGlow gels nodro\u0161ina \u0101tru un \u0113rtu uzkl\u0101\u0161anu \u2013 tas nesm\u0113r\u0113jas, viegli un vienm\u0113r\u012bgi izkl\u0101jas.<br \/>\n\u2022 Nepiecie\u0161ams pamatsl\u0101nis.<br \/>\n\u2022 Izveido iztur\u012bgu un ilgnotur\u012bgu p\u0101rkl\u0101jumu, kas nelob\u0101s, nepl\u012bs\u012bs, nemain\u012bs kr\u0101su un ir viegli no\u0146emams.<br \/>\n\u2022 Samazin\u0101t\u0101 siltuma iedarb\u012bba nodro\u0161ina liel\u0101ku komfortu proced\u016bras laik\u0101.<br \/>\n\u2022 Maiga klasisko to\u0146u palete \u013cauj izmantot SoftGlow gelus k\u0101 patst\u0101v\u012bgu produktu \u2013 tie vienlaikus darbojas gan k\u0101 pamatsl\u0101nis, gan k\u0101 kr\u0101sas sl\u0101nis.<\/p>","protected":false},"featured_media":11703,"comment_status":"open","ping_status":"closed","template":"","meta":[],"product_brand":[290],"product_cat":[180,580,308],"product_tag":[],"class_list":{"0":"post-11702","1":"product","2":"type-product","3":"status-publish","4":"has-post-thumbnail","6":"product_brand-monarx-nails","7":"product_cat-gelio-sistema","8":"product_cat-nagu-prieziura","9":"product_cat-softglow-geliai","11":"first","12":"instock","13":"shipping-taxable","14":"purchasable","15":"product-type-variable"},"_links":{"self":[{"href":"https:\/\/geliai.lt\/lv\/wp-json\/wp\/v2\/product\/11702","targetHints":{"allow":["GET"]}}],"collection":[{"href":"https:\/\/geliai.lt\/lv\/wp-json\/wp\/v2\/product"}],"about":[{"href":"https:\/\/geliai.lt\/lv\/wp-json\/wp\/v2\/types\/product"}],"replies":[{"embeddable":true,"href":"https:\/\/geliai.lt\/lv\/wp-json\/wp\/v2\/comments?post=11702"}],"version-history":[{"count":4,"href":"https:\/\/geliai.lt\/lv\/wp-json\/wp\/v2\/product\/11702\/revisions"}],"predecessor-version":[{"id":15197,"href":"https:\/\/geliai.lt\/lv\/wp-json\/wp\/v2\/product\/11702\/revisions\/15197"}],"wp:featuredmedia":[{"embeddable":true,"href":"https:\/\/geliai.lt\/lv\/wp-json\/wp\/v2\/media\/11703"}],"wp:attachment":[{"href":"https:\/\/geliai.lt\/lv\/wp-json\/wp\/v2\/media?parent=11702"}],"wp:term":[{"taxonomy":"product_brand","embeddable":true,"href":"https:\/\/geliai.lt\/lv\/wp-json\/wp\/v2\/product_brand?post=11702"},{"taxonomy":"product_cat","embeddable":true,"href":"https:\/\/geliai.lt\/lv\/wp-json\/wp\/v2\/product_cat?post=11702"},{"taxonomy":"product_tag","embeddable":true,"href":"https:\/\/geliai.lt\/lv\/wp-json\/wp\/v2\/product_tag?post=11702"}],"curies":[{"name":"wp","href":"https:\/\/api.w.org\/{rel}","templated":true}]}}