{"id":11383,"date":"2025-07-31T17:24:43","date_gmt":"2025-07-31T14:24:43","guid":{"rendered":"https:\/\/geliai.lt\/?post_type=product&#038;p=11383"},"modified":"2026-02-26T20:14:29","modified_gmt":"2026-02-26T18:14:29","slug":"fluid-gel-018-no-hema-tpo","status":"publish","type":"product","link":"https:\/\/geliai.lt\/lv\/parduotuve\/fluid-geliai\/fluid-gel-018-no-hema-tpo\/","title":{"rendered":"\u0160\u0136IDRAIS GELS 018 (bez hema\/tpo)"},"content":{"rendered":"<ul>\n<li>\n<p data-path-to-node=\"1,0,0\"><b data-path-to-node=\"1,0,0\" data-index-in-node=\"0\">Maksim\u0101la dro\u0161\u012bba<\/b> \u2013 dro\u0161\u0101 formula \u201eHema-Free\u201c un \u201eTPO-Free\u201c bez kait\u012bgiem monom\u0113riem nodro\u0161ina dro\u0161u darbu un samazina aler\u0123isku reakciju iesp\u0113jam\u012bbu gan meistaram, gan klientam.<\/p>\n<\/li>\n<li>\n<p data-path-to-node=\"1,1,0\"><b data-path-to-node=\"1,1,0\" data-index-in-node=\"0\">\u201eBezv\u012b\u013cu tehnika<\/b> \u2013 \u0161\u0137idr\u0101, pa\u0161izl\u012bdzino\u0161\u0101 tekst\u016bra \u013cauj \u017eelejai vienm\u0113r\u012bgi izplat\u012bties uz naga virsmas, t\u0101p\u0113c produktam nav nepiecie\u0161ama papildu v\u012bl\u0113\u0161ana un tas iev\u0113rojami sa\u012bsina iedarb\u012bbas laiku.<\/p>\n<\/li>\n<li>\n<p data-path-to-node=\"1,2,0\"><b data-path-to-node=\"1,2,0\" data-index-in-node=\"0\">Univers\u0101ls sp\u0113ks<\/b> \u2013 inovat\u012bv\u0101 formula nodro\u0161ina iztur\u012bgu, nepl\u012bsto\u0161u p\u0101rkl\u0101jumu, kas ir ide\u0101li piem\u0113rots nagu veido\u0161anai, pieaudz\u0113\u0161anai un boj\u0101tu nagu stiprin\u0101\u0161anai, saglab\u0101jot stabilit\u0101ti vair\u0101kas ned\u0113\u013cas.<\/p>\n<\/li>\n<\/ul>","protected":false},"excerpt":{"rendered":"<h5>\u0160\u0137idrais gels 018<\/h5>\n<h6>(bez HEMA, bez TPO)<\/h6>\n<p>Inovat\u012bvs \u0161\u0137idrais nagu g\u0113ls Monarx FLUID GEL \u2013 kvalit\u0101te, dro\u0161\u012bba un profesion\u0101li rezult\u0101ti<br \/>\nIepaz\u012bstin\u0101m ar Monarx FLUID GEL \u2013 modernu \u0161\u0137idro nagu g\u0113lu, izstr\u0101d\u0101tu, dom\u0101jot par J\u016bsu roku vesel\u012bbu un vides aizsardz\u012bbu. \u0160is produkts izce\u013cas ar ilgm\u016b\u017e\u012bbu, vieglu lieto\u0161anu un dro\u0161u sast\u0101vu, padarot to ide\u0101li piem\u0113rotu gan profesion\u0101lai, gan m\u0101jas lieto\u0161anai.<\/p>","protected":false},"featured_media":15269,"comment_status":"open","ping_status":"closed","template":"","meta":[],"product_brand":[290],"product_cat":[306,180,580],"product_tag":[],"class_list":{"0":"post-11383","1":"product","2":"type-product","3":"status-publish","4":"has-post-thumbnail","6":"product_brand-monarx-nails","7":"product_cat-fluid-geliai","8":"product_cat-gelio-sistema","9":"product_cat-nagu-prieziura","11":"first","12":"instock","13":"sale","14":"shipping-taxable","15":"purchasable","16":"product-type-variable"},"_links":{"self":[{"href":"https:\/\/geliai.lt\/lv\/wp-json\/wp\/v2\/product\/11383","targetHints":{"allow":["GET"]}}],"collection":[{"href":"https:\/\/geliai.lt\/lv\/wp-json\/wp\/v2\/product"}],"about":[{"href":"https:\/\/geliai.lt\/lv\/wp-json\/wp\/v2\/types\/product"}],"replies":[{"embeddable":true,"href":"https:\/\/geliai.lt\/lv\/wp-json\/wp\/v2\/comments?post=11383"}],"version-history":[{"count":3,"href":"https:\/\/geliai.lt\/lv\/wp-json\/wp\/v2\/product\/11383\/revisions"}],"predecessor-version":[{"id":15270,"href":"https:\/\/geliai.lt\/lv\/wp-json\/wp\/v2\/product\/11383\/revisions\/15270"}],"wp:featuredmedia":[{"embeddable":true,"href":"https:\/\/geliai.lt\/lv\/wp-json\/wp\/v2\/media\/15269"}],"wp:attachment":[{"href":"https:\/\/geliai.lt\/lv\/wp-json\/wp\/v2\/media?parent=11383"}],"wp:term":[{"taxonomy":"product_brand","embeddable":true,"href":"https:\/\/geliai.lt\/lv\/wp-json\/wp\/v2\/product_brand?post=11383"},{"taxonomy":"product_cat","embeddable":true,"href":"https:\/\/geliai.lt\/lv\/wp-json\/wp\/v2\/product_cat?post=11383"},{"taxonomy":"product_tag","embeddable":true,"href":"https:\/\/geliai.lt\/lv\/wp-json\/wp\/v2\/product_tag?post=11383"}],"curies":[{"name":"wp","href":"https:\/\/api.w.org\/{rel}","templated":true}]}}