{"id":11095,"date":"2025-07-17T18:40:47","date_gmt":"2025-07-17T15:40:47","guid":{"rendered":"https:\/\/geliai.lt\/?post_type=product&#038;p=11095"},"modified":"2026-02-17T20:20:15","modified_gmt":"2026-02-17T18:20:15","slug":"keramikas-uzgalis-laso-forma-o18-mm-30-mm-sarkans","status":"publish","type":"product","link":"https:\/\/geliai.lt\/lv\/parduotuve\/antgaliai\/keraminis-antgalis-laso-formos-o18-mm-30-mm-raudonas\/","title":{"rendered":"Keramiskais uzgalis l\u0101ses form\u0101, \u00d81,8 mm \/ 3,0 mm (sarkans)"},"content":{"rendered":"<p data-start=\"531\" data-end=\"784\">Keramiskais l\u0101ses formas uzgalis, paredz\u0113ts prec\u012bzai nagu kutikulas vai gr\u016bti aizsniedzamu vietu pul\u0113\u0161anai. Diametrs 1,8 mm, garums 3,0 mm.<br data-start=\"666\" data-end=\"669\" \/>Sarkanais gredzens apz\u012bm\u0113 maigu rupjuma pak\u0101pi. Izgatavots no keramikas, piem\u0113rots darbam ar g\u0113lu vai akrilu.<\/p>","protected":false},"excerpt":{"rendered":"<h3>Keramiskais uzgalis l\u0101ses form\u0101<\/h3>\n<p>Keramiskais uzgalis l\u0101ses form\u0101 ar noapa\u013cotu galu. Diametrs 1,8 mm, garums 3,0 mm. Sarkan\u0101 mar\u0137\u0113juma noz\u012bme \u2013 maigs rupjums.<\/p>","protected":false},"featured_media":15302,"comment_status":"open","ping_status":"closed","template":"","meta":[],"product_brand":[294],"product_cat":[258,288,307],"product_tag":[],"class_list":{"0":"post-11095","1":"product","2":"type-product","3":"status-publish","4":"has-post-thumbnail","6":"product_brand-head-the-beauty-tools","7":"product_cat-antgaliai","8":"product_cat-instrumentai","9":"product_cat-keraminiai-antgaliai","11":"first","12":"instock","13":"shipping-taxable","14":"purchasable","15":"product-type-simple"},"_links":{"self":[{"href":"https:\/\/geliai.lt\/lv\/wp-json\/wp\/v2\/product\/11095","targetHints":{"allow":["GET"]}}],"collection":[{"href":"https:\/\/geliai.lt\/lv\/wp-json\/wp\/v2\/product"}],"about":[{"href":"https:\/\/geliai.lt\/lv\/wp-json\/wp\/v2\/types\/product"}],"replies":[{"embeddable":true,"href":"https:\/\/geliai.lt\/lv\/wp-json\/wp\/v2\/comments?post=11095"}],"version-history":[{"count":5,"href":"https:\/\/geliai.lt\/lv\/wp-json\/wp\/v2\/product\/11095\/revisions"}],"predecessor-version":[{"id":15303,"href":"https:\/\/geliai.lt\/lv\/wp-json\/wp\/v2\/product\/11095\/revisions\/15303"}],"wp:featuredmedia":[{"embeddable":true,"href":"https:\/\/geliai.lt\/lv\/wp-json\/wp\/v2\/media\/15302"}],"wp:attachment":[{"href":"https:\/\/geliai.lt\/lv\/wp-json\/wp\/v2\/media?parent=11095"}],"wp:term":[{"taxonomy":"product_brand","embeddable":true,"href":"https:\/\/geliai.lt\/lv\/wp-json\/wp\/v2\/product_brand?post=11095"},{"taxonomy":"product_cat","embeddable":true,"href":"https:\/\/geliai.lt\/lv\/wp-json\/wp\/v2\/product_cat?post=11095"},{"taxonomy":"product_tag","embeddable":true,"href":"https:\/\/geliai.lt\/lv\/wp-json\/wp\/v2\/product_tag?post=11095"}],"curies":[{"name":"wp","href":"https:\/\/api.w.org\/{rel}","templated":true}]}}