{"id":11073,"date":"2025-07-17T17:22:15","date_gmt":"2025-07-17T14:22:15","guid":{"rendered":"https:\/\/geliai.lt\/?post_type=product&#038;p=11073"},"modified":"2026-02-18T10:00:47","modified_gmt":"2026-02-18T08:00:47","slug":"keramikas-sprauslas-konuss","status":"publish","type":"product","link":"https:\/\/geliai.lt\/lv\/parduotuve\/antgaliai\/keraminis-antgalis-kugio\/","title":{"rendered":"Keramiskais uzgalis apa\u013ca konusa formas, \u00d82,3 mm \/ 8 mm (zils)"},"content":{"rendered":"<p data-start=\"485\" data-end=\"773\">Keramiskais uzgalis apa\u013ca konusa formas profesion\u0101lai manik\u012bra un pedik\u012bra veik\u0161anai. Izgatavots no augstas kvalit\u0101tes keramikas, karstumiztur\u012bgs un ilgm\u016b\u017e\u012bgs. Diametrs 2,3 mm, garums 8 mm. Zils gredzens apz\u012bm\u0113 vid\u0113jas rupj\u012bbas virsmu, piem\u0113rotu darbam ar g\u0113lu, akrilu un polig\u0113lu.<\/p>","protected":false},"excerpt":{"rendered":"<h5>Keramiskais uzgalis konusa formas<\/h5>\n<p>Keramiskais uzgalis apa\u013ca konusa formas ar dro\u0161u gali\u0146u. Diametrs 2,3 mm, garums 8 mm. Zils mar\u0137\u0113jums \u2013 vid\u0113jas rupj\u012bbas.<\/p>","protected":false},"featured_media":15325,"comment_status":"open","ping_status":"closed","template":"","meta":[],"product_brand":[294],"product_cat":[258,288,307],"product_tag":[],"class_list":{"0":"post-11073","1":"product","2":"type-product","3":"status-publish","4":"has-post-thumbnail","6":"product_brand-head-the-beauty-tools","7":"product_cat-antgaliai","8":"product_cat-instrumentai","9":"product_cat-keraminiai-antgaliai","11":"first","12":"instock","13":"shipping-taxable","14":"purchasable","15":"product-type-simple"},"_links":{"self":[{"href":"https:\/\/geliai.lt\/lv\/wp-json\/wp\/v2\/product\/11073","targetHints":{"allow":["GET"]}}],"collection":[{"href":"https:\/\/geliai.lt\/lv\/wp-json\/wp\/v2\/product"}],"about":[{"href":"https:\/\/geliai.lt\/lv\/wp-json\/wp\/v2\/types\/product"}],"replies":[{"embeddable":true,"href":"https:\/\/geliai.lt\/lv\/wp-json\/wp\/v2\/comments?post=11073"}],"version-history":[{"count":4,"href":"https:\/\/geliai.lt\/lv\/wp-json\/wp\/v2\/product\/11073\/revisions"}],"predecessor-version":[{"id":15326,"href":"https:\/\/geliai.lt\/lv\/wp-json\/wp\/v2\/product\/11073\/revisions\/15326"}],"wp:featuredmedia":[{"embeddable":true,"href":"https:\/\/geliai.lt\/lv\/wp-json\/wp\/v2\/media\/15325"}],"wp:attachment":[{"href":"https:\/\/geliai.lt\/lv\/wp-json\/wp\/v2\/media?parent=11073"}],"wp:term":[{"taxonomy":"product_brand","embeddable":true,"href":"https:\/\/geliai.lt\/lv\/wp-json\/wp\/v2\/product_brand?post=11073"},{"taxonomy":"product_cat","embeddable":true,"href":"https:\/\/geliai.lt\/lv\/wp-json\/wp\/v2\/product_cat?post=11073"},{"taxonomy":"product_tag","embeddable":true,"href":"https:\/\/geliai.lt\/lv\/wp-json\/wp\/v2\/product_tag?post=11073"}],"curies":[{"name":"wp","href":"https:\/\/api.w.org\/{rel}","templated":true}]}}