{"id":11062,"date":"2025-07-17T16:42:28","date_gmt":"2025-07-17T13:42:28","guid":{"rendered":"https:\/\/geliai.lt\/?post_type=product&#038;p=11062"},"modified":"2026-02-18T10:08:18","modified_gmt":"2026-02-18T08:08:18","slug":"keraminis-antgalis-5-mm-13-mm","status":"publish","type":"product","link":"https:\/\/geliai.lt\/lv\/parduotuve\/antgaliai\/keraminis-antgalis-5-mm-13-mm\/","title":{"rendered":"Keramiskais uzgalis cilindra formas ar dro\u0161u gali\u0146u, \u00d86,5 mm \/ 13 mm (sarkans)"},"content":{"rendered":"<p>Keramiskais uzgalis cilindra formas ar dro\u0161u gali\u0146u \u2013 ide\u0101ls r\u012bks darbam ar g\u0113la vai akrila mas\u0101m. Pateicoties keramikas strukt\u016brai, tas ir ilgm\u016b\u017e\u012bgs un karstumiztur\u012bgs. Sarkans mar\u0137\u0113jums nor\u0101da uzgal\u012b rupjuma l\u012bmeni (maigas rupj\u012bbas).<\/p>","protected":false},"excerpt":{"rendered":"<h5>Keramiskais uzgalis cilindrs<\/h5>\n<p>Augstas kvalit\u0101tes keramiskais uzgalis cilindra formas ar dro\u0161u gali\u0146u. Piem\u0113rots profesion\u0101lai manik\u012bra un pedik\u012bra lieto\u0161anai.<\/p>","protected":false},"featured_media":15331,"comment_status":"open","ping_status":"closed","template":"","meta":[],"product_brand":[294],"product_cat":[258,288,307],"product_tag":[],"class_list":{"0":"post-11062","1":"product","2":"type-product","3":"status-publish","4":"has-post-thumbnail","6":"product_brand-head-the-beauty-tools","7":"product_cat-antgaliai","8":"product_cat-instrumentai","9":"product_cat-keraminiai-antgaliai","11":"first","12":"instock","13":"shipping-taxable","14":"purchasable","15":"product-type-simple"},"_links":{"self":[{"href":"https:\/\/geliai.lt\/lv\/wp-json\/wp\/v2\/product\/11062","targetHints":{"allow":["GET"]}}],"collection":[{"href":"https:\/\/geliai.lt\/lv\/wp-json\/wp\/v2\/product"}],"about":[{"href":"https:\/\/geliai.lt\/lv\/wp-json\/wp\/v2\/types\/product"}],"replies":[{"embeddable":true,"href":"https:\/\/geliai.lt\/lv\/wp-json\/wp\/v2\/comments?post=11062"}],"version-history":[{"count":7,"href":"https:\/\/geliai.lt\/lv\/wp-json\/wp\/v2\/product\/11062\/revisions"}],"predecessor-version":[{"id":15332,"href":"https:\/\/geliai.lt\/lv\/wp-json\/wp\/v2\/product\/11062\/revisions\/15332"}],"wp:featuredmedia":[{"embeddable":true,"href":"https:\/\/geliai.lt\/lv\/wp-json\/wp\/v2\/media\/15331"}],"wp:attachment":[{"href":"https:\/\/geliai.lt\/lv\/wp-json\/wp\/v2\/media?parent=11062"}],"wp:term":[{"taxonomy":"product_brand","embeddable":true,"href":"https:\/\/geliai.lt\/lv\/wp-json\/wp\/v2\/product_brand?post=11062"},{"taxonomy":"product_cat","embeddable":true,"href":"https:\/\/geliai.lt\/lv\/wp-json\/wp\/v2\/product_cat?post=11062"},{"taxonomy":"product_tag","embeddable":true,"href":"https:\/\/geliai.lt\/lv\/wp-json\/wp\/v2\/product_tag?post=11062"}],"curies":[{"name":"wp","href":"https:\/\/api.w.org\/{rel}","templated":true}]}}