{"id":10942,"date":"2025-07-02T16:24:44","date_gmt":"2025-07-02T13:24:44","guid":{"rendered":"https:\/\/geliai.lt\/?post_type=product&#038;p=10942"},"modified":"2026-03-20T19:47:13","modified_gmt":"2026-03-20T17:47:13","slug":"perlu-zeleja-4","status":"publish","type":"product","link":"https:\/\/geliai.lt\/lv\/parduotuve\/gelio-sistema\/pearl-gel-4\/","title":{"rendered":"Pearl Gels 4 \u2013 G\u0113ls nagu pieaudz\u0113\u0161anai"},"content":{"rendered":"<ul>\n<li>\n<p data-path-to-node=\"1,0,0\"><b data-path-to-node=\"1,0,0\" data-index-in-node=\"0\">Dro\u0161a lieto\u0161ana<\/b> \u2013 produkts nesatur agres\u012bvas \u0137\u012bmiskas sast\u0101vda\u013cas un potenci\u0101lus alerg\u0113nus, t\u0101p\u0113c \u017eeleja neizraisa \u0101das kairin\u0101jumu un ir piem\u0113rota jut\u012bgiem nagiem.<\/p>\n<\/li>\n<li>\n<p data-path-to-node=\"1,1,0\"><b data-path-to-node=\"1,1,0\" data-index-in-node=\"0\">Darba efektivit\u0101te<\/b> \u2013 augstas kvalit\u0101tes formula ir izstr\u0101d\u0101ta, lai samazin\u0101tu manik\u012bra laiku, nodro\u0161inot profesion\u0101lus rezult\u0101tus gan salonos, gan m\u0101j\u0101s.<\/p>\n<\/li>\n<li>\n<p data-path-to-node=\"1,2,0\"><b data-path-to-node=\"1,2,0\" data-index-in-node=\"0\">Tehnisk\u0101s \u012bpa\u0161\u012bbas<\/b> \u2013 pla\u0161a to\u0146u palete un materi\u0101la viegla sadale \u013cauj sasniegt rezult\u0101tu, kas saglab\u0101jas l\u012bdz pat 4 ned\u0113\u013c\u0101m bez atsp\u012bduma vai meh\u0101niskiem boj\u0101jumiem.<\/p>\n<\/li>\n<\/ul>","protected":false},"excerpt":{"rendered":"<h5>P\u0113r\u013cu g\u0113ls 4<\/h5>\n<h6>(bez HEMA, bez TPO)<\/h6>\n<p>B\u016bvniec\u012bbas g\u0113ls Pearl Gel \u2013 daudzfunkcion\u0101ls un dro\u0161s risin\u0101jums<br \/>\nPearl Gel b\u016bvniec\u012bbas g\u0113ls ir daudzfunkcion\u0101ls produkts, jo apvieno pamatg\u0113la, b\u016bvniec\u012bbas un sp\u012bduma g\u0113la \u012bpa\u0161\u012bbas vien\u0101. Tas ir lielisks risin\u0101jums tiem, kas v\u0113las skaistus un ilgnotur\u012bgus nagus bez aler\u0123ijas vai \u0101das kairin\u0101juma riska.<\/p>","protected":false},"featured_media":15370,"comment_status":"open","ping_status":"closed","template":"","meta":[],"product_brand":[290],"product_cat":[180,580,305],"product_tag":[],"class_list":{"0":"post-10942","1":"product","2":"type-product","3":"status-publish","4":"has-post-thumbnail","6":"product_brand-monarx-nails","7":"product_cat-gelio-sistema","8":"product_cat-nagu-prieziura","9":"product_cat-pearl-geliai","11":"first","12":"instock","13":"shipping-taxable","14":"purchasable","15":"product-type-variable"},"_links":{"self":[{"href":"https:\/\/geliai.lt\/lv\/wp-json\/wp\/v2\/product\/10942","targetHints":{"allow":["GET"]}}],"collection":[{"href":"https:\/\/geliai.lt\/lv\/wp-json\/wp\/v2\/product"}],"about":[{"href":"https:\/\/geliai.lt\/lv\/wp-json\/wp\/v2\/types\/product"}],"replies":[{"embeddable":true,"href":"https:\/\/geliai.lt\/lv\/wp-json\/wp\/v2\/comments?post=10942"}],"version-history":[{"count":3,"href":"https:\/\/geliai.lt\/lv\/wp-json\/wp\/v2\/product\/10942\/revisions"}],"predecessor-version":[{"id":15371,"href":"https:\/\/geliai.lt\/lv\/wp-json\/wp\/v2\/product\/10942\/revisions\/15371"}],"wp:featuredmedia":[{"embeddable":true,"href":"https:\/\/geliai.lt\/lv\/wp-json\/wp\/v2\/media\/15370"}],"wp:attachment":[{"href":"https:\/\/geliai.lt\/lv\/wp-json\/wp\/v2\/media?parent=10942"}],"wp:term":[{"taxonomy":"product_brand","embeddable":true,"href":"https:\/\/geliai.lt\/lv\/wp-json\/wp\/v2\/product_brand?post=10942"},{"taxonomy":"product_cat","embeddable":true,"href":"https:\/\/geliai.lt\/lv\/wp-json\/wp\/v2\/product_cat?post=10942"},{"taxonomy":"product_tag","embeddable":true,"href":"https:\/\/geliai.lt\/lv\/wp-json\/wp\/v2\/product_tag?post=10942"}],"curies":[{"name":"wp","href":"https:\/\/api.w.org\/{rel}","templated":true}]}}