{"id":10838,"date":"2025-06-18T19:32:25","date_gmt":"2025-06-18T16:32:25","guid":{"rendered":"https:\/\/geliai.lt\/?post_type=product&#038;p=10838"},"modified":"2026-03-31T14:25:16","modified_gmt":"2026-03-31T11:25:16","slug":"jogurta-zeleja-8","status":"publish","type":"product","link":"https:\/\/geliai.lt\/lv\/parduotuve\/gelio-sistema\/yogurt-gel-8\/","title":{"rendered":"YOGURT Gel 8 \u2013 g\u0113ls nagu pieaudz\u0113\u0161anai"},"content":{"rendered":"<ul>\n<li>\n<p data-path-to-node=\"1,0,0\"><b data-path-to-node=\"1,0,0\" data-index-in-node=\"0\">Dro\u0161a lieto\u0161ana<\/b> \u2013 vienf\u0101zes nagu \u017eeleja ir ra\u017eota bez HEMA un TPO komponentiem, kas iev\u0113rojami samazina aler\u0123isku reakciju risku un nodro\u0161ina dro\u0161u darbu.<\/p>\n<\/li>\n<li>\n<p data-path-to-node=\"1,1,0\"><b data-path-to-node=\"1,1,0\" data-index-in-node=\"0\">Univers\u0101ls pielietojums<\/b> \u2013 produkts ir piem\u0113rots pieaudz\u0113jumiem uz \u0161abloniem, uzga\u013ciem un darbam ar dubult\u0101m form\u0101m, k\u0101 ar\u012b &quot;fran\u010du&quot; uzga\u013cu un &quot;princeses nagu&quot; dizainu veido\u0161anai.<\/p>\n<\/li>\n<li>\n<p data-path-to-node=\"1,2,0\"><b data-path-to-node=\"1,2,0\" data-index-in-node=\"0\">Darba efektivit\u0101te<\/b> \u2013 sast\u0101v\u0101 eso\u0161\u0101s maz\u0101s folijas da\u013ci\u0146as \u013cauj veikt gal\u012bgo manik\u012bru, neizmantojot papildu lakas vai dekorat\u012bvus virsk\u0101rtas p\u0101rkl\u0101jumus; lab\u0101kai sa\u0137erei ieteicams izmantot gumijas b\u0101zi.<\/p>\n<\/li>\n<\/ul>","protected":false},"excerpt":{"rendered":"<h5>Yogurt G\u0113ls<\/h5>\n<h6>(bez HEMA, bez TPO)<\/h6>\n<p>(bez HEMA) \u2013 tas ir vienf\u0101zes g\u0113ls ar smalk\u0101m folijas da\u013ci\u0146\u0101m, ide\u0101li piem\u0113rots nagu pieaudz\u0113\u0161anai uz formas, tip\u0161iem, k\u0101 ar\u012b darbam ar dual form\u0101m. Lieliski piem\u0113rots \u0101tram un efekt\u012bvam manik\u012bram bez lak\u0101m un folijas virsk\u0101rt\u0101m. Produkts piem\u0113rots gan fran\u010du stila nagu gali\u0146iem, gan \u201cprincess nails\u201d stilam. Ieteicams izmantot caursp\u012bd\u012bgu b\u0101zi lab\u0101kai sa\u0137erei (Rubber Base Monarx).<\/p>","protected":false},"featured_media":16945,"comment_status":"open","ping_status":"closed","template":"","meta":[],"product_brand":[290],"product_cat":[180,580,279],"product_tag":[],"class_list":{"0":"post-10838","1":"product","2":"type-product","3":"status-publish","4":"has-post-thumbnail","6":"product_brand-monarx-nails","7":"product_cat-gelio-sistema","8":"product_cat-nagu-prieziura","9":"product_cat-yogurt-gel","11":"first","12":"instock","13":"shipping-taxable","14":"purchasable","15":"product-type-variable"},"_links":{"self":[{"href":"https:\/\/geliai.lt\/lv\/wp-json\/wp\/v2\/product\/10838","targetHints":{"allow":["GET"]}}],"collection":[{"href":"https:\/\/geliai.lt\/lv\/wp-json\/wp\/v2\/product"}],"about":[{"href":"https:\/\/geliai.lt\/lv\/wp-json\/wp\/v2\/types\/product"}],"replies":[{"embeddable":true,"href":"https:\/\/geliai.lt\/lv\/wp-json\/wp\/v2\/comments?post=10838"}],"version-history":[{"count":3,"href":"https:\/\/geliai.lt\/lv\/wp-json\/wp\/v2\/product\/10838\/revisions"}],"predecessor-version":[{"id":15406,"href":"https:\/\/geliai.lt\/lv\/wp-json\/wp\/v2\/product\/10838\/revisions\/15406"}],"wp:featuredmedia":[{"embeddable":true,"href":"https:\/\/geliai.lt\/lv\/wp-json\/wp\/v2\/media\/16945"}],"wp:attachment":[{"href":"https:\/\/geliai.lt\/lv\/wp-json\/wp\/v2\/media?parent=10838"}],"wp:term":[{"taxonomy":"product_brand","embeddable":true,"href":"https:\/\/geliai.lt\/lv\/wp-json\/wp\/v2\/product_brand?post=10838"},{"taxonomy":"product_cat","embeddable":true,"href":"https:\/\/geliai.lt\/lv\/wp-json\/wp\/v2\/product_cat?post=10838"},{"taxonomy":"product_tag","embeddable":true,"href":"https:\/\/geliai.lt\/lv\/wp-json\/wp\/v2\/product_tag?post=10838"}],"curies":[{"name":"wp","href":"https:\/\/api.w.org\/{rel}","templated":true}]}}