{"id":10809,"date":"2025-06-16T14:46:24","date_gmt":"2025-06-16T11:46:24","guid":{"rendered":"https:\/\/geliai.lt\/?post_type=product&#038;p=10809"},"modified":"2026-02-26T21:29:08","modified_gmt":"2026-02-26T19:29:08","slug":"salona-laukums","status":"publish","type":"product","link":"https:\/\/geliai.lt\/lv\/parduotuve\/nagu-prieziura\/salon-square\/","title":{"rendered":"DUAL nagu formas kvadr\u0101tveida (salona square), 120 gab."},"content":{"rendered":"","protected":false},"excerpt":{"rendered":"<h5>Salona laukums<\/h5>\n<p>Monarx formas ir elast\u012bgas, labi notur formu un viegli no\u0146emamas p\u0113c jebkuras materi\u0101la polimeriz\u0101cijas \u2013 bez jebk\u0101d\u0101m gr\u016bt\u012bb\u0101m.<\/p>\n<p>Piem\u0113rotas lieto\u0161anai gan ar akr\u012blge\u013cu, gan ar b\u016bvniec\u012bbas g\u0113lu.<br \/>\nUzlabot\u0101 formas konstrukcija \u013cauj viegli izveidot perfektu naga arhitekt\u016bru \u2013 pat ies\u0101c\u0113j\u0101m meistariem.<\/p>\n<p>Komplekt\u0101 ir 120 gabalu \u2013 12 izm\u0113ri pa 10 gabalu, t\u0101p\u0113c viegli atrad\u012bsiet piem\u0113rotu formu katram nagam.<\/p>","protected":false},"featured_media":15426,"comment_status":"open","ping_status":"closed","template":"","meta":[],"product_brand":[290],"product_cat":[580,253,304],"product_tag":[],"class_list":{"0":"post-10809","1":"product","2":"type-product","3":"status-publish","4":"has-post-thumbnail","6":"product_brand-monarx-nails","7":"product_cat-nagu-prieziura","8":"product_cat-priauginimas","9":"product_cat-virsutines-formeles","11":"first","12":"instock","13":"shipping-taxable","14":"purchasable","15":"product-type-simple"},"_links":{"self":[{"href":"https:\/\/geliai.lt\/lv\/wp-json\/wp\/v2\/product\/10809","targetHints":{"allow":["GET"]}}],"collection":[{"href":"https:\/\/geliai.lt\/lv\/wp-json\/wp\/v2\/product"}],"about":[{"href":"https:\/\/geliai.lt\/lv\/wp-json\/wp\/v2\/types\/product"}],"replies":[{"embeddable":true,"href":"https:\/\/geliai.lt\/lv\/wp-json\/wp\/v2\/comments?post=10809"}],"version-history":[{"count":3,"href":"https:\/\/geliai.lt\/lv\/wp-json\/wp\/v2\/product\/10809\/revisions"}],"predecessor-version":[{"id":15427,"href":"https:\/\/geliai.lt\/lv\/wp-json\/wp\/v2\/product\/10809\/revisions\/15427"}],"wp:featuredmedia":[{"embeddable":true,"href":"https:\/\/geliai.lt\/lv\/wp-json\/wp\/v2\/media\/15426"}],"wp:attachment":[{"href":"https:\/\/geliai.lt\/lv\/wp-json\/wp\/v2\/media?parent=10809"}],"wp:term":[{"taxonomy":"product_brand","embeddable":true,"href":"https:\/\/geliai.lt\/lv\/wp-json\/wp\/v2\/product_brand?post=10809"},{"taxonomy":"product_cat","embeddable":true,"href":"https:\/\/geliai.lt\/lv\/wp-json\/wp\/v2\/product_cat?post=10809"},{"taxonomy":"product_tag","embeddable":true,"href":"https:\/\/geliai.lt\/lv\/wp-json\/wp\/v2\/product_tag?post=10809"}],"curies":[{"name":"wp","href":"https:\/\/api.w.org\/{rel}","templated":true}]}}