{"id":10758,"date":"2025-06-06T19:01:44","date_gmt":"2025-06-06T16:01:44","guid":{"rendered":"https:\/\/geliai.lt\/?post_type=product&#038;p=10758"},"modified":"2026-03-20T19:48:41","modified_gmt":"2026-03-20T17:48:41","slug":"libby-gelis","status":"publish","type":"product","link":"https:\/\/geliai.lt\/lv\/parduotuve\/gelio-sistema\/libby-gelis\/","title":{"rendered":"Libby Gels \u2013 G\u0113ls nagu pieaudz\u0113\u0161anai"},"content":{"rendered":"<ul>\n<li>\n<p data-path-to-node=\"1,0,0\"><b data-path-to-node=\"1,0,0\" data-index-in-node=\"0\">Dro\u0161a un \u0113rta lieto\u0161ana<\/b> \u2013 produkts ir ra\u017eots bez HEMA, TPO, sk\u0101b\u0113m vai cit\u0101m agres\u012bv\u0101m viel\u0101m, t\u0101p\u0113c tas ir piem\u0113rots jut\u012bg\u0101m nagu pl\u0101ksn\u0113m, un samazin\u0101t\u0101 siltuma saj\u016bta polimeriz\u0101cijas laik\u0101 nodro\u0161ina klienta komfortu.<\/p>\n<\/li>\n<li>\n<p data-path-to-node=\"1,1,0\"><b data-path-to-node=\"1,1,0\" data-index-in-node=\"0\">Univers\u0101las model\u0113\u0161anas funkcijas<\/b> \u2013 vid\u0113ji biezs, pa\u0161izl\u012bdzino\u0161s g\u0113ls, kas nepl\u016bst un ir lieliski piem\u0113rots pieaudz\u0113jumiem ar aug\u0161\u0113jo vai apak\u0161\u0113jo formu, dabisko nagu stiprin\u0101\u0161anai un deform\u0113tu nagu pl\u0101t\u0146u korekcijai.<\/p>\n<\/li>\n<li>\n<p data-path-to-node=\"1,2,0\"><b data-path-to-node=\"1,2,0\" data-index-in-node=\"0\">Meh\u0101nisk\u0101 iztur\u012bba un efektivit\u0101te<\/b> \u2013 stiprina v\u0101jus nagus, pie\u0161\u0137irot tiem stabilit\u0101ti, nesaraujas un ne\u0161\u0137e\u013cas, un gai\u0161ais tonis \u013cauj stiprin\u0101t un kr\u0101sot vien\u0101 sol\u012b, t\u0101d\u0113j\u0101di ietaupot darba laiku.<\/p>\n<\/li>\n<\/ul>","protected":false},"excerpt":{"rendered":"<h5>Libby G\u0113ls (bez HEMA, bez TPO)<\/h5>\n<p>M\u012blest\u012bba no pirm\u0101 piesk\u0101riena!<br \/>\nRomantisks gels ar smalk\u0101m mirdzo\u0161\u0101m da\u013ci\u0146\u0101m noteikti iepatiksies katrai klientei.<\/p>","protected":false},"featured_media":10759,"comment_status":"open","ping_status":"closed","template":"","meta":[],"product_brand":[290],"product_cat":[180,580,303],"product_tag":[],"class_list":{"0":"post-10758","1":"product","2":"type-product","3":"status-publish","4":"has-post-thumbnail","6":"product_brand-monarx-nails","7":"product_cat-gelio-sistema","8":"product_cat-nagu-prieziura","9":"product_cat-star-darklings-geliai","11":"first","12":"instock","13":"shipping-taxable","14":"purchasable","15":"product-type-variable"},"_links":{"self":[{"href":"https:\/\/geliai.lt\/lv\/wp-json\/wp\/v2\/product\/10758","targetHints":{"allow":["GET"]}}],"collection":[{"href":"https:\/\/geliai.lt\/lv\/wp-json\/wp\/v2\/product"}],"about":[{"href":"https:\/\/geliai.lt\/lv\/wp-json\/wp\/v2\/types\/product"}],"replies":[{"embeddable":true,"href":"https:\/\/geliai.lt\/lv\/wp-json\/wp\/v2\/comments?post=10758"}],"version-history":[{"count":3,"href":"https:\/\/geliai.lt\/lv\/wp-json\/wp\/v2\/product\/10758\/revisions"}],"predecessor-version":[{"id":15435,"href":"https:\/\/geliai.lt\/lv\/wp-json\/wp\/v2\/product\/10758\/revisions\/15435"}],"wp:featuredmedia":[{"embeddable":true,"href":"https:\/\/geliai.lt\/lv\/wp-json\/wp\/v2\/media\/10759"}],"wp:attachment":[{"href":"https:\/\/geliai.lt\/lv\/wp-json\/wp\/v2\/media?parent=10758"}],"wp:term":[{"taxonomy":"product_brand","embeddable":true,"href":"https:\/\/geliai.lt\/lv\/wp-json\/wp\/v2\/product_brand?post=10758"},{"taxonomy":"product_cat","embeddable":true,"href":"https:\/\/geliai.lt\/lv\/wp-json\/wp\/v2\/product_cat?post=10758"},{"taxonomy":"product_tag","embeddable":true,"href":"https:\/\/geliai.lt\/lv\/wp-json\/wp\/v2\/product_tag?post=10758"}],"curies":[{"name":"wp","href":"https:\/\/api.w.org\/{rel}","templated":true}]}}