{"id":10595,"date":"2025-06-01T14:05:10","date_gmt":"2025-06-01T11:05:10","guid":{"rendered":"https:\/\/geliai.lt\/?post_type=product&#038;p=10595"},"modified":"2026-03-02T19:19:12","modified_gmt":"2026-03-02T17:19:12","slug":"neona-zeleja-2","status":"publish","type":"product","link":"https:\/\/geliai.lt\/lv\/parduotuve\/gelio-sistema\/neon-gel-2\/","title":{"rendered":"NEON GEL 2 \u2013 g\u0113ls nagu pieaudz\u0113\u0161anai"},"content":{"rendered":"<ul>\n<li>\n<p data-path-to-node=\"1,0,0\"><b data-path-to-node=\"1,0,0\" data-index-in-node=\"0\">Dro\u0161a lieto\u0161ana<\/b> \u2013 produkts nesatur HEMA un TPO komponentus, kas iev\u0113rojami samazina aler\u0123isku reakciju risku un nodro\u0161ina dro\u0161u darbu jut\u012bgiem klientiem.<\/p>\n<\/li>\n<li>\n<p data-path-to-node=\"1,1,0\"><b data-path-to-node=\"1,1,0\" data-index-in-node=\"0\">Augsta pretest\u012bba<\/b> \u2013 g\u0113ls ir \u0101rk\u0101rt\u012bgi iztur\u012bgs un notur\u012bgs pret meh\u0101niskiem boj\u0101jumiem, nodro\u0161inot, ka manik\u012brs paliks nemain\u012bgs vis\u0101 valk\u0101\u0161anas laik\u0101.<\/p>\n<\/li>\n<li>\n<p data-path-to-node=\"1,2,0\"><b data-path-to-node=\"1,2,0\" data-index-in-node=\"0\">Lieto\u0161anas ieteikumi<\/b> \u2013 lai nodro\u0161in\u0101tu maksim\u0101lu sa\u0137eri, pirms lieto\u0161anas ieteicams uzkl\u0101t caursp\u012bd\u012bgu b\u0101zes p\u0101rkl\u0101jumu (piem\u0113ram, Rubber Base Monarx).<\/p>\n<\/li>\n<\/ul>","protected":false},"excerpt":{"rendered":"<h5>NEONA G\u0112LS (bez HEMA, bez TPO)<\/h5>\n<p>Vienf\u0101zes, ciets g\u0113ls, lieliski piem\u0113rots dab\u012bg\u0101s naga pl\u0101tnes atjauno\u0161anai, k\u0101 ar\u012b model\u0113\u0161anai un pagarin\u0101\u0161anai uz formas vai naga gali\u0146a.<br \/>\nPateicoties unik\u0101laj\u0101m atsevi\u0161\u0137o sast\u0101vda\u013cu proporcij\u0101m, \u0161is kr\u0101sainais g\u0113ls ir lieliski piem\u0113rots da\u017e\u0101d\u0101m nagu model\u0113\u0161anas tehnik\u0101m, tostarp dubultaj\u0101m form\u0101m un tehnikai bez v\u012bl\u0113\u0161anas.<\/p>","protected":false},"featured_media":15455,"comment_status":"open","ping_status":"closed","template":"","meta":[],"product_brand":[290],"product_cat":[180,580,301],"product_tag":[],"class_list":{"0":"post-10595","1":"product","2":"type-product","3":"status-publish","4":"has-post-thumbnail","6":"product_brand-monarx-nails","7":"product_cat-gelio-sistema","8":"product_cat-nagu-prieziura","9":"product_cat-neon-geliai","11":"first","12":"instock","13":"shipping-taxable","14":"purchasable","15":"product-type-simple"},"_links":{"self":[{"href":"https:\/\/geliai.lt\/lv\/wp-json\/wp\/v2\/product\/10595","targetHints":{"allow":["GET"]}}],"collection":[{"href":"https:\/\/geliai.lt\/lv\/wp-json\/wp\/v2\/product"}],"about":[{"href":"https:\/\/geliai.lt\/lv\/wp-json\/wp\/v2\/types\/product"}],"replies":[{"embeddable":true,"href":"https:\/\/geliai.lt\/lv\/wp-json\/wp\/v2\/comments?post=10595"}],"version-history":[{"count":3,"href":"https:\/\/geliai.lt\/lv\/wp-json\/wp\/v2\/product\/10595\/revisions"}],"predecessor-version":[{"id":15454,"href":"https:\/\/geliai.lt\/lv\/wp-json\/wp\/v2\/product\/10595\/revisions\/15454"}],"wp:featuredmedia":[{"embeddable":true,"href":"https:\/\/geliai.lt\/lv\/wp-json\/wp\/v2\/media\/15455"}],"wp:attachment":[{"href":"https:\/\/geliai.lt\/lv\/wp-json\/wp\/v2\/media?parent=10595"}],"wp:term":[{"taxonomy":"product_brand","embeddable":true,"href":"https:\/\/geliai.lt\/lv\/wp-json\/wp\/v2\/product_brand?post=10595"},{"taxonomy":"product_cat","embeddable":true,"href":"https:\/\/geliai.lt\/lv\/wp-json\/wp\/v2\/product_cat?post=10595"},{"taxonomy":"product_tag","embeddable":true,"href":"https:\/\/geliai.lt\/lv\/wp-json\/wp\/v2\/product_tag?post=10595"}],"curies":[{"name":"wp","href":"https:\/\/api.w.org\/{rel}","templated":true}]}}