{"id":10560,"date":"2025-06-01T12:29:11","date_gmt":"2025-06-01T09:29:11","guid":{"rendered":"https:\/\/geliai.lt\/?post_type=product&#038;p=10560"},"modified":"2026-03-20T20:02:53","modified_gmt":"2026-03-20T18:02:53","slug":"nimfa-01","status":"publish","type":"product","link":"https:\/\/geliai.lt\/lv\/parduotuve\/gelio-sistema\/nimfa-01\/","title":{"rendered":"NIMFA 01 \u2013 dekorat\u012bvais g\u0113ls"},"content":{"rendered":"<p>Cietin\u0101\u0161anas laiks:<br \/>\nViena sp\u012bd\u012bga g\u0113la k\u0101rta ciet\u0113\u0161anas laiks LED vai UV\/LED lamp\u0101s \u2013 1 min\u016bte.<\/p>","protected":false},"excerpt":{"rendered":"<h5>NIMFAS 01<\/h5>\n<p>Caursp\u012bd\u012bgs dekorat\u012bvais NIMFA g\u0113ls, pies\u0101tin\u0101ts ar da\u017e\u0101du formu un izm\u0113ru mirdzumiem \u2013 gan apa\u013ciem, gan se\u0161st\u016bra form\u0101m. Pateicoties tam, j\u016bsu nagi izskat\u012bsies neticami spilgti, tr\u012bsdimension\u0101li un mirdzo\u0161i.<\/p>\n<p>Mirdzumu g\u0113lu var izmantot gan k\u0101 galveno dekorat\u012bvo k\u0101rtu, gan, veidojot efektus uz da\u017e\u0101diem pamatumiem ar hibr\u012bdg\u0113liem jebkur\u0101 ton\u012b. Lai pastiprin\u0101tu un uzsv\u0113rtu sp\u012bdumu un dzi\u013cumu, pabeigto dizainu ieteicams p\u0101rkl\u0101t ar aug\u0161\u0113jo lako k\u0101rtu.<\/p>\n<p>Sp\u012bdo\u0161\u0101s g\u0113la da\u013ci\u0146as rada br\u012bni\u0161\u0137\u012bgu hologr\u0101fisku efektu, kas jebkurai manik\u012bra kompoz\u012bcijai pie\u0161\u0137ir dzi\u013cumu, tr\u012bsdimension\u0101lu izskatu un pasakainu skaistumu. Mirdzumu g\u0113ls uz nagiem izskat\u0101s \u013coti iespaid\u012bgi.<\/p>\n<p>To ir viegli uzkl\u0101t, tas lieliski p\u0101rkl\u0101j nagus un dro\u0161i no\u0146emams. Manik\u012brs saglab\u0101jas vair\u0101kas ned\u0113\u013cas, iztur\u012bgs pret skr\u0101p\u0113jumiem.<\/p>","protected":false},"featured_media":15475,"comment_status":"open","ping_status":"closed","template":"","meta":[],"product_brand":[290],"product_cat":[180,580,302],"product_tag":[],"class_list":{"0":"post-10560","1":"product","2":"type-product","3":"status-publish","4":"has-post-thumbnail","6":"product_brand-monarx-nails","7":"product_cat-gelio-sistema","8":"product_cat-nagu-prieziura","9":"product_cat-nimfa-dekoratyvine","11":"first","12":"instock","13":"shipping-taxable","14":"purchasable","15":"product-type-simple"},"_links":{"self":[{"href":"https:\/\/geliai.lt\/lv\/wp-json\/wp\/v2\/product\/10560","targetHints":{"allow":["GET"]}}],"collection":[{"href":"https:\/\/geliai.lt\/lv\/wp-json\/wp\/v2\/product"}],"about":[{"href":"https:\/\/geliai.lt\/lv\/wp-json\/wp\/v2\/types\/product"}],"replies":[{"embeddable":true,"href":"https:\/\/geliai.lt\/lv\/wp-json\/wp\/v2\/comments?post=10560"}],"version-history":[{"count":4,"href":"https:\/\/geliai.lt\/lv\/wp-json\/wp\/v2\/product\/10560\/revisions"}],"predecessor-version":[{"id":15476,"href":"https:\/\/geliai.lt\/lv\/wp-json\/wp\/v2\/product\/10560\/revisions\/15476"}],"wp:featuredmedia":[{"embeddable":true,"href":"https:\/\/geliai.lt\/lv\/wp-json\/wp\/v2\/media\/15475"}],"wp:attachment":[{"href":"https:\/\/geliai.lt\/lv\/wp-json\/wp\/v2\/media?parent=10560"}],"wp:term":[{"taxonomy":"product_brand","embeddable":true,"href":"https:\/\/geliai.lt\/lv\/wp-json\/wp\/v2\/product_brand?post=10560"},{"taxonomy":"product_cat","embeddable":true,"href":"https:\/\/geliai.lt\/lv\/wp-json\/wp\/v2\/product_cat?post=10560"},{"taxonomy":"product_tag","embeddable":true,"href":"https:\/\/geliai.lt\/lv\/wp-json\/wp\/v2\/product_tag?post=10560"}],"curies":[{"name":"wp","href":"https:\/\/api.w.org\/{rel}","templated":true}]}}