{"id":10526,"date":"2025-05-22T19:29:27","date_gmt":"2025-05-22T16:29:27","guid":{"rendered":"https:\/\/geliai.lt\/?post_type=product&#038;p=10526"},"modified":"2026-04-21T22:12:40","modified_gmt":"2026-04-21T19:12:40","slug":"platina-gels-6","status":"publish","type":"product","link":"https:\/\/geliai.lt\/lv\/parduotuve\/gelio-sistema\/platinum-gel-6\/","title":{"rendered":"PLATINUM GEL 6 \u2013 g\u0113ls nagu pagarin\u0101\u0161anai"},"content":{"rendered":"<ul>\n<li>\n<p data-path-to-node=\"1,0,0\"><b data-path-to-node=\"1,0,0\" data-index-in-node=\"0\">Daudzfunkcion\u0101ls dizains<\/b> \u2013 g\u0113ls ir piem\u0113rots struktur\u0101lu &quot;fran\u010du&quot; stila nagu gali\u0146u un &quot;princeses nagu&quot; tipa dizainu veido\u0161anai.<\/p>\n<\/li>\n<li>\n<p data-path-to-node=\"1,1,0\"><b data-path-to-node=\"1,1,0\" data-index-in-node=\"0\">Darba efektivit\u0101te<\/b> \u2013 produkta \u012bpa\u0161\u012bbas \u013cauj samazin\u0101t izmantoto produktu daudzumu un sa\u012bsin\u0101t proced\u016bras laiku.<\/p>\n<\/li>\n<li>\n<p data-path-to-node=\"1,2,0\"><b data-path-to-node=\"1,2,0\" data-index-in-node=\"0\">Lieto\u0161anas ieteikumi<\/b> \u2013 lai nodro\u0161in\u0101tu maksim\u0101lu sa\u0137eri ar nagu pl\u0101ksni, pirms g\u0113la ar da\u013ci\u0146\u0101m uzkl\u0101\u0161anas ieteicams izmantot caursp\u012bd\u012bgu b\u0101zi (piem\u0113ram, Monarx Rubber Base).<\/p>\n<\/li>\n<\/ul>","protected":false},"excerpt":{"rendered":"<h5>PLAT\u012aNA G\u0112LS 6<\/h5>\n<p>PLATINUM GEL (bez HEMA, bez TPO) \u2013 vienf\u0101zes g\u0113ls ar smalki sagrieztu sudraba foliju.<br \/>\nPateicoties savam iztur\u012bgumam, tas lieliski piem\u0113rots nagu pagarin\u0101\u0161anai, izmantojot formas vai tip\u0161us, neatkar\u012bgi no garuma.<br \/>\nTas ar\u012b ide\u0101li piem\u0113rots pagarin\u0101\u0161anai, izmantojot \u201edual form\u201c formas.<br \/>\nPateicoties unik\u0101laj\u0101m \u012bpa\u0161\u012bb\u0101m, \u0161is g\u0113ls \u013cauj veikt \u0101tru un \u013coti efekt\u012bgu manik\u012bru bez papildu laka vai folijas virs\u0113j\u0101 sl\u0101\u0146a.<\/p>","protected":false},"featured_media":15508,"comment_status":"open","ping_status":"closed","template":"","meta":[],"product_brand":[290],"product_cat":[180,580,299],"product_tag":[],"class_list":{"0":"post-10526","1":"product","2":"type-product","3":"status-publish","4":"has-post-thumbnail","6":"product_brand-monarx-nails","7":"product_cat-gelio-sistema","8":"product_cat-nagu-prieziura","9":"product_cat-platinum-geliai","11":"first","12":"instock","13":"shipping-taxable","14":"purchasable","15":"product-type-variable"},"_links":{"self":[{"href":"https:\/\/geliai.lt\/lv\/wp-json\/wp\/v2\/product\/10526","targetHints":{"allow":["GET"]}}],"collection":[{"href":"https:\/\/geliai.lt\/lv\/wp-json\/wp\/v2\/product"}],"about":[{"href":"https:\/\/geliai.lt\/lv\/wp-json\/wp\/v2\/types\/product"}],"replies":[{"embeddable":true,"href":"https:\/\/geliai.lt\/lv\/wp-json\/wp\/v2\/comments?post=10526"}],"version-history":[{"count":6,"href":"https:\/\/geliai.lt\/lv\/wp-json\/wp\/v2\/product\/10526\/revisions"}],"predecessor-version":[{"id":15510,"href":"https:\/\/geliai.lt\/lv\/wp-json\/wp\/v2\/product\/10526\/revisions\/15510"}],"wp:featuredmedia":[{"embeddable":true,"href":"https:\/\/geliai.lt\/lv\/wp-json\/wp\/v2\/media\/15508"}],"wp:attachment":[{"href":"https:\/\/geliai.lt\/lv\/wp-json\/wp\/v2\/media?parent=10526"}],"wp:term":[{"taxonomy":"product_brand","embeddable":true,"href":"https:\/\/geliai.lt\/lv\/wp-json\/wp\/v2\/product_brand?post=10526"},{"taxonomy":"product_cat","embeddable":true,"href":"https:\/\/geliai.lt\/lv\/wp-json\/wp\/v2\/product_cat?post=10526"},{"taxonomy":"product_tag","embeddable":true,"href":"https:\/\/geliai.lt\/lv\/wp-json\/wp\/v2\/product_tag?post=10526"}],"curies":[{"name":"wp","href":"https:\/\/api.w.org\/{rel}","templated":true}]}}