{"id":10325,"date":"2025-05-12T20:40:17","date_gmt":"2025-05-12T17:40:17","guid":{"rendered":"https:\/\/geliai.lt\/?post_type=product&#038;p=10325"},"modified":"2026-03-31T13:52:36","modified_gmt":"2026-03-31T10:52:36","slug":"princeses-jasmina-zeleja","status":"publish","type":"product","link":"https:\/\/geliai.lt\/lv\/parduotuve\/gelio-sistema\/princess-gel-jasmine\/","title":{"rendered":"Princess Gel Jasmine \u2013 g\u0113ls nagu pagarin\u0101\u0161anai"},"content":{"rendered":"","protected":false},"excerpt":{"rendered":"<h5>Princese \u017eeleja Jasm\u012bns<\/h5>\n<h6>(bez HEMA, bez TPO)<\/h6>\n<p>Vid\u0113jas biezuma konsistence \u2013 \u013cauj \u0101tri un \u0113rti uzkl\u0101t. G\u0113ls nepl\u016bst un vienm\u0113r\u012bgi izklied\u0113jas.<\/p>\n<p>Lietojams ar gumijas b\u0101zi \u2013 ieteicams izmantot k\u0101 pamatni Rubber Base.<\/p>\n<p>Ilgm\u016b\u017e\u012bgs un uzticams p\u0101rkl\u0101jums \u2013 iztur\u012bgs pret plais\u0101\u0161anu, lob\u012b\u0161anos un kr\u0101sas izmai\u0146\u0101m. G\u0113ls viegli no\u0146emams.<\/p>\n<p>Samazin\u0101ts siltuma efekts \u2013 klientam \u0113rt\u0101ka lieto\u0161ana.<\/p>\n<p>Maiga kr\u0101su palete \u2013 g\u0113lu var izmantot gan k\u0101 pamatni, gan k\u0101 kr\u0101saino sl\u0101ni.<\/p>","protected":false},"featured_media":16934,"comment_status":"open","ping_status":"closed","template":"","meta":[],"product_brand":[290],"product_cat":[180,580,298],"product_tag":[],"class_list":{"0":"post-10325","1":"product","2":"type-product","3":"status-publish","4":"has-post-thumbnail","6":"product_brand-monarx-nails","7":"product_cat-gelio-sistema","8":"product_cat-nagu-prieziura","9":"product_cat-princess-geliai","11":"first","12":"instock","13":"shipping-taxable","14":"purchasable","15":"product-type-variable"},"_links":{"self":[{"href":"https:\/\/geliai.lt\/lv\/wp-json\/wp\/v2\/product\/10325","targetHints":{"allow":["GET"]}}],"collection":[{"href":"https:\/\/geliai.lt\/lv\/wp-json\/wp\/v2\/product"}],"about":[{"href":"https:\/\/geliai.lt\/lv\/wp-json\/wp\/v2\/types\/product"}],"replies":[{"embeddable":true,"href":"https:\/\/geliai.lt\/lv\/wp-json\/wp\/v2\/comments?post=10325"}],"version-history":[{"count":3,"href":"https:\/\/geliai.lt\/lv\/wp-json\/wp\/v2\/product\/10325\/revisions"}],"predecessor-version":[{"id":15547,"href":"https:\/\/geliai.lt\/lv\/wp-json\/wp\/v2\/product\/10325\/revisions\/15547"}],"wp:featuredmedia":[{"embeddable":true,"href":"https:\/\/geliai.lt\/lv\/wp-json\/wp\/v2\/media\/16934"}],"wp:attachment":[{"href":"https:\/\/geliai.lt\/lv\/wp-json\/wp\/v2\/media?parent=10325"}],"wp:term":[{"taxonomy":"product_brand","embeddable":true,"href":"https:\/\/geliai.lt\/lv\/wp-json\/wp\/v2\/product_brand?post=10325"},{"taxonomy":"product_cat","embeddable":true,"href":"https:\/\/geliai.lt\/lv\/wp-json\/wp\/v2\/product_cat?post=10325"},{"taxonomy":"product_tag","embeddable":true,"href":"https:\/\/geliai.lt\/lv\/wp-json\/wp\/v2\/product_tag?post=10325"}],"curies":[{"name":"wp","href":"https:\/\/api.w.org\/{rel}","templated":true}]}}