{"id":14447,"date":"2026-02-12T11:34:19","date_gmt":"2026-02-12T09:34:19","guid":{"rendered":"https:\/\/geliai.lt\/?page_id=14447"},"modified":"2026-02-26T21:55:55","modified_gmt":"2026-02-26T19:55:55","slug":"piegades-un-atgriesanas-nosacijumi","status":"publish","type":"page","link":"https:\/\/geliai.lt\/lv\/pristatymo-ir-grazinimo-salygos\/","title":{"rendered":"Pieg\u0101des un atgrie\u0161anas nosac\u012bjumi"},"content":{"rendered":"<h2 class=\"wp-block-heading\">1. PREZENT\u0100CIJA LIETUV\u0100 UN \u0100RVALST\u012aS<\/h2>\n\n\n\n<p>1.1 Preces tiek pieg\u0101d\u0101tas Lietuv\u0101, Latvij\u0101, Igaunij\u0101 un Somij\u0101, izmantojot Omniva, Unisend un DPD kurjerpasta un pasta pakalpojumus.<\/p>\n\n\n\n<p>1.2 Lietuv\u0101 pas\u016bt\u012bjumiem no 59 \u20ac tiek piem\u0113rota bezmaksas pieg\u0101de, iz\u0146emot Kur\u0161u k\u0101p\u0101. Pas\u016bt\u012bjumiem l\u012bdz 59 \u20ac pieg\u0101de pasta noda\u013c\u0101s maks\u0101 no 2,57 \u20ac, bet ar kurjerpastu - 4,99 \u20ac. Kur\u0161u k\u0101p\u0101 pieg\u0101de ar kurjeru maks\u0101 40 \u20ac.<\/p>\n\n\n\n<p>1.3 Latvij\u0101 un Igaunij\u0101 bezmaksas pieg\u0101de tiek piem\u0113rota pas\u016bt\u012bjumiem no 59 \u20ac. Maz\u0101kiem pas\u016bt\u012bjumiem cena tiek nor\u0101d\u012bta pie kases. Somij\u0101 bezmaksas pieg\u0101de tiek piem\u0113rota, s\u0101kot no 300 \u20ac.<\/p>\n\n\n\n<p>1.4 J\u016bs varat ar\u012b bez maksas sa\u0146emt Preces fiziskaj\u0101 veikal\u0101 IG STUDIO, Kau\u0146a, Savanori\u0173 pr. 139, LT-44146. Par Pre\u010du sa\u0146em\u0161anu ir j\u0101veic priek\u0161apmaksa.<\/p>\n\n\n\n<h2 class=\"wp-block-heading\">2. PIEG\u0100DES NOTEIKUMI UN PROCED\u016aRAS<\/h2>\n\n\n\n<p>2.1 Preces tiek pieg\u0101d\u0101tas Lietuv\u0101 1-3 darba dienu laik\u0101. Ja pas\u016bt\u012bjums ir iesniegts l\u012bdz plkst. 14:00, pieg\u0101de ir iesp\u0113jama n\u0101kamaj\u0101 darba dien\u0101. Latvij\u0101 un Igaunij\u0101 pieg\u0101de ilgst 2-4 darba dienas, Somij\u0101 - 3-6 darba dienas.<\/p>\n\n\n\n<p>2.2. S\u016bt\u012bjumus pieg\u0101d\u0101 darba dien\u0101s no plkst. 8:00 l\u012bdz 17:00. S\u016bt\u012bjumi netiek pieg\u0101d\u0101ti br\u012bvdien\u0101s un sv\u0113tku dien\u0101s. Sv\u0113tku dien\u0101s pieg\u0101de var aiz\u0146emt 3-5 darba dienas ilg\u0101k, jo tiek noslogoti lo\u0123istikas t\u012bkli.<\/p>\n\n\n\n<p>2.3. Pirms pieg\u0101des kurjers ar \u012bszi\u0146as starpniec\u012bbu j\u016bs inform\u0113s par paredzamo pieg\u0101des laiku. 2.4. Pirc\u0113ja pien\u0101kums ir p\u0101rbaud\u012bt s\u016bt\u012bjuma st\u0101vokli pieg\u0101des br\u012bd\u012b un, ja tiek konstat\u0113ti k\u0101di p\u0101rk\u0101pumi, izdar\u012bt atz\u012bmi kurjera dokumentos vai atteikties pie\u0146emt s\u016bt\u012bjumu.<\/p>\n\n\n\n<h2 class=\"wp-block-heading\">3. MAKS\u0100JUMS<\/h2>\n\n\n\n<p>3.1 Maks\u0101jums par prec\u0113m tiek veikts, izmantojot dro\u0161o Montonio Finance platformu. Pirc\u0113js var nor\u0113\u0137in\u0101ties, izmantojot viet\u0113j\u0101s bankas Lietuv\u0101, Latvij\u0101, Igaunij\u0101 un Somij\u0101.<\/p>\n\n\n\n<p>3.2. Ja tiek izv\u0113l\u0113ta pre\u010du pieg\u0101de par maksu, Pirc\u0113jam ir j\u0101b\u016bt pieejamai prec\u012bzai naudas summai. Apmaksu par tie\u0161saist\u0113 pas\u016bt\u012btaj\u0101m prec\u0113m nevar veikt fiziskaj\u0101 veikal\u0101 Kau\u0146\u0101.<\/p>\n\n\n\n<h2 class=\"wp-block-heading\">4. PRE\u010cU ATGRIE\u0160ANA<\/h2>\n\n\n\n<p>4.1. Pirc\u0113jam ir ties\u012bbas atgriezt Preci 14 dienu laik\u0101 p\u0113c Preces sa\u0146em\u0161anas, nenor\u0101dot iemeslu, inform\u0113jot par to P\u0101rdev\u0113ju pa e-pastu info@geliai.lt.<\/p>\n\n\n\n<p>4.2. Atgrieztaj\u0101m prec\u0113m j\u0101b\u016bt ori\u0123in\u0101laj\u0101 iepakojum\u0101, neboj\u0101t\u0101m un lab\u0101 st\u0101vokl\u012b. Atgrie\u0161anas proced\u016bra neattiecas uz kosm\u0113tikas l\u012bdzek\u013ciem un cit\u0101m prec\u0113m, kas ir atv\u0113rtas un higi\u0113nas apsv\u0113rumu d\u0113\u013c nav atgrie\u017eamas.<\/p>\n\n\n\n<p>4.3 Pre\u010du atgrie\u0161ana Pirc\u0113jam ir bez maksas. Atmaksa, ieskaitot pieg\u0101des izdevumus, tiek veikta 14 dienu laik\u0101 p\u0113c atpaka\u013c nos\u016bt\u012bto pre\u010du sa\u0146em\u0161anas uz to pa\u0161u kontu, no kura tika veikts maks\u0101jums.<\/p>","protected":false},"excerpt":{"rendered":"<p>1. PRISTATYMAS LIETUVOJE IR U\u017dSIENYJE 1.1 Prek\u0117s pristatomos Lietuvoje, Latvijoje, Estijoje bei Suomijoje naudojantis Omniva, Unisend ir DPD kurjeri\u0173 bei pa\u0161tomat\u0173 paslaugomis. 1.2 Lietuvoje u\u017esakymams nuo 59 \u20ac taikomas nemokamas pristatymas, i\u0161skyrus Kur\u0161i\u0173 Nerij\u0105. U\u017esakymams iki 59 \u20ac pristatymas \u012f pa\u0161tomatus kainuoja nuo 2,57 \u20ac, o kurjeriu \u2013 4,99 \u20ac. Pristatymas \u012f Kur\u0161i\u0173 Nerij\u0105 kurjeriu [&hellip;]<\/p>\n","protected":false},"author":1,"featured_media":0,"parent":0,"menu_order":0,"comment_status":"closed","ping_status":"closed","template":"","meta":{"footnotes":""},"class_list":["post-14447","page","type-page","status-publish","hentry"],"_links":{"self":[{"href":"https:\/\/geliai.lt\/lv\/wp-json\/wp\/v2\/pages\/14447","targetHints":{"allow":["GET"]}}],"collection":[{"href":"https:\/\/geliai.lt\/lv\/wp-json\/wp\/v2\/pages"}],"about":[{"href":"https:\/\/geliai.lt\/lv\/wp-json\/wp\/v2\/types\/page"}],"author":[{"embeddable":true,"href":"https:\/\/geliai.lt\/lv\/wp-json\/wp\/v2\/users\/1"}],"replies":[{"embeddable":true,"href":"https:\/\/geliai.lt\/lv\/wp-json\/wp\/v2\/comments?post=14447"}],"version-history":[{"count":4,"href":"https:\/\/geliai.lt\/lv\/wp-json\/wp\/v2\/pages\/14447\/revisions"}],"predecessor-version":[{"id":14455,"href":"https:\/\/geliai.lt\/lv\/wp-json\/wp\/v2\/pages\/14447\/revisions\/14455"}],"wp:attachment":[{"href":"https:\/\/geliai.lt\/lv\/wp-json\/wp\/v2\/media?parent=14447"}],"curies":[{"name":"wp","href":"https:\/\/api.w.org\/{rel}","templated":true}]}}