{"id":9506,"date":"2025-04-20T21:03:08","date_gmt":"2025-04-20T18:03:08","guid":{"rendered":"https:\/\/geliai.lt\/?post_type=product&#038;p=9506"},"modified":"2026-03-31T13:09:01","modified_gmt":"2026-03-31T10:09:01","slug":"opal-gel-5","status":"publish","type":"product","link":"https:\/\/geliai.lt\/fi\/parduotuve\/gelio-sistema\/opal-gel-5\/","title":{"rendered":"Opal Gel 5 &#8211; gelis nag\u0173 priauginimui"},"content":{"rendered":"<ul>\n<li>\n<p data-path-to-node=\"1,0,0\"><b data-path-to-node=\"1,0,0\" data-index-in-node=\"0\">Turvallinen ja mukava k\u00e4ytt\u00f6<\/b> \u2013 geeli ei sis\u00e4ll\u00e4 happoja tai allergeeneja, joten tuote on turvallinen herkille kynsilevyille, ja erityinen koostumus varmistaa, ett\u00e4 tuote ei kuumene polymeroinnin aikana.<\/p>\n<\/li>\n<li>\n<p data-path-to-node=\"1,1,0\"><b data-path-to-node=\"1,1,0\" data-index-in-node=\"0\">\u00c4lykk\u00e4\u00e4t mallinnusominaisuudet<\/b> \u2013 Itsetasoittuva koostumus tiksotrooppisilla (&quot;nestem\u00e4inen muisti&quot;) ominaisuuksilla varmistaa vakaan muodostumisen, est\u00e4\u00e4 materiaalin valumisen kynsinauhoihin ja lyhent\u00e4\u00e4 ty\u00f6aikaa minimiin.<\/p>\n<\/li>\n<li>\n<p data-path-to-node=\"1,2,0\"><b data-path-to-node=\"1,2,0\" data-index-in-node=\"0\">Tekninen kest\u00e4vyys<\/b> \u2013 monitoimigeelill\u00e4 on vahva tarttuvuus kynsilevyyn, se on naarmuuntumaton ja antaa intensiivisen kiillon; polymeroitumisaika LED- ja UV-lampuissa on 60 sekuntia.<\/p>\n<\/li>\n<\/ul>","protected":false},"excerpt":{"rendered":"<h5>Opal Gel 5<\/h5>\n<h6>(ilman HEMAa, ilman TPO:ta)<\/h6>\n<p>Opal Builder Gel on monitoimituote, jossa on sek\u00e4 pohja-, rakenne- ett\u00e4 kiiltogeelin ominaisuuksia. Se on loistava valinta niille, jotka etsiv\u00e4t kest\u00e4v\u00e4\u00e4 ja kaunista manikyyri\u00e4 ilman allergioiden tai iho\u00e4rsytyksen riski\u00e4.<\/p>\n<p>Miksi valita mallinnusgeelimme?<br \/>\nEi sis\u00e4ll\u00e4 allergeeneja tai haitallisia aineita \u2013 geelimme ovat turvallisia k\u00e4ytt\u00e4\u00e4, koska ne eiv\u00e4t sis\u00e4ll\u00e4 mahdollisesti vaarallisia ainesosia. Ei ole syyt\u00e4 huoleen allergioista tai iho\u00e4rsytyksest\u00e4.<\/p>\n<p>Korkein laatu \u2013 jokainen geeli on suunniteltu huolellisesti maksimaalisen mukavuuden ja nopean toiminnan varmistamiseksi.<\/p>\n<p>Laaja v\u00e4rivalikoima \u2013 tarjoamme laajan v\u00e4ripaletin, joten jokainen stylisti tai amat\u00f6\u00f6ri l\u00f6yt\u00e4\u00e4 itselleen sopivan s\u00e4vyn.<\/p>\n<p>Helppok\u00e4ytt\u00f6inen \u2013 t\u00e4ydellinen sek\u00e4 ammattimaisille kynsiteknikkoille ett\u00e4 aloittelijoille. T\u00e4m\u00e4n geelin avulla voit helposti luoda ammattimaisen manikyyrin kotona, joka kest\u00e4\u00e4 jopa 4 viikkoa.<\/p>","protected":false},"featured_media":16922,"comment_status":"open","ping_status":"closed","template":"","meta":[],"product_brand":[290],"product_cat":[180,580,285],"product_tag":[],"class_list":{"0":"post-9506","1":"product","2":"type-product","3":"status-publish","4":"has-post-thumbnail","6":"product_brand-monarx-nails","7":"product_cat-gelio-sistema","8":"product_cat-nagu-prieziura","9":"product_cat-opal-geliai","11":"first","12":"instock","13":"shipping-taxable","14":"purchasable","15":"product-type-variable"},"_links":{"self":[{"href":"https:\/\/geliai.lt\/fi\/wp-json\/wp\/v2\/product\/9506","targetHints":{"allow":["GET"]}}],"collection":[{"href":"https:\/\/geliai.lt\/fi\/wp-json\/wp\/v2\/product"}],"about":[{"href":"https:\/\/geliai.lt\/fi\/wp-json\/wp\/v2\/types\/product"}],"replies":[{"embeddable":true,"href":"https:\/\/geliai.lt\/fi\/wp-json\/wp\/v2\/comments?post=9506"}],"version-history":[{"count":3,"href":"https:\/\/geliai.lt\/fi\/wp-json\/wp\/v2\/product\/9506\/revisions"}],"predecessor-version":[{"id":15557,"href":"https:\/\/geliai.lt\/fi\/wp-json\/wp\/v2\/product\/9506\/revisions\/15557"}],"wp:featuredmedia":[{"embeddable":true,"href":"https:\/\/geliai.lt\/fi\/wp-json\/wp\/v2\/media\/16922"}],"wp:attachment":[{"href":"https:\/\/geliai.lt\/fi\/wp-json\/wp\/v2\/media?parent=9506"}],"wp:term":[{"taxonomy":"product_brand","embeddable":true,"href":"https:\/\/geliai.lt\/fi\/wp-json\/wp\/v2\/product_brand?post=9506"},{"taxonomy":"product_cat","embeddable":true,"href":"https:\/\/geliai.lt\/fi\/wp-json\/wp\/v2\/product_cat?post=9506"},{"taxonomy":"product_tag","embeddable":true,"href":"https:\/\/geliai.lt\/fi\/wp-json\/wp\/v2\/product_tag?post=9506"}],"curies":[{"name":"wp","href":"https:\/\/api.w.org\/{rel}","templated":true}]}}