{"id":9271,"date":"2025-03-28T14:33:51","date_gmt":"2025-03-28T12:33:51","guid":{"rendered":"https:\/\/geliai.lt\/?post_type=product&#038;p=9271"},"modified":"2026-04-21T17:22:36","modified_gmt":"2026-04-21T14:22:36","slug":"glittergeeli-2","status":"publish","type":"product","link":"https:\/\/geliai.lt\/fi\/parduotuve\/gelio-sistema\/glitter-gel-2\/","title":{"rendered":"Glitter Gel 2 \u2013 kynsienpidennysgeeli"},"content":{"rendered":"<ul>\n<li>\n<p data-path-to-node=\"1,0,0\"><b data-path-to-node=\"1,0,0\" data-index-in-node=\"0\">Mallinnusominaisuudet<\/b> \u2013 keskipaksu koostumus varmistaa, ett\u00e4 geeli ei valu, levittyy tasaisesti ja on helppo muovata, mik\u00e4 nopeuttaa ty\u00f6prosessia.<\/p>\n<\/li>\n<li>\n<p data-path-to-node=\"1,1,0\"><b data-path-to-node=\"1,1,0\" data-index-in-node=\"0\">K\u00e4ytt\u00f6suositukset<\/b> \u2013 Jotta tuote tarttuisi kynsilevyyn mahdollisimman hyvin, sit\u00e4 on k\u00e4ytett\u00e4v\u00e4 yhdess\u00e4 Rubber Basen kanssa.<\/p>\n<\/li>\n<li>\n<p data-path-to-node=\"1,2,0\"><b data-path-to-node=\"1,2,0\" data-index-in-node=\"0\">Estetiikka ja kest\u00e4vyys<\/b> \u2013 helmi\u00e4ishohtoisella glitterill\u00e4 t\u00e4ydennetty geeli on eritt\u00e4in kest\u00e4v\u00e4 murtumaan ja halkeilemaan, ei muuta v\u00e4ri\u00e4 ja sit\u00e4 voidaan k\u00e4ytt\u00e4\u00e4 sek\u00e4 t\u00e4ydelliseen peitt\u00e4vyyteen ett\u00e4 design-elementtien luomiseen.<\/p>\n<\/li>\n<\/ul>","protected":false},"excerpt":{"rendered":"<h5>Glittergeeli 2<\/h5>\n<h6>(ilman HEMAa, ilman TPO:ta)<\/h6>\n<p>Kiilt\u00e4v\u00e4 UV\/LED-kynsilakka \u2013 ammattilaislaatua<\/p>","protected":false},"featured_media":15579,"comment_status":"open","ping_status":"closed","template":"","meta":[],"product_brand":[290],"product_cat":[180,284,580],"product_tag":[],"class_list":{"0":"post-9271","1":"product","2":"type-product","3":"status-publish","4":"has-post-thumbnail","6":"product_brand-monarx-nails","7":"product_cat-gelio-sistema","8":"product_cat-glitter-gel","9":"product_cat-nagu-prieziura","11":"first","12":"instock","13":"shipping-taxable","14":"purchasable","15":"product-type-variable"},"_links":{"self":[{"href":"https:\/\/geliai.lt\/fi\/wp-json\/wp\/v2\/product\/9271","targetHints":{"allow":["GET"]}}],"collection":[{"href":"https:\/\/geliai.lt\/fi\/wp-json\/wp\/v2\/product"}],"about":[{"href":"https:\/\/geliai.lt\/fi\/wp-json\/wp\/v2\/types\/product"}],"replies":[{"embeddable":true,"href":"https:\/\/geliai.lt\/fi\/wp-json\/wp\/v2\/comments?post=9271"}],"version-history":[{"count":3,"href":"https:\/\/geliai.lt\/fi\/wp-json\/wp\/v2\/product\/9271\/revisions"}],"predecessor-version":[{"id":15580,"href":"https:\/\/geliai.lt\/fi\/wp-json\/wp\/v2\/product\/9271\/revisions\/15580"}],"wp:featuredmedia":[{"embeddable":true,"href":"https:\/\/geliai.lt\/fi\/wp-json\/wp\/v2\/media\/15579"}],"wp:attachment":[{"href":"https:\/\/geliai.lt\/fi\/wp-json\/wp\/v2\/media?parent=9271"}],"wp:term":[{"taxonomy":"product_brand","embeddable":true,"href":"https:\/\/geliai.lt\/fi\/wp-json\/wp\/v2\/product_brand?post=9271"},{"taxonomy":"product_cat","embeddable":true,"href":"https:\/\/geliai.lt\/fi\/wp-json\/wp\/v2\/product_cat?post=9271"},{"taxonomy":"product_tag","embeddable":true,"href":"https:\/\/geliai.lt\/fi\/wp-json\/wp\/v2\/product_tag?post=9271"}],"curies":[{"name":"wp","href":"https:\/\/api.w.org\/{rel}","templated":true}]}}