{"id":8481,"date":"2025-01-15T12:37:11","date_gmt":"2025-01-15T10:37:11","guid":{"rendered":"https:\/\/geliai.lt\/?post_type=product&#038;p=8481"},"modified":"2026-05-14T10:36:42","modified_gmt":"2026-05-14T07:36:42","slug":"helmiaispaallyskerros","status":"publish","type":"product","link":"https:\/\/geliai.lt\/fi\/parduotuve\/bazes-ir-topai\/pearl-top-virsutinis-sluoksnis\/","title":{"rendered":"Pearl Top \u2013 p\u00e4\u00e4llimm\u00e4inen kerros"},"content":{"rendered":"","protected":false},"excerpt":{"rendered":"<h5>Helmikoriste<\/h5>\n<h5>(ilman HEMAa, ilman TPO:ta)<\/h5>\n<p>P\u00e4\u00e4llimm\u00e4inen helmi\u00e4ishankausefektill\u00e4. Ilman dispersiokalvoa. Suojaa kampausta t\u00e4ydellisesti irtoamiselta ja pident\u00e4\u00e4 sen kest\u00e4vyytt\u00e4 antaen ihanan kiillon. Ei muuta pohjalakan v\u00e4ri\u00e4. Yleisk\u00e4ytt\u00f6inen - voidaan k\u00e4ytt\u00e4\u00e4 sek\u00e4 hybridi- ett\u00e4 geeli- ja akryylilakkojen kanssa.<\/p>","protected":false},"featured_media":8482,"comment_status":"open","ping_status":"closed","template":"","meta":[],"product_brand":[290],"product_cat":[179,580,222],"product_tag":[],"class_list":{"0":"post-8481","1":"product","2":"type-product","3":"status-publish","4":"has-post-thumbnail","6":"product_brand-monarx-nails","7":"product_cat-bazes-ir-topai","8":"product_cat-nagu-prieziura","9":"product_cat-topai-su-efektu","11":"first","12":"instock","13":"sale","14":"shipping-taxable","15":"purchasable","16":"product-type-simple"},"_links":{"self":[{"href":"https:\/\/geliai.lt\/fi\/wp-json\/wp\/v2\/product\/8481","targetHints":{"allow":["GET"]}}],"collection":[{"href":"https:\/\/geliai.lt\/fi\/wp-json\/wp\/v2\/product"}],"about":[{"href":"https:\/\/geliai.lt\/fi\/wp-json\/wp\/v2\/types\/product"}],"replies":[{"embeddable":true,"href":"https:\/\/geliai.lt\/fi\/wp-json\/wp\/v2\/comments?post=8481"}],"version-history":[{"count":5,"href":"https:\/\/geliai.lt\/fi\/wp-json\/wp\/v2\/product\/8481\/revisions"}],"predecessor-version":[{"id":15628,"href":"https:\/\/geliai.lt\/fi\/wp-json\/wp\/v2\/product\/8481\/revisions\/15628"}],"wp:featuredmedia":[{"embeddable":true,"href":"https:\/\/geliai.lt\/fi\/wp-json\/wp\/v2\/media\/8482"}],"wp:attachment":[{"href":"https:\/\/geliai.lt\/fi\/wp-json\/wp\/v2\/media?parent=8481"}],"wp:term":[{"taxonomy":"product_brand","embeddable":true,"href":"https:\/\/geliai.lt\/fi\/wp-json\/wp\/v2\/product_brand?post=8481"},{"taxonomy":"product_cat","embeddable":true,"href":"https:\/\/geliai.lt\/fi\/wp-json\/wp\/v2\/product_cat?post=8481"},{"taxonomy":"product_tag","embeddable":true,"href":"https:\/\/geliai.lt\/fi\/wp-json\/wp\/v2\/product_tag?post=8481"}],"curies":[{"name":"wp","href":"https:\/\/api.w.org\/{rel}","templated":true}]}}