{"id":8447,"date":"2025-01-14T22:20:11","date_gmt":"2025-01-14T20:20:11","guid":{"rendered":"https:\/\/geliai.lt\/?post_type=product&#038;p=8447"},"modified":"2026-02-26T21:23:22","modified_gmt":"2026-02-26T19:23:22","slug":"starry-sky-top-virsutinis-sluoksnis","status":"publish","type":"product","link":"https:\/\/geliai.lt\/fi\/parduotuve\/bazes-ir-topai\/starry-sky-top-virsutinis-sluoksnis\/","title":{"rendered":"Starry Sky Top &#8211; vir\u0161utinis sluoksnis"},"content":{"rendered":"","protected":false},"excerpt":{"rendered":"<h5>T\u00e4htitaivas Top<\/h5>\n<h6>(ilman HEMAa, ilman TPO:ta)<\/h6>\n<p>Hybridilakka sateenkaarenv\u00e4risill\u00e4 foliopaloilla ja heijastavilla glitterhiukkasilla. Ilman dispersiokalvoa. Suojaa manikyyri\u00e4 t\u00e4ydellisesti kimallukselta ja pident\u00e4\u00e4 sen kest\u00e4vyytt\u00e4 antaen sille upean kiillon. Ei muuta pohjalakan v\u00e4ri\u00e4. Yleisk\u00e4ytt\u00f6inen - voidaan k\u00e4ytt\u00e4\u00e4 hybridien, geelien ja akryylien kanssa.<\/p>","protected":false},"featured_media":8448,"comment_status":"open","ping_status":"closed","template":"","meta":[],"product_brand":[290],"product_cat":[179,580,222],"product_tag":[],"class_list":{"0":"post-8447","1":"product","2":"type-product","3":"status-publish","4":"has-post-thumbnail","6":"product_brand-monarx-nails","7":"product_cat-bazes-ir-topai","8":"product_cat-nagu-prieziura","9":"product_cat-topai-su-efektu","11":"first","12":"instock","13":"sale","14":"shipping-taxable","15":"purchasable","16":"product-type-simple"},"_links":{"self":[{"href":"https:\/\/geliai.lt\/fi\/wp-json\/wp\/v2\/product\/8447","targetHints":{"allow":["GET"]}}],"collection":[{"href":"https:\/\/geliai.lt\/fi\/wp-json\/wp\/v2\/product"}],"about":[{"href":"https:\/\/geliai.lt\/fi\/wp-json\/wp\/v2\/types\/product"}],"replies":[{"embeddable":true,"href":"https:\/\/geliai.lt\/fi\/wp-json\/wp\/v2\/comments?post=8447"}],"version-history":[{"count":5,"href":"https:\/\/geliai.lt\/fi\/wp-json\/wp\/v2\/product\/8447\/revisions"}],"predecessor-version":[{"id":15633,"href":"https:\/\/geliai.lt\/fi\/wp-json\/wp\/v2\/product\/8447\/revisions\/15633"}],"wp:featuredmedia":[{"embeddable":true,"href":"https:\/\/geliai.lt\/fi\/wp-json\/wp\/v2\/media\/8448"}],"wp:attachment":[{"href":"https:\/\/geliai.lt\/fi\/wp-json\/wp\/v2\/media?parent=8447"}],"wp:term":[{"taxonomy":"product_brand","embeddable":true,"href":"https:\/\/geliai.lt\/fi\/wp-json\/wp\/v2\/product_brand?post=8447"},{"taxonomy":"product_cat","embeddable":true,"href":"https:\/\/geliai.lt\/fi\/wp-json\/wp\/v2\/product_cat?post=8447"},{"taxonomy":"product_tag","embeddable":true,"href":"https:\/\/geliai.lt\/fi\/wp-json\/wp\/v2\/product_tag?post=8447"}],"curies":[{"name":"wp","href":"https:\/\/api.w.org\/{rel}","templated":true}]}}