{"id":8437,"date":"2025-01-14T21:34:49","date_gmt":"2025-01-14T19:34:49","guid":{"rendered":"https:\/\/geliai.lt\/?post_type=product&#038;p=8437"},"modified":"2026-02-26T21:23:54","modified_gmt":"2026-02-26T19:23:54","slug":"tuikkivat-tahdet-paallimmainen-kerros","status":"publish","type":"product","link":"https:\/\/geliai.lt\/fi\/parduotuve\/bazes-ir-topai\/twinkling-stars-top-virsutinis-sluoksnis\/","title":{"rendered":"Tuikeat t\u00e4hdet -p\u00e4\u00e4llyskerros"},"content":{"rendered":"","protected":false},"excerpt":{"rendered":"<h5>Tuikkivat t\u00e4hdet -toppi<\/h5>\n<h5>(ilman HEMAa, ilman TPO:ta)<\/h5>\n<p>Hybridip\u00e4\u00e4llyslakka glitterhiukkasilla ja heijastavilla hohdehiukkasilla. Ilman dispersiokalvoa. Suojaa manikyyri\u00e4 t\u00e4ydellisesti kimallukselta ja pident\u00e4\u00e4 sen kest\u00e4vyytt\u00e4 antaen ihanan kiillon. Ei muuta pohjalakan v\u00e4ri\u00e4. Yleisk\u00e4ytt\u00f6inen - voidaan k\u00e4ytt\u00e4\u00e4 hybridi-, geeli- ja akryylilakkojen kanssa.<\/p>","protected":false},"featured_media":8439,"comment_status":"open","ping_status":"closed","template":"","meta":[],"product_brand":[290],"product_cat":[179,580,222],"product_tag":[],"class_list":{"0":"post-8437","1":"product","2":"type-product","3":"status-publish","4":"has-post-thumbnail","6":"product_brand-monarx-nails","7":"product_cat-bazes-ir-topai","8":"product_cat-nagu-prieziura","9":"product_cat-topai-su-efektu","11":"first","12":"instock","13":"sale","14":"shipping-taxable","15":"purchasable","16":"product-type-simple"},"_links":{"self":[{"href":"https:\/\/geliai.lt\/fi\/wp-json\/wp\/v2\/product\/8437","targetHints":{"allow":["GET"]}}],"collection":[{"href":"https:\/\/geliai.lt\/fi\/wp-json\/wp\/v2\/product"}],"about":[{"href":"https:\/\/geliai.lt\/fi\/wp-json\/wp\/v2\/types\/product"}],"replies":[{"embeddable":true,"href":"https:\/\/geliai.lt\/fi\/wp-json\/wp\/v2\/comments?post=8437"}],"version-history":[{"count":3,"href":"https:\/\/geliai.lt\/fi\/wp-json\/wp\/v2\/product\/8437\/revisions"}],"predecessor-version":[{"id":15636,"href":"https:\/\/geliai.lt\/fi\/wp-json\/wp\/v2\/product\/8437\/revisions\/15636"}],"wp:featuredmedia":[{"embeddable":true,"href":"https:\/\/geliai.lt\/fi\/wp-json\/wp\/v2\/media\/8439"}],"wp:attachment":[{"href":"https:\/\/geliai.lt\/fi\/wp-json\/wp\/v2\/media?parent=8437"}],"wp:term":[{"taxonomy":"product_brand","embeddable":true,"href":"https:\/\/geliai.lt\/fi\/wp-json\/wp\/v2\/product_brand?post=8437"},{"taxonomy":"product_cat","embeddable":true,"href":"https:\/\/geliai.lt\/fi\/wp-json\/wp\/v2\/product_cat?post=8437"},{"taxonomy":"product_tag","embeddable":true,"href":"https:\/\/geliai.lt\/fi\/wp-json\/wp\/v2\/product_tag?post=8437"}],"curies":[{"name":"wp","href":"https:\/\/api.w.org\/{rel}","templated":true}]}}