{"id":8164,"date":"2024-12-15T00:04:13","date_gmt":"2024-12-14T22:04:13","guid":{"rendered":"https:\/\/geliai.lt\/?post_type=product&#038;p=8164"},"modified":"2026-04-29T19:49:34","modified_gmt":"2026-04-29T16:49:34","slug":"reflective-gel-1-sviesa-atspindintis-gelis","status":"publish","type":"product","link":"https:\/\/geliai.lt\/fi\/parduotuve\/gelio-sistema\/reflective-gel-1-sviesa-atspindintis-gelis\/","title":{"rendered":"Reflective Gel 1 &#8211; \u0161vies\u0105 atspindintis gelis"},"content":{"rendered":"","protected":false},"excerpt":{"rendered":"<h5>Geliai nagams &#8211; \u0161vies\u0105 atspindintis Gel 1<\/h5>\n<h6>(ilman HEMAa, ilman TPO:ta)<\/h6>\n<p>Heijastavat geelilakat on valmistettu huipputeknologialla, jonka avulla voit luoda ainutlaatuisia ja kiilt\u00e4vi\u00e4 kynsitaidedesigneja. N\u00e4m\u00e4 geelit sopivat erinomaisesti juhlaviin manikyyreihin ja eksklusiivisiin kynsitaideluomuksiin, antaen kynsille upean hehkun. K\u00e4yt\u00e4 n\u00e4it\u00e4 UV-geelej\u00e4 luodaksesi ainutlaatuisen ilmeen mihin tahansa tilaisuuteen. Itsetasoittuvan koostumuksen ansiosta saavutat oikean muodon hyvin lyhyess\u00e4 ajassa, ja kovettumisen j\u00e4lkeen geeli\u00e4 on helppo ty\u00f6st\u00e4\u00e4 viilalla.<\/p>\n<p style=\"color: #2e6da4; font-weight: bold;\">Heijastavan 1-s\u00e4vy on muuttunut hieman, uusi geelikuva lis\u00e4tty.<\/p>\n<p>N\u00e4ill\u00e4 geeleill\u00e4 on hieman heijastava kimallusvaikutus.<\/p>\n<p>Voit k\u00e4ytt\u00e4\u00e4 niit\u00e4 my\u00f6s ranskalaisen tyylin luomiseen.<\/p>\n<p>Keskipaksun koostumuksensa ansiosta ne sopivat sek\u00e4 aloittelijoille ett\u00e4 edistyneille k\u00e4sity\u00f6l\u00e4isille.<\/p>","protected":false},"featured_media":16995,"comment_status":"open","ping_status":"closed","template":"","meta":[],"product_brand":[290],"product_cat":[180,580,275],"product_tag":[],"class_list":{"0":"post-8164","1":"product","2":"type-product","3":"status-publish","4":"has-post-thumbnail","6":"product_brand-monarx-nails","7":"product_cat-gelio-sistema","8":"product_cat-nagu-prieziura","9":"product_cat-reflective-gel","11":"first","12":"instock","13":"shipping-taxable","14":"purchasable","15":"product-type-variable"},"_links":{"self":[{"href":"https:\/\/geliai.lt\/fi\/wp-json\/wp\/v2\/product\/8164","targetHints":{"allow":["GET"]}}],"collection":[{"href":"https:\/\/geliai.lt\/fi\/wp-json\/wp\/v2\/product"}],"about":[{"href":"https:\/\/geliai.lt\/fi\/wp-json\/wp\/v2\/types\/product"}],"replies":[{"embeddable":true,"href":"https:\/\/geliai.lt\/fi\/wp-json\/wp\/v2\/comments?post=8164"}],"version-history":[{"count":4,"href":"https:\/\/geliai.lt\/fi\/wp-json\/wp\/v2\/product\/8164\/revisions"}],"predecessor-version":[{"id":15668,"href":"https:\/\/geliai.lt\/fi\/wp-json\/wp\/v2\/product\/8164\/revisions\/15668"}],"wp:featuredmedia":[{"embeddable":true,"href":"https:\/\/geliai.lt\/fi\/wp-json\/wp\/v2\/media\/16995"}],"wp:attachment":[{"href":"https:\/\/geliai.lt\/fi\/wp-json\/wp\/v2\/media?parent=8164"}],"wp:term":[{"taxonomy":"product_brand","embeddable":true,"href":"https:\/\/geliai.lt\/fi\/wp-json\/wp\/v2\/product_brand?post=8164"},{"taxonomy":"product_cat","embeddable":true,"href":"https:\/\/geliai.lt\/fi\/wp-json\/wp\/v2\/product_cat?post=8164"},{"taxonomy":"product_tag","embeddable":true,"href":"https:\/\/geliai.lt\/fi\/wp-json\/wp\/v2\/product_tag?post=8164"}],"curies":[{"name":"wp","href":"https:\/\/api.w.org\/{rel}","templated":true}]}}