{"id":8143,"date":"2024-12-14T21:52:25","date_gmt":"2024-12-14T19:52:25","guid":{"rendered":"https:\/\/geliai.lt\/?post_type=product&#038;p=8143"},"modified":"2026-02-26T18:29:53","modified_gmt":"2026-02-26T16:29:53","slug":"monarx-success-150-gelinis-nagu-lakas","status":"publish","type":"product","link":"https:\/\/geliai.lt\/fi\/parduotuve\/geliniai-lakai\/monarx-success-150-gelinis-nagu-lakas\/","title":{"rendered":"Monarx Success 150 \u2013 Geelilakka"},"content":{"rendered":"","protected":false},"excerpt":{"rendered":"<h5>Gelinis nag\u0173 lakas &#8211; Monarx Success 150<\/h5>\n<p>Hybridi-kynsilakka Success on suunniteltu kirkkaille ja itsevarmoille kes\u00e4n hauskuutta rakastaville naisille. Se on klassinen ja elegantti, yhdistettyn\u00e4 raikkauteen ja leikkisyyteen. Ihanteellinen merenrantajuhliin ja virallisiin tilaisuuksiin. Pystytk\u00f6 vastustamaan t\u00e4t\u00e4 s\u00e4vy\u00e4?<\/p>","protected":false},"featured_media":15673,"comment_status":"open","ping_status":"closed","template":"","meta":[],"product_brand":[290],"product_cat":[178,580,272],"product_tag":[],"class_list":{"0":"post-8143","1":"product","2":"type-product","3":"status-publish","4":"has-post-thumbnail","6":"product_brand-monarx-nails","7":"product_cat-geliniai-lakai","8":"product_cat-nagu-prieziura","9":"product_cat-tutti-frutti-collection","11":"first","12":"outofstock","13":"shipping-taxable","14":"purchasable","15":"product-type-simple"},"_links":{"self":[{"href":"https:\/\/geliai.lt\/fi\/wp-json\/wp\/v2\/product\/8143","targetHints":{"allow":["GET"]}}],"collection":[{"href":"https:\/\/geliai.lt\/fi\/wp-json\/wp\/v2\/product"}],"about":[{"href":"https:\/\/geliai.lt\/fi\/wp-json\/wp\/v2\/types\/product"}],"replies":[{"embeddable":true,"href":"https:\/\/geliai.lt\/fi\/wp-json\/wp\/v2\/comments?post=8143"}],"version-history":[{"count":2,"href":"https:\/\/geliai.lt\/fi\/wp-json\/wp\/v2\/product\/8143\/revisions"}],"predecessor-version":[{"id":15674,"href":"https:\/\/geliai.lt\/fi\/wp-json\/wp\/v2\/product\/8143\/revisions\/15674"}],"wp:featuredmedia":[{"embeddable":true,"href":"https:\/\/geliai.lt\/fi\/wp-json\/wp\/v2\/media\/15673"}],"wp:attachment":[{"href":"https:\/\/geliai.lt\/fi\/wp-json\/wp\/v2\/media?parent=8143"}],"wp:term":[{"taxonomy":"product_brand","embeddable":true,"href":"https:\/\/geliai.lt\/fi\/wp-json\/wp\/v2\/product_brand?post=8143"},{"taxonomy":"product_cat","embeddable":true,"href":"https:\/\/geliai.lt\/fi\/wp-json\/wp\/v2\/product_cat?post=8143"},{"taxonomy":"product_tag","embeddable":true,"href":"https:\/\/geliai.lt\/fi\/wp-json\/wp\/v2\/product_tag?post=8143"}],"curies":[{"name":"wp","href":"https:\/\/api.w.org\/{rel}","templated":true}]}}