{"id":8089,"date":"2024-12-14T12:07:47","date_gmt":"2024-12-14T10:07:47","guid":{"rendered":"https:\/\/geliai.lt\/?post_type=product&#038;p=8089"},"modified":"2026-02-26T18:36:44","modified_gmt":"2026-02-26T16:36:44","slug":"monarx-gorgeous-174-geelikynsilakka","status":"publish","type":"product","link":"https:\/\/geliai.lt\/fi\/parduotuve\/geliniai-lakai\/monarx-gorgeous-174-gelinis-nagu-lakas\/","title":{"rendered":"Monarx Gorgeous 174 \u2013 Geelilakka"},"content":{"rendered":"","protected":false},"excerpt":{"rendered":"<h5>Geelilakka \u2013 Monarx Gorgeous 174<\/h5>\n<p>Upea 174-kynsilakka on kirkkaan vadelman s\u00e4vyinen ja pehme\u00e4n oranssin s\u00e4vyinen. T\u00e4m\u00e4 kaunis ja feminiininen v\u00e4ri sopii t\u00e4ydellisesti juhlavaan manikyyriin tai kes\u00e4lookiin. Se tuo kynsille valoa ja elinvoimaa, ja eleganssillaan siit\u00e4 tulee monien suosikkijuhlav\u00e4ri.<\/p>","protected":false},"featured_media":15725,"comment_status":"open","ping_status":"closed","template":"","meta":[],"product_brand":[290],"product_cat":[178,580,270],"product_tag":[],"class_list":{"0":"post-8089","1":"product","2":"type-product","3":"status-publish","4":"has-post-thumbnail","6":"product_brand-monarx-nails","7":"product_cat-geliniai-lakai","8":"product_cat-nagu-prieziura","9":"product_cat-summer-beat-collection","11":"first","12":"outofstock","13":"shipping-taxable","14":"purchasable","15":"product-type-simple"},"_links":{"self":[{"href":"https:\/\/geliai.lt\/fi\/wp-json\/wp\/v2\/product\/8089","targetHints":{"allow":["GET"]}}],"collection":[{"href":"https:\/\/geliai.lt\/fi\/wp-json\/wp\/v2\/product"}],"about":[{"href":"https:\/\/geliai.lt\/fi\/wp-json\/wp\/v2\/types\/product"}],"replies":[{"embeddable":true,"href":"https:\/\/geliai.lt\/fi\/wp-json\/wp\/v2\/comments?post=8089"}],"version-history":[{"count":3,"href":"https:\/\/geliai.lt\/fi\/wp-json\/wp\/v2\/product\/8089\/revisions"}],"predecessor-version":[{"id":15726,"href":"https:\/\/geliai.lt\/fi\/wp-json\/wp\/v2\/product\/8089\/revisions\/15726"}],"wp:featuredmedia":[{"embeddable":true,"href":"https:\/\/geliai.lt\/fi\/wp-json\/wp\/v2\/media\/15725"}],"wp:attachment":[{"href":"https:\/\/geliai.lt\/fi\/wp-json\/wp\/v2\/media?parent=8089"}],"wp:term":[{"taxonomy":"product_brand","embeddable":true,"href":"https:\/\/geliai.lt\/fi\/wp-json\/wp\/v2\/product_brand?post=8089"},{"taxonomy":"product_cat","embeddable":true,"href":"https:\/\/geliai.lt\/fi\/wp-json\/wp\/v2\/product_cat?post=8089"},{"taxonomy":"product_tag","embeddable":true,"href":"https:\/\/geliai.lt\/fi\/wp-json\/wp\/v2\/product_tag?post=8089"}],"curies":[{"name":"wp","href":"https:\/\/api.w.org\/{rel}","templated":true}]}}