{"id":8082,"date":"2024-12-14T11:16:57","date_gmt":"2024-12-14T09:16:57","guid":{"rendered":"https:\/\/geliai.lt\/?post_type=product&#038;p=8082"},"modified":"2026-02-26T18:37:16","modified_gmt":"2026-02-26T16:37:16","slug":"monarx-narcissus-186-geelikynsilakka","status":"publish","type":"product","link":"https:\/\/geliai.lt\/fi\/parduotuve\/geliniai-lakai\/monarx-narcissus-186-gelinis-nagu-lakas\/","title":{"rendered":"Monarx Narcissus 186 \u2013 Geelilakka"},"content":{"rendered":"","protected":false},"excerpt":{"rendered":"<h5>Geelilakka \u2013 Monarx Narcissus 186<\/h5>\n<p>Narcissus 186 \u2013 Kirkas ja eloisa kynsilakka<\/p>\n<p>Narcissus 186 -kynsilakka on kirkkaan ja aurinkoisen keltainen s\u00e4vy, joka sopii t\u00e4ydellisesti pohjav\u00e4riksi sek\u00e4 arkip\u00e4iv\u00e4n ett\u00e4 juhlaviin manikyyreihin. T\u00e4t\u00e4 lakkaa voidaan k\u00e4ytt\u00e4\u00e4 sek\u00e4 kynsien kokonaislookin luomiseen ett\u00e4 taustana hienostuneille kes\u00e4kynsille. Yhdist\u00e4 se vaaleanharmaaseen tai mustaan luodaksesi tyylikk\u00e4\u00e4n ja mieleenpainuvan kes\u00e4lookin.<\/p>","protected":false},"featured_media":15731,"comment_status":"open","ping_status":"closed","template":"","meta":[],"product_brand":[290],"product_cat":[178,580,269],"product_tag":[],"class_list":{"0":"post-8082","1":"product","2":"type-product","3":"status-publish","4":"has-post-thumbnail","6":"product_brand-monarx-nails","7":"product_cat-geliniai-lakai","8":"product_cat-nagu-prieziura","9":"product_cat-outfit-collection","11":"first","12":"outofstock","13":"shipping-taxable","14":"purchasable","15":"product-type-simple"},"_links":{"self":[{"href":"https:\/\/geliai.lt\/fi\/wp-json\/wp\/v2\/product\/8082","targetHints":{"allow":["GET"]}}],"collection":[{"href":"https:\/\/geliai.lt\/fi\/wp-json\/wp\/v2\/product"}],"about":[{"href":"https:\/\/geliai.lt\/fi\/wp-json\/wp\/v2\/types\/product"}],"replies":[{"embeddable":true,"href":"https:\/\/geliai.lt\/fi\/wp-json\/wp\/v2\/comments?post=8082"}],"version-history":[{"count":3,"href":"https:\/\/geliai.lt\/fi\/wp-json\/wp\/v2\/product\/8082\/revisions"}],"predecessor-version":[{"id":15732,"href":"https:\/\/geliai.lt\/fi\/wp-json\/wp\/v2\/product\/8082\/revisions\/15732"}],"wp:featuredmedia":[{"embeddable":true,"href":"https:\/\/geliai.lt\/fi\/wp-json\/wp\/v2\/media\/15731"}],"wp:attachment":[{"href":"https:\/\/geliai.lt\/fi\/wp-json\/wp\/v2\/media?parent=8082"}],"wp:term":[{"taxonomy":"product_brand","embeddable":true,"href":"https:\/\/geliai.lt\/fi\/wp-json\/wp\/v2\/product_brand?post=8082"},{"taxonomy":"product_cat","embeddable":true,"href":"https:\/\/geliai.lt\/fi\/wp-json\/wp\/v2\/product_cat?post=8082"},{"taxonomy":"product_tag","embeddable":true,"href":"https:\/\/geliai.lt\/fi\/wp-json\/wp\/v2\/product_tag?post=8082"}],"curies":[{"name":"wp","href":"https:\/\/api.w.org\/{rel}","templated":true}]}}